{"id":64178,"date":"2013-08-09T17:29:36","date_gmt":"2013-08-09T22:29:36","guid":{"rendered":"https:\/\/43ab809dfe.nxcli.io\/produits-de-spa\/spa-jets\/spectre-collection\/downloads\/"},"modified":"2021-07-16T02:30:40","modified_gmt":"2021-07-16T07:30:40","slug":"telechargements","status":"publish","type":"page","link":"https:\/\/www.c-m-p.com\/fr\/produits-de-spa\/spa-jets\/spectre-collection\/telechargements\/","title":{"rendered":"Manuels et litt\u00e9rature"},"content":{"rendered":"<p>Le syst\u00e8me Spectrum vous offre une plate-forme flexible pour cr\u00e9er un look adapt\u00e9 \u00e0 vos go\u00fbts sans les frais d&#8217;outillage personnalis\u00e9. Spectrum&#x2122; offre une solution compl\u00e8te et de qualit\u00e9 pour vos besoins de conception de spa. Disponible dans une large gamme de couleurs personnalis\u00e9es, correspondance des couleurs, y compris des conceptions de poign\u00e9es qui s&#8217;harmonisent avec l&#8217;apparence et la sensation globales de la conception du jet. Tous les syst\u00e8mes Spectrum disposent \u00e9galement d&#8217;options d&#8217;\u00e9clairage LED et d&#8217;acier inoxydable.<\/p>\n","protected":false},"excerpt":{"rendered":"<p>Le syst\u00e8me Spectrum vous offre une plate-forme flexible pour cr\u00e9er un look adapt\u00e9 \u00e0 vos go\u00fbts sans les frais d&#8217;outillage personnalis\u00e9. Spectrum&#x2122; offre une solution compl\u00e8te et de qualit\u00e9 pour vos besoins de conception de spa. Disponible dans une large gamme de couleurs personnalis\u00e9es, correspondance des couleurs, y compris des conceptions de poign\u00e9es qui s&#8217;harmonisent&#8230;  <a href=\"https:\/\/www.c-m-p.com\/fr\/produits-de-spa\/spa-jets\/spectre-collection\/telechargements\/\" title=\"Read Manuels et litt\u00e9rature\">Read more &raquo;<\/a><\/p>\n","protected":false},"author":1,"featured_media":0,"parent":64113,"menu_order":0,"comment_status":"open","ping_status":"open","template":"rci-flex-template.php","meta":{"_acf_changed":false,"_oasis_is_in_workflow":0,"_oasis_original":0,"_mi_skip_tracking":false,"_monsterinsights_sitenote_active":false,"_monsterinsights_sitenote_note":"","_monsterinsights_sitenote_category":0,"footnotes":""},"class_list":["post-64178","page","type-page","status-publish","hentry"],"acf":[],"yoast_head":"<!-- This site is optimized with the Yoast SEO plugin v27.2 - https:\/\/yoast.com\/product\/yoast-seo-wordpress\/ -->\n<title>T\u00e9l\u00e9chargements du syst\u00e8me Spectrum Jet - CMP<\/title>\n<meta name=\"robots\" content=\"index, follow, max-snippet:-1, max-image-preview:large, max-video-preview:-1\" \/>\n<link rel=\"canonical\" href=\"https:\/\/c-m-p.com\/fr\/produits-de-spa\/spa-jets\/spectre-collection\/telechargements\/\" \/>\n<meta property=\"og:locale\" content=\"fr_FR\" \/>\n<meta property=\"og:type\" content=\"article\" \/>\n<meta property=\"og:title\" content=\"T\u00e9l\u00e9chargements du syst\u00e8me Spectrum Jet - CMP\" \/>\n<meta property=\"og:description\" content=\"Le syst\u00e8me Spectrum vous offre une plate-forme flexible pour cr\u00e9er un look adapt\u00e9 \u00e0 vos go\u00fbts sans les frais d&#8217;outillage personnalis\u00e9. Spectrum&#x2122; offre une solution compl\u00e8te et de qualit\u00e9 pour vos besoins de conception de spa. Disponible dans une large gamme de couleurs personnalis\u00e9es, correspondance des couleurs, y compris des conceptions de poign\u00e9es qui s&#8217;harmonisent... Read more &raquo;\" \/>\n<meta property=\"og:url\" content=\"https:\/\/c-m-p.com\/fr\/produits-de-spa\/spa-jets\/spectre-collection\/telechargements\/\" \/>\n<meta property=\"og:site_name\" content=\"CMP\" \/>\n<meta property=\"article:modified_time\" content=\"2021-07-16T07:30:40+00:00\" \/>\n<script type=\"application\/ld+json\" class=\"yoast-schema-graph\">{\"@context\":\"https:\/\/schema.org\",\"@graph\":[{\"@type\":\"WebPage\",\"@id\":\"https:\/\/c-m-p.com\/fr\/produits-de-spa\/spa-jets\/spectre-collection\/telechargements\/\",\"url\":\"https:\/\/c-m-p.com\/fr\/produits-de-spa\/spa-jets\/spectre-collection\/telechargements\/\",\"name\":\"T\u00e9l\u00e9chargements du syst\u00e8me Spectrum Jet - CMP\",\"isPartOf\":{\"@id\":\"https:\/\/c-m-p.com\/#website\"},\"datePublished\":\"2013-08-09T22:29:36+00:00\",\"dateModified\":\"2021-07-16T07:30:40+00:00\",\"breadcrumb\":{\"@id\":\"https:\/\/c-m-p.com\/fr\/produits-de-spa\/spa-jets\/spectre-collection\/telechargements\/#breadcrumb\"},\"inLanguage\":\"fr-FR\",\"potentialAction\":[{\"@type\":\"ReadAction\",\"target\":[\"https:\/\/c-m-p.com\/fr\/produits-de-spa\/spa-jets\/spectre-collection\/telechargements\/\"]}]},{\"@type\":\"BreadcrumbList\",\"@id\":\"https:\/\/c-m-p.com\/fr\/produits-de-spa\/spa-jets\/spectre-collection\/telechargements\/#breadcrumb\",\"itemListElement\":[{\"@type\":\"ListItem\",\"position\":1,\"name\":\"Home\",\"item\":\"https:\/\/c-m-p.com\/fr\/\"},{\"@type\":\"ListItem\",\"position\":2,\"name\":\"Produits de Spa\",\"item\":\"https:\/\/c-m-p.com\/fr\/produits-de-spa\/\"},{\"@type\":\"ListItem\",\"position\":3,\"name\":\"Jets de spa\",\"item\":\"https:\/\/c-m-p.com\/fr\/produits-de-spa\/spa-jets\/\"},{\"@type\":\"ListItem\",\"position\":4,\"name\":\"Collection de spectre\",\"item\":\"https:\/\/c-m-p.com\/fr\/produits-de-spa\/spa-jets\/spectre-collection\/\"},{\"@type\":\"ListItem\",\"position\":5,\"name\":\"Manuels et litt\u00e9rature\"}]},{\"@type\":\"WebSite\",\"@id\":\"https:\/\/c-m-p.com\/#website\",\"url\":\"https:\/\/c-m-p.com\/\",\"name\":\"CMP\",\"description\":\"Pool Products, Spa and Hot Tub Products\",\"publisher\":{\"@id\":\"https:\/\/c-m-p.com\/#organization\"},\"potentialAction\":[{\"@type\":\"SearchAction\",\"target\":{\"@type\":\"EntryPoint\",\"urlTemplate\":\"https:\/\/c-m-p.com\/?s={search_term_string}\"},\"query-input\":{\"@type\":\"PropertyValueSpecification\",\"valueRequired\":true,\"valueName\":\"search_term_string\"}}],\"inLanguage\":\"fr-FR\"},{\"@type\":\"Organization\",\"@id\":\"https:\/\/c-m-p.com\/#organization\",\"name\":\"CMP Pool & Spa Products\",\"url\":\"https:\/\/c-m-p.com\/\",\"logo\":{\"@type\":\"ImageObject\",\"inLanguage\":\"fr-FR\",\"@id\":\"https:\/\/c-m-p.com\/#\/schema\/logo\/image\/\",\"url\":\"https:\/\/43ab809dfe.nxcli.io\/wp-content\/uploads\/2013\/10\/2013-CMP-Logo.jpg\",\"contentUrl\":\"https:\/\/43ab809dfe.nxcli.io\/wp-content\/uploads\/2013\/10\/2013-CMP-Logo.jpg\",\"width\":1000,\"height\":247,\"caption\":\"CMP Pool & Spa Products\"},\"image\":{\"@id\":\"https:\/\/c-m-p.com\/#\/schema\/logo\/image\/\"}}]}<\/script>\n<!-- \/ Yoast SEO plugin. -->","yoast_head_json":{"title":"T\u00e9l\u00e9chargements du syst\u00e8me Spectrum Jet - CMP","robots":{"index":"index","follow":"follow","max-snippet":"max-snippet:-1","max-image-preview":"max-image-preview:large","max-video-preview":"max-video-preview:-1"},"canonical":"https:\/\/c-m-p.com\/fr\/produits-de-spa\/spa-jets\/spectre-collection\/telechargements\/","og_locale":"fr_FR","og_type":"article","og_title":"T\u00e9l\u00e9chargements du syst\u00e8me Spectrum Jet - CMP","og_description":"Le syst\u00e8me Spectrum vous offre une plate-forme flexible pour cr\u00e9er un look adapt\u00e9 \u00e0 vos go\u00fbts sans les frais d&#8217;outillage personnalis\u00e9. Spectrum&#x2122; offre une solution compl\u00e8te et de qualit\u00e9 pour vos besoins de conception de spa. Disponible dans une large gamme de couleurs personnalis\u00e9es, correspondance des couleurs, y compris des conceptions de poign\u00e9es qui s&#8217;harmonisent... Read more &raquo;","og_url":"https:\/\/c-m-p.com\/fr\/produits-de-spa\/spa-jets\/spectre-collection\/telechargements\/","og_site_name":"CMP","article_modified_time":"2021-07-16T07:30:40+00:00","schema":{"@context":"https:\/\/schema.org","@graph":[{"@type":"WebPage","@id":"https:\/\/c-m-p.com\/fr\/produits-de-spa\/spa-jets\/spectre-collection\/telechargements\/","url":"https:\/\/c-m-p.com\/fr\/produits-de-spa\/spa-jets\/spectre-collection\/telechargements\/","name":"T\u00e9l\u00e9chargements du syst\u00e8me Spectrum Jet - CMP","isPartOf":{"@id":"https:\/\/c-m-p.com\/#website"},"datePublished":"2013-08-09T22:29:36+00:00","dateModified":"2021-07-16T07:30:40+00:00","breadcrumb":{"@id":"https:\/\/c-m-p.com\/fr\/produits-de-spa\/spa-jets\/spectre-collection\/telechargements\/#breadcrumb"},"inLanguage":"fr-FR","potentialAction":[{"@type":"ReadAction","target":["https:\/\/c-m-p.com\/fr\/produits-de-spa\/spa-jets\/spectre-collection\/telechargements\/"]}]},{"@type":"BreadcrumbList","@id":"https:\/\/c-m-p.com\/fr\/produits-de-spa\/spa-jets\/spectre-collection\/telechargements\/#breadcrumb","itemListElement":[{"@type":"ListItem","position":1,"name":"Home","item":"https:\/\/c-m-p.com\/fr\/"},{"@type":"ListItem","position":2,"name":"Produits de Spa","item":"https:\/\/c-m-p.com\/fr\/produits-de-spa\/"},{"@type":"ListItem","position":3,"name":"Jets de spa","item":"https:\/\/c-m-p.com\/fr\/produits-de-spa\/spa-jets\/"},{"@type":"ListItem","position":4,"name":"Collection de spectre","item":"https:\/\/c-m-p.com\/fr\/produits-de-spa\/spa-jets\/spectre-collection\/"},{"@type":"ListItem","position":5,"name":"Manuels et litt\u00e9rature"}]},{"@type":"WebSite","@id":"https:\/\/c-m-p.com\/#website","url":"https:\/\/c-m-p.com\/","name":"CMP","description":"Pool Products, Spa and Hot Tub Products","publisher":{"@id":"https:\/\/c-m-p.com\/#organization"},"potentialAction":[{"@type":"SearchAction","target":{"@type":"EntryPoint","urlTemplate":"https:\/\/c-m-p.com\/?s={search_term_string}"},"query-input":{"@type":"PropertyValueSpecification","valueRequired":true,"valueName":"search_term_string"}}],"inLanguage":"fr-FR"},{"@type":"Organization","@id":"https:\/\/c-m-p.com\/#organization","name":"CMP Pool & Spa Products","url":"https:\/\/c-m-p.com\/","logo":{"@type":"ImageObject","inLanguage":"fr-FR","@id":"https:\/\/c-m-p.com\/#\/schema\/logo\/image\/","url":"https:\/\/43ab809dfe.nxcli.io\/wp-content\/uploads\/2013\/10\/2013-CMP-Logo.jpg","contentUrl":"https:\/\/43ab809dfe.nxcli.io\/wp-content\/uploads\/2013\/10\/2013-CMP-Logo.jpg","width":1000,"height":247,"caption":"CMP Pool & Spa Products"},"image":{"@id":"https:\/\/c-m-p.com\/#\/schema\/logo\/image\/"}}]}},"_links":{"self":[{"href":"https:\/\/www.c-m-p.com\/fr\/wp-json\/wp\/v2\/pages\/64178","targetHints":{"allow":["GET"]}}],"collection":[{"href":"https:\/\/www.c-m-p.com\/fr\/wp-json\/wp\/v2\/pages"}],"about":[{"href":"https:\/\/www.c-m-p.com\/fr\/wp-json\/wp\/v2\/types\/page"}],"author":[{"embeddable":true,"href":"https:\/\/www.c-m-p.com\/fr\/wp-json\/wp\/v2\/users\/1"}],"replies":[{"embeddable":true,"href":"https:\/\/www.c-m-p.com\/fr\/wp-json\/wp\/v2\/comments?post=64178"}],"version-history":[{"count":0,"href":"https:\/\/www.c-m-p.com\/fr\/wp-json\/wp\/v2\/pages\/64178\/revisions"}],"up":[{"embeddable":true,"href":"https:\/\/www.c-m-p.com\/fr\/wp-json\/wp\/v2\/pages\/64113"}],"wp:attachment":[{"href":"https:\/\/www.c-m-p.com\/fr\/wp-json\/wp\/v2\/media?parent=64178"}],"curies":[{"name":"wp","href":"https:\/\/api.w.org\/{rel}","templated":true}]}}