{"id":65384,"date":"2020-12-03T11:53:56","date_gmt":"2020-12-03T16:53:56","guid":{"rendered":"https:\/\/43ab809dfe.nxcli.io\/produits-de-piscine\/bobo\/bobe-feu-table\/manuals-literature\/"},"modified":"2021-07-20T02:13:07","modified_gmt":"2021-07-20T07:13:07","slug":"manuels-litterature","status":"publish","type":"page","link":"https:\/\/www.c-m-p.com\/fr\/produits-de-piscine\/bobo\/bobe-feu-table\/manuels-litterature\/","title":{"rendered":"Manuels et litt\u00e9rature"},"content":{"rendered":"<p>Bob\u00e9 Fire Pots &#038; Fire Tables-Auto Installation Manual<br \/>\nBob\u00e9 Fire Pots &#038; Fire Tables-Manual Installation Manual<br \/>\nBob\u00e9 Water &#038; Fire Products Catalog<br \/>\nBob\u00e9 Product Component List<br \/>\nBob\u00e9 Fire Reference for New Installation<br \/>\nBob\u00e9 Fire Reference for Existing Installation<br \/>\nBob\u00e9 Auto Igniter Installation Manual<br \/>\nBob\u00e9 Material Care Guide<br \/>\nBob\u00e9 Fire Pots &#038; Tables Brochure<\/p>\n","protected":false},"excerpt":{"rendered":"<p>Bob\u00e9 Fire Pots &#038; Fire Tables-Auto Installation Manual Bob\u00e9 Fire Pots &#038; Fire Tables-Manual Installation Manual Bob\u00e9 Water &#038; Fire Products Catalog Bob\u00e9 Product Component List Bob\u00e9 Fire Reference for New Installation Bob\u00e9 Fire Reference for Existing Installation Bob\u00e9 Auto Igniter Installation Manual Bob\u00e9 Material Care Guide Bob\u00e9 Fire Pots &#038; Tables Brochure<\/p>\n","protected":false},"author":10,"featured_media":0,"parent":65362,"menu_order":200,"comment_status":"closed","ping_status":"closed","template":"rci-flex-template.php","meta":{"_acf_changed":false,"_oasis_is_in_workflow":0,"_oasis_original":0,"_mi_skip_tracking":false,"_monsterinsights_sitenote_active":false,"_monsterinsights_sitenote_note":"","_monsterinsights_sitenote_category":0,"footnotes":""},"class_list":["post-65384","page","type-page","status-publish","hentry"],"acf":[],"yoast_head":"<!-- This site is optimized with the Yoast SEO plugin v27.2 - https:\/\/yoast.com\/product\/yoast-seo-wordpress\/ -->\n<title>Manuels et litt\u00e9rature - CMP<\/title>\n<meta name=\"robots\" content=\"index, follow, max-snippet:-1, max-image-preview:large, max-video-preview:-1\" \/>\n<link rel=\"canonical\" href=\"https:\/\/c-m-p.com\/fr\/produits-de-piscine\/bobo\/bobe-feu-table\/manuels-litterature\/\" \/>\n<meta property=\"og:locale\" content=\"fr_FR\" \/>\n<meta property=\"og:type\" content=\"article\" \/>\n<meta property=\"og:title\" content=\"Manuels et litt\u00e9rature - CMP\" \/>\n<meta property=\"og:description\" content=\"Bob\u00e9 Fire Pots &#038; Fire Tables-Auto Installation Manual Bob\u00e9 Fire Pots &#038; Fire Tables-Manual Installation Manual Bob\u00e9 Water &#038; Fire Products Catalog Bob\u00e9 Product Component List Bob\u00e9 Fire Reference for New Installation Bob\u00e9 Fire Reference for Existing Installation Bob\u00e9 Auto Igniter Installation Manual Bob\u00e9 Material Care Guide Bob\u00e9 Fire Pots &#038; Tables Brochure\" \/>\n<meta property=\"og:url\" content=\"https:\/\/c-m-p.com\/fr\/produits-de-piscine\/bobo\/bobe-feu-table\/manuels-litterature\/\" \/>\n<meta property=\"og:site_name\" content=\"CMP\" \/>\n<meta property=\"article:modified_time\" content=\"2021-07-20T07:13:07+00:00\" \/>\n<script type=\"application\/ld+json\" class=\"yoast-schema-graph\">{\"@context\":\"https:\/\/schema.org\",\"@graph\":[{\"@type\":\"WebPage\",\"@id\":\"https:\/\/c-m-p.com\/fr\/produits-de-piscine\/bobo\/bobe-feu-table\/manuels-litterature\/\",\"url\":\"https:\/\/c-m-p.com\/fr\/produits-de-piscine\/bobo\/bobe-feu-table\/manuels-litterature\/\",\"name\":\"Manuels et litt\u00e9rature - CMP\",\"isPartOf\":{\"@id\":\"https:\/\/c-m-p.com\/#website\"},\"datePublished\":\"2020-12-03T16:53:56+00:00\",\"dateModified\":\"2021-07-20T07:13:07+00:00\",\"breadcrumb\":{\"@id\":\"https:\/\/c-m-p.com\/fr\/produits-de-piscine\/bobo\/bobe-feu-table\/manuels-litterature\/#breadcrumb\"},\"inLanguage\":\"fr-FR\",\"potentialAction\":[{\"@type\":\"ReadAction\",\"target\":[\"https:\/\/c-m-p.com\/fr\/produits-de-piscine\/bobo\/bobe-feu-table\/manuels-litterature\/\"]}]},{\"@type\":\"BreadcrumbList\",\"@id\":\"https:\/\/c-m-p.com\/fr\/produits-de-piscine\/bobo\/bobe-feu-table\/manuels-litterature\/#breadcrumb\",\"itemListElement\":[{\"@type\":\"ListItem\",\"position\":1,\"name\":\"Home\",\"item\":\"https:\/\/c-m-p.com\/fr\/\"},{\"@type\":\"ListItem\",\"position\":2,\"name\":\"Produits de piscine\",\"item\":\"https:\/\/c-m-p.com\/fr\/produits-de-piscine\/\"},{\"@type\":\"ListItem\",\"position\":3,\"name\":\"Bob\u00e9\u00ae Eau &#038; Feu\",\"item\":\"https:\/\/c-m-p.com\/fr\/produits-de-piscine\/bobo\/\"},{\"@type\":\"ListItem\",\"position\":4,\"name\":\"Tables Foyer Bob\u00e9\",\"item\":\"https:\/\/c-m-p.com\/fr\/produits-de-piscine\/bobo\/bobe-feu-table\/\"},{\"@type\":\"ListItem\",\"position\":5,\"name\":\"Manuels et litt\u00e9rature\"}]},{\"@type\":\"WebSite\",\"@id\":\"https:\/\/c-m-p.com\/#website\",\"url\":\"https:\/\/c-m-p.com\/\",\"name\":\"CMP\",\"description\":\"Pool Products, Spa and Hot Tub Products\",\"publisher\":{\"@id\":\"https:\/\/c-m-p.com\/#organization\"},\"potentialAction\":[{\"@type\":\"SearchAction\",\"target\":{\"@type\":\"EntryPoint\",\"urlTemplate\":\"https:\/\/c-m-p.com\/?s={search_term_string}\"},\"query-input\":{\"@type\":\"PropertyValueSpecification\",\"valueRequired\":true,\"valueName\":\"search_term_string\"}}],\"inLanguage\":\"fr-FR\"},{\"@type\":\"Organization\",\"@id\":\"https:\/\/c-m-p.com\/#organization\",\"name\":\"CMP Pool & Spa Products\",\"url\":\"https:\/\/c-m-p.com\/\",\"logo\":{\"@type\":\"ImageObject\",\"inLanguage\":\"fr-FR\",\"@id\":\"https:\/\/c-m-p.com\/#\/schema\/logo\/image\/\",\"url\":\"https:\/\/43ab809dfe.nxcli.io\/wp-content\/uploads\/2013\/10\/2013-CMP-Logo.jpg\",\"contentUrl\":\"https:\/\/43ab809dfe.nxcli.io\/wp-content\/uploads\/2013\/10\/2013-CMP-Logo.jpg\",\"width\":1000,\"height\":247,\"caption\":\"CMP Pool & Spa Products\"},\"image\":{\"@id\":\"https:\/\/c-m-p.com\/#\/schema\/logo\/image\/\"}}]}<\/script>\n<!-- \/ Yoast SEO plugin. -->","yoast_head_json":{"title":"Manuels et litt\u00e9rature - CMP","robots":{"index":"index","follow":"follow","max-snippet":"max-snippet:-1","max-image-preview":"max-image-preview:large","max-video-preview":"max-video-preview:-1"},"canonical":"https:\/\/c-m-p.com\/fr\/produits-de-piscine\/bobo\/bobe-feu-table\/manuels-litterature\/","og_locale":"fr_FR","og_type":"article","og_title":"Manuels et litt\u00e9rature - CMP","og_description":"Bob\u00e9 Fire Pots &#038; Fire Tables-Auto Installation Manual Bob\u00e9 Fire Pots &#038; Fire Tables-Manual Installation Manual Bob\u00e9 Water &#038; Fire Products Catalog Bob\u00e9 Product Component List Bob\u00e9 Fire Reference for New Installation Bob\u00e9 Fire Reference for Existing Installation Bob\u00e9 Auto Igniter Installation Manual Bob\u00e9 Material Care Guide Bob\u00e9 Fire Pots &#038; Tables Brochure","og_url":"https:\/\/c-m-p.com\/fr\/produits-de-piscine\/bobo\/bobe-feu-table\/manuels-litterature\/","og_site_name":"CMP","article_modified_time":"2021-07-20T07:13:07+00:00","schema":{"@context":"https:\/\/schema.org","@graph":[{"@type":"WebPage","@id":"https:\/\/c-m-p.com\/fr\/produits-de-piscine\/bobo\/bobe-feu-table\/manuels-litterature\/","url":"https:\/\/c-m-p.com\/fr\/produits-de-piscine\/bobo\/bobe-feu-table\/manuels-litterature\/","name":"Manuels et litt\u00e9rature - CMP","isPartOf":{"@id":"https:\/\/c-m-p.com\/#website"},"datePublished":"2020-12-03T16:53:56+00:00","dateModified":"2021-07-20T07:13:07+00:00","breadcrumb":{"@id":"https:\/\/c-m-p.com\/fr\/produits-de-piscine\/bobo\/bobe-feu-table\/manuels-litterature\/#breadcrumb"},"inLanguage":"fr-FR","potentialAction":[{"@type":"ReadAction","target":["https:\/\/c-m-p.com\/fr\/produits-de-piscine\/bobo\/bobe-feu-table\/manuels-litterature\/"]}]},{"@type":"BreadcrumbList","@id":"https:\/\/c-m-p.com\/fr\/produits-de-piscine\/bobo\/bobe-feu-table\/manuels-litterature\/#breadcrumb","itemListElement":[{"@type":"ListItem","position":1,"name":"Home","item":"https:\/\/c-m-p.com\/fr\/"},{"@type":"ListItem","position":2,"name":"Produits de piscine","item":"https:\/\/c-m-p.com\/fr\/produits-de-piscine\/"},{"@type":"ListItem","position":3,"name":"Bob\u00e9\u00ae Eau &#038; Feu","item":"https:\/\/c-m-p.com\/fr\/produits-de-piscine\/bobo\/"},{"@type":"ListItem","position":4,"name":"Tables Foyer Bob\u00e9","item":"https:\/\/c-m-p.com\/fr\/produits-de-piscine\/bobo\/bobe-feu-table\/"},{"@type":"ListItem","position":5,"name":"Manuels et litt\u00e9rature"}]},{"@type":"WebSite","@id":"https:\/\/c-m-p.com\/#website","url":"https:\/\/c-m-p.com\/","name":"CMP","description":"Pool Products, Spa and Hot Tub Products","publisher":{"@id":"https:\/\/c-m-p.com\/#organization"},"potentialAction":[{"@type":"SearchAction","target":{"@type":"EntryPoint","urlTemplate":"https:\/\/c-m-p.com\/?s={search_term_string}"},"query-input":{"@type":"PropertyValueSpecification","valueRequired":true,"valueName":"search_term_string"}}],"inLanguage":"fr-FR"},{"@type":"Organization","@id":"https:\/\/c-m-p.com\/#organization","name":"CMP Pool & Spa Products","url":"https:\/\/c-m-p.com\/","logo":{"@type":"ImageObject","inLanguage":"fr-FR","@id":"https:\/\/c-m-p.com\/#\/schema\/logo\/image\/","url":"https:\/\/43ab809dfe.nxcli.io\/wp-content\/uploads\/2013\/10\/2013-CMP-Logo.jpg","contentUrl":"https:\/\/43ab809dfe.nxcli.io\/wp-content\/uploads\/2013\/10\/2013-CMP-Logo.jpg","width":1000,"height":247,"caption":"CMP Pool & Spa Products"},"image":{"@id":"https:\/\/c-m-p.com\/#\/schema\/logo\/image\/"}}]}},"_links":{"self":[{"href":"https:\/\/www.c-m-p.com\/fr\/wp-json\/wp\/v2\/pages\/65384","targetHints":{"allow":["GET"]}}],"collection":[{"href":"https:\/\/www.c-m-p.com\/fr\/wp-json\/wp\/v2\/pages"}],"about":[{"href":"https:\/\/www.c-m-p.com\/fr\/wp-json\/wp\/v2\/types\/page"}],"author":[{"embeddable":true,"href":"https:\/\/www.c-m-p.com\/fr\/wp-json\/wp\/v2\/users\/10"}],"replies":[{"embeddable":true,"href":"https:\/\/www.c-m-p.com\/fr\/wp-json\/wp\/v2\/comments?post=65384"}],"version-history":[{"count":0,"href":"https:\/\/www.c-m-p.com\/fr\/wp-json\/wp\/v2\/pages\/65384\/revisions"}],"up":[{"embeddable":true,"href":"https:\/\/www.c-m-p.com\/fr\/wp-json\/wp\/v2\/pages\/65362"}],"wp:attachment":[{"href":"https:\/\/www.c-m-p.com\/fr\/wp-json\/wp\/v2\/media?parent=65384"}],"curies":[{"name":"wp","href":"https:\/\/api.w.org\/{rel}","templated":true}]}}