{"id":66089,"date":"2020-08-19T10:20:14","date_gmt":"2020-08-19T15:20:14","guid":{"rendered":"https:\/\/43ab809dfe.nxcli.io\/produits-de-piscine\/piscine-assainisseurs\/del-aop\/help-info\/"},"modified":"2021-08-06T00:33:05","modified_gmt":"2021-08-06T05:33:05","slug":"aide-info","status":"publish","type":"page","link":"https:\/\/www.c-m-p.com\/fr\/produits-de-piscine\/piscine-assainisseurs\/del-aop\/aide-info\/","title":{"rendered":"AIDE ET RESSOURCES"},"content":{"rendered":"<p>Poign\u00e9e &#8220;S&#8221;<br \/>\nInstallation \u00e9tape par \u00e9tape<br \/>\nhttps:\/\/www.c-m-p.com\/tech-center\/installation-line\/del\/<br \/>\n<img decoding=\"async\" width=\"200\" height=\"200\" src=\"https:\/\/www.c-m-p.com\/wp-content\/uploads\/2020\/02\/tech-center-logo-icon.png\" class=\"attachment-full size-full\" alt=\"\" loading=\"lazy\" srcset=\"https:\/\/www.c-m-p.com\/wp-content\/uploads\/2020\/02\/tech-center-logo-icon.png 200w, https:\/\/www.c-m-p.com\/wp-content\/uploads\/2020\/02\/tech-center-logo-icon-150x150.png 150w\" sizes=\"auto, (max-width: 200px) 100vw, 200px\" \/><br \/>\nManuels et litt\u00e9rature<br \/>\nEntretien et r\u00e9paration<br \/>\nhttps:\/\/www.c-m-p.com\/tech-center\/repair-line\/del\/<br \/>\n<img decoding=\"async\" width=\"200\" height=\"200\" src=\"https:\/\/www.c-m-p.com\/wp-content\/uploads\/2020\/01\/warning-icon.png\" class=\"attachment-full size-full\" alt=\"\" loading=\"lazy\" srcset=\"https:\/\/www.c-m-p.com\/wp-content\/uploads\/2020\/01\/warning-icon.png 200w, https:\/\/www.c-m-p.com\/wp-content\/uploads\/2020\/01\/warning-icon-150x150.png 150w\" sizes=\"auto, (max-width: 200px) 100vw, 200px\" \/><\/p>\n<p>Questions fr\u00e9quemment pos\u00e9es<br \/>\nhttps:\/\/www.c-m-p.com\/tech-center\/faq-line\/del\/<br \/>\n<img decoding=\"async\" width=\"200\" height=\"200\" src=\"https:\/\/www.c-m-p.com\/wp-content\/uploads\/2020\/01\/question-icon.png\" class=\"attachment-full size-full\" alt=\"\" loading=\"lazy\" srcset=\"https:\/\/www.c-m-p.com\/wp-content\/uploads\/2020\/01\/question-icon.png 200w, https:\/\/www.c-m-p.com\/wp-content\/uploads\/2020\/01\/question-icon-150x150.png 150w\" sizes=\"auto, (max-width: 200px) 100vw, 200px\" \/><br \/>\nPoign\u00e9e &#8220;S&#8221;<br \/>\nVid\u00e9os, articles et autres ressources<br \/>\nhttps:\/\/www.c-m-p.com\/fr\/?s=aop<br \/>\n<img decoding=\"async\" width=\"200\" height=\"200\" src=\"https:\/\/www.c-m-p.com\/wp-content\/uploads\/2020\/01\/info-icon.png\" class=\"attachment-full size-full\" alt=\"\" loading=\"lazy\" srcset=\"https:\/\/www.c-m-p.com\/wp-content\/uploads\/2020\/01\/info-icon.png 200w, https:\/\/www.c-m-p.com\/wp-content\/uploads\/2020\/01\/info-icon-150x150.png 150w\" sizes=\"auto, (max-width: 200px) 100vw, 200px\" \/><\/p>\n","protected":false},"excerpt":{"rendered":"<p>Poign\u00e9e &#8220;S&#8221; Installation \u00e9tape par \u00e9tape https:\/\/www.c-m-p.com\/tech-center\/installation-line\/del\/ Manuels et litt\u00e9rature Entretien et r\u00e9paration https:\/\/www.c-m-p.com\/tech-center\/repair-line\/del\/ Questions fr\u00e9quemment pos\u00e9es https:\/\/www.c-m-p.com\/tech-center\/faq-line\/del\/ Poign\u00e9e &#8220;S&#8221; Vid\u00e9os, articles et autres ressources https:\/\/www.c-m-p.com\/fr\/?s=aop<\/p>\n","protected":false},"author":4,"featured_media":0,"parent":66033,"menu_order":0,"comment_status":"closed","ping_status":"closed","template":"rci-flex-template.php","meta":{"_acf_changed":false,"_oasis_is_in_workflow":0,"_oasis_original":0,"_mi_skip_tracking":false,"_monsterinsights_sitenote_active":false,"_monsterinsights_sitenote_note":"","_monsterinsights_sitenote_category":0,"footnotes":""},"class_list":["post-66089","page","type-page","status-publish","hentry"],"acf":[],"yoast_head":"<!-- This site is optimized with the Yoast SEO plugin v27.2 - https:\/\/yoast.com\/product\/yoast-seo-wordpress\/ -->\n<title>AIDE ET RESSOURCES - CMP<\/title>\n<meta name=\"robots\" content=\"index, follow, max-snippet:-1, max-image-preview:large, max-video-preview:-1\" \/>\n<link rel=\"canonical\" href=\"https:\/\/c-m-p.com\/fr\/produits-de-piscine\/piscine-assainisseurs\/del-aop\/aide-info\/\" \/>\n<meta property=\"og:locale\" content=\"fr_FR\" \/>\n<meta property=\"og:type\" content=\"article\" \/>\n<meta property=\"og:title\" content=\"AIDE ET RESSOURCES - CMP\" \/>\n<meta property=\"og:description\" content=\"Poign\u00e9e &#8220;S&#8221; Installation \u00e9tape par \u00e9tape https:\/\/www.c-m-p.com\/tech-center\/installation-line\/del\/ Manuels et litt\u00e9rature Entretien et r\u00e9paration https:\/\/www.c-m-p.com\/tech-center\/repair-line\/del\/ Questions fr\u00e9quemment pos\u00e9es https:\/\/www.c-m-p.com\/tech-center\/faq-line\/del\/ Poign\u00e9e &#8220;S&#8221; Vid\u00e9os, articles et autres ressources https:\/\/www.c-m-p.com\/fr\/?s=aop\" \/>\n<meta property=\"og:url\" content=\"https:\/\/c-m-p.com\/fr\/produits-de-piscine\/piscine-assainisseurs\/del-aop\/aide-info\/\" \/>\n<meta property=\"og:site_name\" content=\"CMP\" \/>\n<meta property=\"article:modified_time\" content=\"2021-08-06T05:33:05+00:00\" \/>\n<meta property=\"og:image\" content=\"https:\/\/c-m-p.com\/wp-content\/uploads\/2020\/02\/tech-center-logo-icon.png\" \/>\n<script type=\"application\/ld+json\" class=\"yoast-schema-graph\">{\"@context\":\"https:\/\/schema.org\",\"@graph\":[{\"@type\":\"WebPage\",\"@id\":\"https:\/\/c-m-p.com\/fr\/produits-de-piscine\/piscine-assainisseurs\/del-aop\/aide-info\/\",\"url\":\"https:\/\/c-m-p.com\/fr\/produits-de-piscine\/piscine-assainisseurs\/del-aop\/aide-info\/\",\"name\":\"AIDE ET RESSOURCES - CMP\",\"isPartOf\":{\"@id\":\"https:\/\/c-m-p.com\/#website\"},\"primaryImageOfPage\":{\"@id\":\"https:\/\/c-m-p.com\/fr\/produits-de-piscine\/piscine-assainisseurs\/del-aop\/aide-info\/#primaryimage\"},\"image\":{\"@id\":\"https:\/\/c-m-p.com\/fr\/produits-de-piscine\/piscine-assainisseurs\/del-aop\/aide-info\/#primaryimage\"},\"thumbnailUrl\":\"https:\/\/www.c-m-p.com\/wp-content\/uploads\/2020\/02\/tech-center-logo-icon.png\",\"datePublished\":\"2020-08-19T15:20:14+00:00\",\"dateModified\":\"2021-08-06T05:33:05+00:00\",\"breadcrumb\":{\"@id\":\"https:\/\/c-m-p.com\/fr\/produits-de-piscine\/piscine-assainisseurs\/del-aop\/aide-info\/#breadcrumb\"},\"inLanguage\":\"fr-FR\",\"potentialAction\":[{\"@type\":\"ReadAction\",\"target\":[\"https:\/\/c-m-p.com\/fr\/produits-de-piscine\/piscine-assainisseurs\/del-aop\/aide-info\/\"]}]},{\"@type\":\"ImageObject\",\"inLanguage\":\"fr-FR\",\"@id\":\"https:\/\/c-m-p.com\/fr\/produits-de-piscine\/piscine-assainisseurs\/del-aop\/aide-info\/#primaryimage\",\"url\":\"https:\/\/www.c-m-p.com\/wp-content\/uploads\/2020\/02\/tech-center-logo-icon.png\",\"contentUrl\":\"https:\/\/www.c-m-p.com\/wp-content\/uploads\/2020\/02\/tech-center-logo-icon.png\"},{\"@type\":\"BreadcrumbList\",\"@id\":\"https:\/\/c-m-p.com\/fr\/produits-de-piscine\/piscine-assainisseurs\/del-aop\/aide-info\/#breadcrumb\",\"itemListElement\":[{\"@type\":\"ListItem\",\"position\":1,\"name\":\"Home\",\"item\":\"https:\/\/c-m-p.com\/fr\/\"},{\"@type\":\"ListItem\",\"position\":2,\"name\":\"Produits de piscine\",\"item\":\"https:\/\/c-m-p.com\/fr\/produits-de-piscine\/\"},{\"@type\":\"ListItem\",\"position\":3,\"name\":\"Syst\u00e8mes de d\u00e9sinfection de piscine\",\"item\":\"https:\/\/c-m-p.com\/fr\/produits-de-piscine\/piscine-assainisseurs\/\"},{\"@type\":\"ListItem\",\"position\":4,\"name\":\"DEL AOP\u00ae\",\"item\":\"https:\/\/c-m-p.com\/fr\/produits-de-piscine\/piscine-assainisseurs\/del-aop\/\"},{\"@type\":\"ListItem\",\"position\":5,\"name\":\"AIDE ET RESSOURCES\"}]},{\"@type\":\"WebSite\",\"@id\":\"https:\/\/c-m-p.com\/#website\",\"url\":\"https:\/\/c-m-p.com\/\",\"name\":\"CMP\",\"description\":\"Pool Products, Spa and Hot Tub Products\",\"publisher\":{\"@id\":\"https:\/\/c-m-p.com\/#organization\"},\"potentialAction\":[{\"@type\":\"SearchAction\",\"target\":{\"@type\":\"EntryPoint\",\"urlTemplate\":\"https:\/\/c-m-p.com\/?s={search_term_string}\"},\"query-input\":{\"@type\":\"PropertyValueSpecification\",\"valueRequired\":true,\"valueName\":\"search_term_string\"}}],\"inLanguage\":\"fr-FR\"},{\"@type\":\"Organization\",\"@id\":\"https:\/\/c-m-p.com\/#organization\",\"name\":\"CMP Pool & Spa Products\",\"url\":\"https:\/\/c-m-p.com\/\",\"logo\":{\"@type\":\"ImageObject\",\"inLanguage\":\"fr-FR\",\"@id\":\"https:\/\/c-m-p.com\/#\/schema\/logo\/image\/\",\"url\":\"https:\/\/43ab809dfe.nxcli.io\/wp-content\/uploads\/2013\/10\/2013-CMP-Logo.jpg\",\"contentUrl\":\"https:\/\/43ab809dfe.nxcli.io\/wp-content\/uploads\/2013\/10\/2013-CMP-Logo.jpg\",\"width\":1000,\"height\":247,\"caption\":\"CMP Pool & Spa Products\"},\"image\":{\"@id\":\"https:\/\/c-m-p.com\/#\/schema\/logo\/image\/\"}}]}<\/script>\n<!-- \/ Yoast SEO plugin. -->","yoast_head_json":{"title":"AIDE ET RESSOURCES - CMP","robots":{"index":"index","follow":"follow","max-snippet":"max-snippet:-1","max-image-preview":"max-image-preview:large","max-video-preview":"max-video-preview:-1"},"canonical":"https:\/\/c-m-p.com\/fr\/produits-de-piscine\/piscine-assainisseurs\/del-aop\/aide-info\/","og_locale":"fr_FR","og_type":"article","og_title":"AIDE ET RESSOURCES - CMP","og_description":"Poign\u00e9e &#8220;S&#8221; Installation \u00e9tape par \u00e9tape https:\/\/www.c-m-p.com\/tech-center\/installation-line\/del\/ Manuels et litt\u00e9rature Entretien et r\u00e9paration https:\/\/www.c-m-p.com\/tech-center\/repair-line\/del\/ Questions fr\u00e9quemment pos\u00e9es https:\/\/www.c-m-p.com\/tech-center\/faq-line\/del\/ Poign\u00e9e &#8220;S&#8221; Vid\u00e9os, articles et autres ressources https:\/\/www.c-m-p.com\/fr\/?s=aop","og_url":"https:\/\/c-m-p.com\/fr\/produits-de-piscine\/piscine-assainisseurs\/del-aop\/aide-info\/","og_site_name":"CMP","article_modified_time":"2021-08-06T05:33:05+00:00","og_image":[{"url":"https:\/\/c-m-p.com\/wp-content\/uploads\/2020\/02\/tech-center-logo-icon.png","type":"","width":"","height":""}],"schema":{"@context":"https:\/\/schema.org","@graph":[{"@type":"WebPage","@id":"https:\/\/c-m-p.com\/fr\/produits-de-piscine\/piscine-assainisseurs\/del-aop\/aide-info\/","url":"https:\/\/c-m-p.com\/fr\/produits-de-piscine\/piscine-assainisseurs\/del-aop\/aide-info\/","name":"AIDE ET RESSOURCES - CMP","isPartOf":{"@id":"https:\/\/c-m-p.com\/#website"},"primaryImageOfPage":{"@id":"https:\/\/c-m-p.com\/fr\/produits-de-piscine\/piscine-assainisseurs\/del-aop\/aide-info\/#primaryimage"},"image":{"@id":"https:\/\/c-m-p.com\/fr\/produits-de-piscine\/piscine-assainisseurs\/del-aop\/aide-info\/#primaryimage"},"thumbnailUrl":"https:\/\/www.c-m-p.com\/wp-content\/uploads\/2020\/02\/tech-center-logo-icon.png","datePublished":"2020-08-19T15:20:14+00:00","dateModified":"2021-08-06T05:33:05+00:00","breadcrumb":{"@id":"https:\/\/c-m-p.com\/fr\/produits-de-piscine\/piscine-assainisseurs\/del-aop\/aide-info\/#breadcrumb"},"inLanguage":"fr-FR","potentialAction":[{"@type":"ReadAction","target":["https:\/\/c-m-p.com\/fr\/produits-de-piscine\/piscine-assainisseurs\/del-aop\/aide-info\/"]}]},{"@type":"ImageObject","inLanguage":"fr-FR","@id":"https:\/\/c-m-p.com\/fr\/produits-de-piscine\/piscine-assainisseurs\/del-aop\/aide-info\/#primaryimage","url":"https:\/\/www.c-m-p.com\/wp-content\/uploads\/2020\/02\/tech-center-logo-icon.png","contentUrl":"https:\/\/www.c-m-p.com\/wp-content\/uploads\/2020\/02\/tech-center-logo-icon.png"},{"@type":"BreadcrumbList","@id":"https:\/\/c-m-p.com\/fr\/produits-de-piscine\/piscine-assainisseurs\/del-aop\/aide-info\/#breadcrumb","itemListElement":[{"@type":"ListItem","position":1,"name":"Home","item":"https:\/\/c-m-p.com\/fr\/"},{"@type":"ListItem","position":2,"name":"Produits de piscine","item":"https:\/\/c-m-p.com\/fr\/produits-de-piscine\/"},{"@type":"ListItem","position":3,"name":"Syst\u00e8mes de d\u00e9sinfection de piscine","item":"https:\/\/c-m-p.com\/fr\/produits-de-piscine\/piscine-assainisseurs\/"},{"@type":"ListItem","position":4,"name":"DEL AOP\u00ae","item":"https:\/\/c-m-p.com\/fr\/produits-de-piscine\/piscine-assainisseurs\/del-aop\/"},{"@type":"ListItem","position":5,"name":"AIDE ET RESSOURCES"}]},{"@type":"WebSite","@id":"https:\/\/c-m-p.com\/#website","url":"https:\/\/c-m-p.com\/","name":"CMP","description":"Pool Products, Spa and Hot Tub Products","publisher":{"@id":"https:\/\/c-m-p.com\/#organization"},"potentialAction":[{"@type":"SearchAction","target":{"@type":"EntryPoint","urlTemplate":"https:\/\/c-m-p.com\/?s={search_term_string}"},"query-input":{"@type":"PropertyValueSpecification","valueRequired":true,"valueName":"search_term_string"}}],"inLanguage":"fr-FR"},{"@type":"Organization","@id":"https:\/\/c-m-p.com\/#organization","name":"CMP Pool & Spa Products","url":"https:\/\/c-m-p.com\/","logo":{"@type":"ImageObject","inLanguage":"fr-FR","@id":"https:\/\/c-m-p.com\/#\/schema\/logo\/image\/","url":"https:\/\/43ab809dfe.nxcli.io\/wp-content\/uploads\/2013\/10\/2013-CMP-Logo.jpg","contentUrl":"https:\/\/43ab809dfe.nxcli.io\/wp-content\/uploads\/2013\/10\/2013-CMP-Logo.jpg","width":1000,"height":247,"caption":"CMP Pool & Spa Products"},"image":{"@id":"https:\/\/c-m-p.com\/#\/schema\/logo\/image\/"}}]}},"_links":{"self":[{"href":"https:\/\/www.c-m-p.com\/fr\/wp-json\/wp\/v2\/pages\/66089","targetHints":{"allow":["GET"]}}],"collection":[{"href":"https:\/\/www.c-m-p.com\/fr\/wp-json\/wp\/v2\/pages"}],"about":[{"href":"https:\/\/www.c-m-p.com\/fr\/wp-json\/wp\/v2\/types\/page"}],"author":[{"embeddable":true,"href":"https:\/\/www.c-m-p.com\/fr\/wp-json\/wp\/v2\/users\/4"}],"replies":[{"embeddable":true,"href":"https:\/\/www.c-m-p.com\/fr\/wp-json\/wp\/v2\/comments?post=66089"}],"version-history":[{"count":0,"href":"https:\/\/www.c-m-p.com\/fr\/wp-json\/wp\/v2\/pages\/66089\/revisions"}],"up":[{"embeddable":true,"href":"https:\/\/www.c-m-p.com\/fr\/wp-json\/wp\/v2\/pages\/66033"}],"wp:attachment":[{"href":"https:\/\/www.c-m-p.com\/fr\/wp-json\/wp\/v2\/media?parent=66089"}],"curies":[{"name":"wp","href":"https:\/\/api.w.org\/{rel}","templated":true}]}}