{"id":66299,"date":"2013-10-04T18:20:35","date_gmt":"2013-10-04T23:20:35","guid":{"rendered":"https:\/\/43ab809dfe.nxcli.io\/produits-de-piscine\/produits-blancs\/deck-drains\/"},"modified":"2021-07-21T02:26:07","modified_gmt":"2021-07-21T07:26:07","slug":"drains-de-pont","status":"publish","type":"page","link":"https:\/\/www.c-m-p.com\/fr\/produits-de-piscine\/produits-blancs\/drains-de-pont\/","title":{"rendered":"Drains de pont"},"content":{"rendered":"<p><img decoding=\"async\" width=\"725\" height=\"166\" src=\"https:\/\/www.c-m-p.com\/wp-content\/uploads\/2018\/04\/deck-drain-cropped-feature.png\" class=\"attachment-full size-full\" alt=\"Deck Drain\" loading=\"lazy\" srcset=\"https:\/\/www.c-m-p.com\/wp-content\/uploads\/2018\/04\/deck-drain-cropped-feature.png 725w, https:\/\/www.c-m-p.com\/wp-content\/uploads\/2018\/04\/deck-drain-cropped-feature-300x69.png 300w, https:\/\/www.c-m-p.com\/wp-content\/uploads\/2018\/04\/deck-drain-cropped-feature-568x130.png 568w, https:\/\/www.c-m-p.com\/wp-content\/uploads\/2018\/04\/deck-drain-cropped-feature-235x54.png 235w, https:\/\/www.c-m-p.com\/wp-content\/uploads\/2018\/04\/deck-drain-cropped-feature-307x70.png 307w\" sizes=\"auto, (max-width: 725px) 100vw, 725px\" \/><br \/>\nDE 4 POUCES \u00c0 12 PIEDS, NOUS AVONS UNE SOLUTION<br \/>\nLes drains de pont CMP sont disponibles dans des tailles et des formes compactes, ainsi que des drains de 10&#8242; sur toute la longueur. Les options sont disponibles en blanc, gris, noir et beige pour correspondre ou compl\u00e9ter la plupart des finitions de terrasse de piscine.<\/p>\n<p>Des joints de dilatation pour terrasse de piscine de 12 pi sont \u00e9galement disponibles. Tous les drains et joints de dilatation pleine grandeur sont vendus en quantit\u00e9s par bo\u00eete.<br \/>\nJets de pont et de mur<br \/>\nSkimmers de piscine<br \/>\nPool Return &#038; Inlet Fittings<\/p>\n","protected":false},"excerpt":{"rendered":"<p>DE 4 POUCES \u00c0 12 PIEDS, NOUS AVONS UNE SOLUTION Les drains de pont CMP sont disponibles dans des tailles et des formes compactes, ainsi que des drains de 10&#8242; sur toute la longueur. Les options sont disponibles en blanc, gris, noir et beige pour correspondre ou compl\u00e9ter la plupart des finitions de terrasse de&#8230;  <a href=\"https:\/\/www.c-m-p.com\/fr\/produits-de-piscine\/produits-blancs\/drains-de-pont\/\" title=\"Read Drains de pont\">Read more &raquo;<\/a><\/p>\n","protected":false},"author":1,"featured_media":66300,"parent":63797,"menu_order":300,"comment_status":"open","ping_status":"open","template":"rci-flex-template.php","meta":{"_acf_changed":false,"_oasis_is_in_workflow":0,"_oasis_original":0,"_mi_skip_tracking":false,"_monsterinsights_sitenote_active":false,"_monsterinsights_sitenote_note":"","_monsterinsights_sitenote_category":0,"footnotes":""},"class_list":["post-66299","page","type-page","status-publish","has-post-thumbnail","hentry"],"acf":[],"yoast_head":"<!-- This site is optimized with the Yoast SEO plugin v27.2 - https:\/\/yoast.com\/product\/yoast-seo-wordpress\/ -->\n<title>Drains de pont - CMP<\/title>\n<meta name=\"robots\" content=\"index, follow, max-snippet:-1, max-image-preview:large, max-video-preview:-1\" \/>\n<link rel=\"canonical\" href=\"https:\/\/c-m-p.com\/fr\/produits-de-piscine\/produits-blancs\/drains-de-pont\/\" \/>\n<meta property=\"og:locale\" content=\"fr_FR\" \/>\n<meta property=\"og:type\" content=\"article\" \/>\n<meta property=\"og:title\" content=\"Drains de pont - CMP\" \/>\n<meta property=\"og:description\" content=\"DE 4 POUCES \u00c0 12 PIEDS, NOUS AVONS UNE SOLUTION Les drains de pont CMP sont disponibles dans des tailles et des formes compactes, ainsi que des drains de 10&#8242; sur toute la longueur. Les options sont disponibles en blanc, gris, noir et beige pour correspondre ou compl\u00e9ter la plupart des finitions de terrasse de... Read more &raquo;\" \/>\n<meta property=\"og:url\" content=\"https:\/\/c-m-p.com\/fr\/produits-de-piscine\/produits-blancs\/drains-de-pont\/\" \/>\n<meta property=\"og:site_name\" content=\"CMP\" \/>\n<meta property=\"article:modified_time\" content=\"2021-07-21T07:26:07+00:00\" \/>\n<meta property=\"og:image\" content=\"https:\/\/c-m-p.com\/wp-content\/uploads\/2014\/03\/deck-drain-feature.png\" \/>\n\t<meta property=\"og:image:width\" content=\"600\" \/>\n\t<meta property=\"og:image:height\" content=\"334\" \/>\n\t<meta property=\"og:image:type\" content=\"image\/png\" \/>\n<script type=\"application\/ld+json\" class=\"yoast-schema-graph\">{\"@context\":\"https:\/\/schema.org\",\"@graph\":[{\"@type\":\"WebPage\",\"@id\":\"https:\/\/c-m-p.com\/fr\/produits-de-piscine\/produits-blancs\/drains-de-pont\/\",\"url\":\"https:\/\/c-m-p.com\/fr\/produits-de-piscine\/produits-blancs\/drains-de-pont\/\",\"name\":\"Drains de pont - CMP\",\"isPartOf\":{\"@id\":\"https:\/\/c-m-p.com\/#website\"},\"primaryImageOfPage\":{\"@id\":\"https:\/\/c-m-p.com\/fr\/produits-de-piscine\/produits-blancs\/drains-de-pont\/#primaryimage\"},\"image\":{\"@id\":\"https:\/\/c-m-p.com\/fr\/produits-de-piscine\/produits-blancs\/drains-de-pont\/#primaryimage\"},\"thumbnailUrl\":\"https:\/\/www.c-m-p.com\/wp-content\/uploads\/2014\/03\/deck-drain-feature.png\",\"datePublished\":\"2013-10-04T23:20:35+00:00\",\"dateModified\":\"2021-07-21T07:26:07+00:00\",\"breadcrumb\":{\"@id\":\"https:\/\/c-m-p.com\/fr\/produits-de-piscine\/produits-blancs\/drains-de-pont\/#breadcrumb\"},\"inLanguage\":\"fr-FR\",\"potentialAction\":[{\"@type\":\"ReadAction\",\"target\":[\"https:\/\/c-m-p.com\/fr\/produits-de-piscine\/produits-blancs\/drains-de-pont\/\"]}]},{\"@type\":\"ImageObject\",\"inLanguage\":\"fr-FR\",\"@id\":\"https:\/\/c-m-p.com\/fr\/produits-de-piscine\/produits-blancs\/drains-de-pont\/#primaryimage\",\"url\":\"https:\/\/www.c-m-p.com\/wp-content\/uploads\/2014\/03\/deck-drain-feature.png\",\"contentUrl\":\"https:\/\/www.c-m-p.com\/wp-content\/uploads\/2014\/03\/deck-drain-feature.png\",\"width\":600,\"height\":334},{\"@type\":\"BreadcrumbList\",\"@id\":\"https:\/\/c-m-p.com\/fr\/produits-de-piscine\/produits-blancs\/drains-de-pont\/#breadcrumb\",\"itemListElement\":[{\"@type\":\"ListItem\",\"position\":1,\"name\":\"Home\",\"item\":\"https:\/\/c-m-p.com\/fr\/\"},{\"@type\":\"ListItem\",\"position\":2,\"name\":\"Produits de piscine\",\"item\":\"https:\/\/c-m-p.com\/fr\/produits-de-piscine\/\"},{\"@type\":\"ListItem\",\"position\":3,\"name\":\"Produits blancs\",\"item\":\"https:\/\/c-m-p.com\/fr\/produits-de-piscine\/produits-blancs\/\"},{\"@type\":\"ListItem\",\"position\":4,\"name\":\"Drains de pont\"}]},{\"@type\":\"WebSite\",\"@id\":\"https:\/\/c-m-p.com\/#website\",\"url\":\"https:\/\/c-m-p.com\/\",\"name\":\"CMP\",\"description\":\"Pool Products, Spa and Hot Tub Products\",\"publisher\":{\"@id\":\"https:\/\/c-m-p.com\/#organization\"},\"potentialAction\":[{\"@type\":\"SearchAction\",\"target\":{\"@type\":\"EntryPoint\",\"urlTemplate\":\"https:\/\/c-m-p.com\/?s={search_term_string}\"},\"query-input\":{\"@type\":\"PropertyValueSpecification\",\"valueRequired\":true,\"valueName\":\"search_term_string\"}}],\"inLanguage\":\"fr-FR\"},{\"@type\":\"Organization\",\"@id\":\"https:\/\/c-m-p.com\/#organization\",\"name\":\"CMP Pool & Spa Products\",\"url\":\"https:\/\/c-m-p.com\/\",\"logo\":{\"@type\":\"ImageObject\",\"inLanguage\":\"fr-FR\",\"@id\":\"https:\/\/c-m-p.com\/#\/schema\/logo\/image\/\",\"url\":\"https:\/\/43ab809dfe.nxcli.io\/wp-content\/uploads\/2013\/10\/2013-CMP-Logo.jpg\",\"contentUrl\":\"https:\/\/43ab809dfe.nxcli.io\/wp-content\/uploads\/2013\/10\/2013-CMP-Logo.jpg\",\"width\":1000,\"height\":247,\"caption\":\"CMP Pool & Spa Products\"},\"image\":{\"@id\":\"https:\/\/c-m-p.com\/#\/schema\/logo\/image\/\"}}]}<\/script>\n<!-- \/ Yoast SEO plugin. -->","yoast_head_json":{"title":"Drains de pont - CMP","robots":{"index":"index","follow":"follow","max-snippet":"max-snippet:-1","max-image-preview":"max-image-preview:large","max-video-preview":"max-video-preview:-1"},"canonical":"https:\/\/c-m-p.com\/fr\/produits-de-piscine\/produits-blancs\/drains-de-pont\/","og_locale":"fr_FR","og_type":"article","og_title":"Drains de pont - CMP","og_description":"DE 4 POUCES \u00c0 12 PIEDS, NOUS AVONS UNE SOLUTION Les drains de pont CMP sont disponibles dans des tailles et des formes compactes, ainsi que des drains de 10&#8242; sur toute la longueur. Les options sont disponibles en blanc, gris, noir et beige pour correspondre ou compl\u00e9ter la plupart des finitions de terrasse de... Read more &raquo;","og_url":"https:\/\/c-m-p.com\/fr\/produits-de-piscine\/produits-blancs\/drains-de-pont\/","og_site_name":"CMP","article_modified_time":"2021-07-21T07:26:07+00:00","og_image":[{"width":600,"height":334,"url":"https:\/\/c-m-p.com\/wp-content\/uploads\/2014\/03\/deck-drain-feature.png","type":"image\/png"}],"schema":{"@context":"https:\/\/schema.org","@graph":[{"@type":"WebPage","@id":"https:\/\/c-m-p.com\/fr\/produits-de-piscine\/produits-blancs\/drains-de-pont\/","url":"https:\/\/c-m-p.com\/fr\/produits-de-piscine\/produits-blancs\/drains-de-pont\/","name":"Drains de pont - CMP","isPartOf":{"@id":"https:\/\/c-m-p.com\/#website"},"primaryImageOfPage":{"@id":"https:\/\/c-m-p.com\/fr\/produits-de-piscine\/produits-blancs\/drains-de-pont\/#primaryimage"},"image":{"@id":"https:\/\/c-m-p.com\/fr\/produits-de-piscine\/produits-blancs\/drains-de-pont\/#primaryimage"},"thumbnailUrl":"https:\/\/www.c-m-p.com\/wp-content\/uploads\/2014\/03\/deck-drain-feature.png","datePublished":"2013-10-04T23:20:35+00:00","dateModified":"2021-07-21T07:26:07+00:00","breadcrumb":{"@id":"https:\/\/c-m-p.com\/fr\/produits-de-piscine\/produits-blancs\/drains-de-pont\/#breadcrumb"},"inLanguage":"fr-FR","potentialAction":[{"@type":"ReadAction","target":["https:\/\/c-m-p.com\/fr\/produits-de-piscine\/produits-blancs\/drains-de-pont\/"]}]},{"@type":"ImageObject","inLanguage":"fr-FR","@id":"https:\/\/c-m-p.com\/fr\/produits-de-piscine\/produits-blancs\/drains-de-pont\/#primaryimage","url":"https:\/\/www.c-m-p.com\/wp-content\/uploads\/2014\/03\/deck-drain-feature.png","contentUrl":"https:\/\/www.c-m-p.com\/wp-content\/uploads\/2014\/03\/deck-drain-feature.png","width":600,"height":334},{"@type":"BreadcrumbList","@id":"https:\/\/c-m-p.com\/fr\/produits-de-piscine\/produits-blancs\/drains-de-pont\/#breadcrumb","itemListElement":[{"@type":"ListItem","position":1,"name":"Home","item":"https:\/\/c-m-p.com\/fr\/"},{"@type":"ListItem","position":2,"name":"Produits de piscine","item":"https:\/\/c-m-p.com\/fr\/produits-de-piscine\/"},{"@type":"ListItem","position":3,"name":"Produits blancs","item":"https:\/\/c-m-p.com\/fr\/produits-de-piscine\/produits-blancs\/"},{"@type":"ListItem","position":4,"name":"Drains de pont"}]},{"@type":"WebSite","@id":"https:\/\/c-m-p.com\/#website","url":"https:\/\/c-m-p.com\/","name":"CMP","description":"Pool Products, Spa and Hot Tub Products","publisher":{"@id":"https:\/\/c-m-p.com\/#organization"},"potentialAction":[{"@type":"SearchAction","target":{"@type":"EntryPoint","urlTemplate":"https:\/\/c-m-p.com\/?s={search_term_string}"},"query-input":{"@type":"PropertyValueSpecification","valueRequired":true,"valueName":"search_term_string"}}],"inLanguage":"fr-FR"},{"@type":"Organization","@id":"https:\/\/c-m-p.com\/#organization","name":"CMP Pool & Spa Products","url":"https:\/\/c-m-p.com\/","logo":{"@type":"ImageObject","inLanguage":"fr-FR","@id":"https:\/\/c-m-p.com\/#\/schema\/logo\/image\/","url":"https:\/\/43ab809dfe.nxcli.io\/wp-content\/uploads\/2013\/10\/2013-CMP-Logo.jpg","contentUrl":"https:\/\/43ab809dfe.nxcli.io\/wp-content\/uploads\/2013\/10\/2013-CMP-Logo.jpg","width":1000,"height":247,"caption":"CMP Pool & Spa Products"},"image":{"@id":"https:\/\/c-m-p.com\/#\/schema\/logo\/image\/"}}]}},"_links":{"self":[{"href":"https:\/\/www.c-m-p.com\/fr\/wp-json\/wp\/v2\/pages\/66299","targetHints":{"allow":["GET"]}}],"collection":[{"href":"https:\/\/www.c-m-p.com\/fr\/wp-json\/wp\/v2\/pages"}],"about":[{"href":"https:\/\/www.c-m-p.com\/fr\/wp-json\/wp\/v2\/types\/page"}],"author":[{"embeddable":true,"href":"https:\/\/www.c-m-p.com\/fr\/wp-json\/wp\/v2\/users\/1"}],"replies":[{"embeddable":true,"href":"https:\/\/www.c-m-p.com\/fr\/wp-json\/wp\/v2\/comments?post=66299"}],"version-history":[{"count":0,"href":"https:\/\/www.c-m-p.com\/fr\/wp-json\/wp\/v2\/pages\/66299\/revisions"}],"up":[{"embeddable":true,"href":"https:\/\/www.c-m-p.com\/fr\/wp-json\/wp\/v2\/pages\/63797"}],"wp:featuredmedia":[{"embeddable":true,"href":"https:\/\/www.c-m-p.com\/fr\/wp-json\/wp\/v2\/media\/66300"}],"wp:attachment":[{"href":"https:\/\/www.c-m-p.com\/fr\/wp-json\/wp\/v2\/media?parent=66299"}],"curies":[{"name":"wp","href":"https:\/\/api.w.org\/{rel}","templated":true}]}}