{"id":66425,"date":"2019-03-14T15:57:52","date_gmt":"2019-03-14T20:57:52","guid":{"rendered":"https:\/\/43ab809dfe.nxcli.io\/acquisitions\/"},"modified":"2021-08-02T09:09:01","modified_gmt":"2021-08-02T14:09:01","slug":"acquisitions","status":"publish","type":"page","link":"https:\/\/www.c-m-p.com\/fr\/acquisitions\/","title":{"rendered":"Marques &#038; Acquisitions"},"content":{"rendered":"<p>Marques et acquisitions CMP<br \/>\n<img decoding=\"async\" width=\"1401\" height=\"398\" src=\"https:\/\/www.c-m-p.com\/wp-content\/uploads\/2013\/05\/red-hex-gradient-shadow-splash-bg.jpg\" class=\"attachment-full size-full\" alt=\"\" loading=\"lazy\" srcset=\"https:\/\/www.c-m-p.com\/wp-content\/uploads\/2013\/05\/red-hex-gradient-shadow-splash-bg.jpg 1401w, https:\/\/www.c-m-p.com\/wp-content\/uploads\/2013\/05\/red-hex-gradient-shadow-splash-bg-300x85.jpg 300w, https:\/\/www.c-m-p.com\/wp-content\/uploads\/2013\/05\/red-hex-gradient-shadow-splash-bg-1024x290.jpg 1024w, https:\/\/www.c-m-p.com\/wp-content\/uploads\/2013\/05\/red-hex-gradient-shadow-splash-bg-568x161.jpg 568w, https:\/\/www.c-m-p.com\/wp-content\/uploads\/2013\/05\/red-hex-gradient-shadow-splash-bg-235x66.jpg 235w, https:\/\/www.c-m-p.com\/wp-content\/uploads\/2013\/05\/red-hex-gradient-shadow-splash-bg-307x87.jpg 307w\" sizes=\"auto, (max-width: 1401px) 100vw, 1401px\" \/><br \/>\n\u00c0 propos de CMP<br \/>\nPress<br \/>\nCMP In The News<br \/>\nNous cr\u00e9ons des marques que les clients connaissent et auxquelles ils font confiance<br \/>\nLes principales gammes de produits CMP sont class\u00e9es en marques de produits vedettes. Chacune de ces marques communique des valeurs et des caract\u00e9ristiques distinctes qui rendent la gamme de produits unique et sp\u00e9ciale.<br \/>\nProduits \u00e0 DEL Brilliant Wonders\u00ae<br \/>\nEau et lumi\u00e8re LED<br \/>\n<img decoding=\"async\" width=\"1200\" height=\"508\" src=\"https:\/\/www.c-m-p.com\/wp-content\/uploads\/2018\/09\/brilliant-wonders-page-logo.png\" class=\"attachment-full size-full\" alt=\"\" loading=\"lazy\" srcset=\"https:\/\/www.c-m-p.com\/wp-content\/uploads\/2018\/09\/brilliant-wonders-page-logo.png 1200w, https:\/\/www.c-m-p.com\/wp-content\/uploads\/2018\/09\/brilliant-wonders-page-logo-300x127.png 300w, https:\/\/www.c-m-p.com\/wp-content\/uploads\/2018\/09\/brilliant-wonders-page-logo-768x325.png 768w, https:\/\/www.c-m-p.com\/wp-content\/uploads\/2018\/09\/brilliant-wonders-page-logo-1024x433.png 1024w, https:\/\/www.c-m-p.com\/wp-content\/uploads\/2018\/09\/brilliant-wonders-page-logo-568x240.png 568w, https:\/\/www.c-m-p.com\/wp-content\/uploads\/2018\/09\/brilliant-wonders-page-logo-235x99.png 235w, https:\/\/www.c-m-p.com\/wp-content\/uploads\/2018\/09\/brilliant-wonders-page-logo-307x130.png 307w\" sizes=\"auto, (max-width: 1200px) 100vw, 1200px\" \/><br \/>\nCaract\u00e9ristiques de l&#8217;eau Natural Wonders\u00ae<br \/>\nCaract\u00e9ristiques de l&#8217;eau de la piscine<br \/>\n<img decoding=\"async\" width=\"600\" height=\"334\" src=\"https:\/\/www.c-m-p.com\/wp-content\/uploads\/2015\/04\/natural-wonders-logo-feature.png\" class=\"attachment-full size-full\" alt=\"\" loading=\"lazy\" srcset=\"https:\/\/www.c-m-p.com\/wp-content\/uploads\/2015\/04\/natural-wonders-logo-feature.png 600w, https:\/\/www.c-m-p.com\/wp-content\/uploads\/2015\/04\/natural-wonders-logo-feature-300x167.png 300w, https:\/\/www.c-m-p.com\/wp-content\/uploads\/2015\/04\/natural-wonders-logo-feature-568x316.png 568w, https:\/\/www.c-m-p.com\/wp-content\/uploads\/2015\/04\/natural-wonders-logo-feature-235x130.png 235w, https:\/\/www.c-m-p.com\/wp-content\/uploads\/2015\/04\/natural-wonders-logo-feature-307x170.png 307w\" sizes=\"auto, (max-width: 600px) 100vw, 600px\" \/><br \/>\nSyst\u00e8mes de d\u00e9sinfection de piscine<br \/>\nSyst\u00e8mes de d\u00e9sinfection de piscine<br \/>\n<img decoding=\"async\" width=\"1200\" height=\"800\" src=\"https:\/\/www.c-m-p.com\/wp-content\/uploads\/2019\/04\/sanitizers-brand-stackup-2.png\" class=\"attachment-full size-full\" alt=\"\" loading=\"lazy\" srcset=\"https:\/\/www.c-m-p.com\/wp-content\/uploads\/2019\/04\/sanitizers-brand-stackup-2.png 1200w, https:\/\/www.c-m-p.com\/wp-content\/uploads\/2019\/04\/sanitizers-brand-stackup-2-300x200.png 300w, https:\/\/www.c-m-p.com\/wp-content\/uploads\/2019\/04\/sanitizers-brand-stackup-2-768x512.png 768w, https:\/\/www.c-m-p.com\/wp-content\/uploads\/2019\/04\/sanitizers-brand-stackup-2-1024x683.png 1024w, https:\/\/www.c-m-p.com\/wp-content\/uploads\/2019\/04\/sanitizers-brand-stackup-2-568x379.png 568w, https:\/\/www.c-m-p.com\/wp-content\/uploads\/2019\/04\/sanitizers-brand-stackup-2-235x157.png 235w, https:\/\/www.c-m-p.com\/wp-content\/uploads\/2019\/04\/sanitizers-brand-stackup-2-307x205.png 307w\" sizes=\"auto, (max-width: 1200px) 100vw, 1200px\" \/><br \/>\nSyst\u00e8mes de spa Spa Master&#x2122;<br \/>\nJets de spa au sol<br \/>\n<img decoding=\"async\" width=\"600\" height=\"334\" src=\"https:\/\/www.c-m-p.com\/wp-content\/uploads\/2013\/10\/spa-master-logo-feature.png\" class=\"attachment-full size-full\" alt=\"\" loading=\"lazy\" srcset=\"https:\/\/www.c-m-p.com\/wp-content\/uploads\/2013\/10\/spa-master-logo-feature.png 600w, https:\/\/www.c-m-p.com\/wp-content\/uploads\/2013\/10\/spa-master-logo-feature-300x167.png 300w, https:\/\/www.c-m-p.com\/wp-content\/uploads\/2013\/10\/spa-master-logo-feature-568x316.png 568w, https:\/\/www.c-m-p.com\/wp-content\/uploads\/2013\/10\/spa-master-logo-feature-235x130.png 235w, https:\/\/www.c-m-p.com\/wp-content\/uploads\/2013\/10\/spa-master-logo-feature-307x170.png 307w\" sizes=\"auto, (max-width: 600px) 100vw, 600px\" \/><br \/>\nAir X\u00ae<br \/>\nTh\u00e9rapie par l&#8217;air du bain \u00e0 remous<br \/>\n<img decoding=\"async\" width=\"600\" height=\"334\" src=\"https:\/\/www.c-m-p.com\/wp-content\/uploads\/2015\/01\/air-x-logo-feature-1.png\" class=\"attachment-full size-full\" alt=\"\" loading=\"lazy\" srcset=\"https:\/\/www.c-m-p.com\/wp-content\/uploads\/2015\/01\/air-x-logo-feature-1.png 600w, https:\/\/www.c-m-p.com\/wp-content\/uploads\/2015\/01\/air-x-logo-feature-1-300x167.png 300w, https:\/\/www.c-m-p.com\/wp-content\/uploads\/2015\/01\/air-x-logo-feature-1-568x316.png 568w, https:\/\/www.c-m-p.com\/wp-content\/uploads\/2015\/01\/air-x-logo-feature-1-235x131.png 235w, https:\/\/www.c-m-p.com\/wp-content\/uploads\/2015\/01\/air-x-logo-feature-1-307x171.png 307w\" sizes=\"auto, (max-width: 600px) 100vw, 600px\" \/><br \/>\nSyst\u00e8me SQR&#x2122;<br \/>\nSyst\u00e8me d&#8217;installation de spa<br \/>\n<img decoding=\"async\" width=\"490\" height=\"479\" src=\"https:\/\/www.c-m-p.com\/wp-content\/uploads\/2013\/10\/SQR.png\" class=\"attachment-full size-full\" alt=\"\" loading=\"lazy\" srcset=\"https:\/\/www.c-m-p.com\/wp-content\/uploads\/2013\/10\/SQR.png 490w, https:\/\/www.c-m-p.com\/wp-content\/uploads\/2013\/10\/SQR-300x293.png 300w, https:\/\/www.c-m-p.com\/wp-content\/uploads\/2013\/10\/SQR-235x229.png 235w, https:\/\/www.c-m-p.com\/wp-content\/uploads\/2013\/10\/SQR-307x300.png 307w\" sizes=\"auto, (max-width: 490px) 100vw, 490px\" \/><br \/>\nJets de spa<br \/>\nSyst\u00e8me de conception de spa<br \/>\n<img decoding=\"async\" width=\"400\" height=\"61\" src=\"https:\/\/www.c-m-p.com\/wp-content\/uploads\/2013\/11\/spectrum_LOGO_silver.png\" class=\"attachment-full size-full\" alt=\"\" loading=\"lazy\" srcset=\"https:\/\/www.c-m-p.com\/wp-content\/uploads\/2013\/11\/spectrum_LOGO_silver.png 400w, https:\/\/www.c-m-p.com\/wp-content\/uploads\/2013\/11\/spectrum_LOGO_silver-300x45.png 300w, https:\/\/www.c-m-p.com\/wp-content\/uploads\/2013\/11\/spectrum_LOGO_silver-235x35.png 235w, https:\/\/www.c-m-p.com\/wp-content\/uploads\/2013\/11\/spectrum_LOGO_silver-307x46.png 307w\" sizes=\"auto, (max-width: 400px) 100vw, 400px\" \/><br \/>\n\u00c9clairage LED de spa<br \/>\nLumi\u00e8res LED de spa<br \/>\n<img decoding=\"async\" width=\"725\" height=\"358\" src=\"https:\/\/www.c-m-p.com\/wp-content\/uploads\/2018\/04\/optix-logo-feature.png\" class=\"attachment-full size-full\" alt=\"\" loading=\"lazy\" srcset=\"https:\/\/www.c-m-p.com\/wp-content\/uploads\/2018\/04\/optix-logo-feature.png 725w, https:\/\/www.c-m-p.com\/wp-content\/uploads\/2018\/04\/optix-logo-feature-300x148.png 300w, https:\/\/www.c-m-p.com\/wp-content\/uploads\/2018\/04\/optix-logo-feature-568x280.png 568w, https:\/\/www.c-m-p.com\/wp-content\/uploads\/2018\/04\/optix-logo-feature-235x116.png 235w, https:\/\/www.c-m-p.com\/wp-content\/uploads\/2018\/04\/optix-logo-feature-307x152.png 307w\" sizes=\"auto, (max-width: 725px) 100vw, 725px\" \/><br \/>\n\u00c9quipement et commandes<br \/>\nPompes et commandes de bain<br \/>\n<img decoding=\"async\" width=\"600\" height=\"178\" src=\"https:\/\/www.c-m-p.com\/wp-content\/uploads\/2018\/05\/Nexxus-logo-600x178.png\" class=\"attachment-full size-full\" alt=\"\" loading=\"lazy\" srcset=\"https:\/\/www.c-m-p.com\/wp-content\/uploads\/2018\/05\/Nexxus-logo-600x178.png 600w, https:\/\/www.c-m-p.com\/wp-content\/uploads\/2018\/05\/Nexxus-logo-600x178-300x89.png 300w, https:\/\/www.c-m-p.com\/wp-content\/uploads\/2018\/05\/Nexxus-logo-600x178-568x169.png 568w, https:\/\/www.c-m-p.com\/wp-content\/uploads\/2018\/05\/Nexxus-logo-600x178-235x70.png 235w, https:\/\/www.c-m-p.com\/wp-content\/uploads\/2018\/05\/Nexxus-logo-600x178-307x91.png 307w\" sizes=\"auto, (max-width: 600px) 100vw, 600px\" \/><br \/>\n\u00c0 propos de CMP<br \/>\nCaract\u00e9ristiques de l&#8217;eau et du feu<br \/>\nhttp:\/\/www.bobewaterandfire.com<br \/>\n<img decoding=\"async\" width=\"1404\" height=\"746\" src=\"https:\/\/www.c-m-p.com\/wp-content\/uploads\/2018\/10\/Bobe-Logo-WF-Lockup-black.png\" class=\"attachment-full size-full\" alt=\"\" loading=\"lazy\" srcset=\"https:\/\/www.c-m-p.com\/wp-content\/uploads\/2018\/10\/Bobe-Logo-WF-Lockup-black.png 1404w, https:\/\/www.c-m-p.com\/wp-content\/uploads\/2018\/10\/Bobe-Logo-WF-Lockup-black-300x159.png 300w, https:\/\/www.c-m-p.com\/wp-content\/uploads\/2018\/10\/Bobe-Logo-WF-Lockup-black-768x408.png 768w, https:\/\/www.c-m-p.com\/wp-content\/uploads\/2018\/10\/Bobe-Logo-WF-Lockup-black-1024x544.png 1024w, https:\/\/www.c-m-p.com\/wp-content\/uploads\/2018\/10\/Bobe-Logo-WF-Lockup-black-568x302.png 568w, https:\/\/www.c-m-p.com\/wp-content\/uploads\/2018\/10\/Bobe-Logo-WF-Lockup-black-235x125.png 235w, https:\/\/www.c-m-p.com\/wp-content\/uploads\/2018\/10\/Bobe-Logo-WF-Lockup-black-307x163.png 307w\" sizes=\"auto, (max-width: 1404px) 100vw, 1404px\" \/><br \/>\nNOUS CHERCHONS \u00c0 GRANDIR CONSTAMMENT ET STABLE<\/p>\n<p style=\"text-align: left;\">Chez CMP, nous pensons qu&#8217;il est important d&#8217;am\u00e9liorer constamment nos processus. CMP met constamment sur le march\u00e9 des produits et services nouveaux et am\u00e9lior\u00e9s. Ce faisant, nous augmentons notre efficacit\u00e9 et am\u00e9liorons notre rentabilit\u00e9.<\/p>\n<p style=\"text-align: left;\">CMP se d\u00e9veloppe et commercialise de nouveaux produits et technologies qui ajoutent de la valeur \u00e0 l&#8217;organisation. Choisissez une histoire ci-dessous pour en savoir plus.<\/p>\n<p><img decoding=\"async\" width=\"1404\" height=\"746\" src=\"https:\/\/www.c-m-p.com\/wp-content\/uploads\/2018\/10\/Bobe-Logo-WF-Lockup-black.png\" class=\"attachment-full size-full\" alt=\"\" loading=\"lazy\" srcset=\"https:\/\/www.c-m-p.com\/wp-content\/uploads\/2018\/10\/Bobe-Logo-WF-Lockup-black.png 1404w, https:\/\/www.c-m-p.com\/wp-content\/uploads\/2018\/10\/Bobe-Logo-WF-Lockup-black-300x159.png 300w, https:\/\/www.c-m-p.com\/wp-content\/uploads\/2018\/10\/Bobe-Logo-WF-Lockup-black-768x408.png 768w, https:\/\/www.c-m-p.com\/wp-content\/uploads\/2018\/10\/Bobe-Logo-WF-Lockup-black-1024x544.png 1024w, https:\/\/www.c-m-p.com\/wp-content\/uploads\/2018\/10\/Bobe-Logo-WF-Lockup-black-568x302.png 568w, https:\/\/www.c-m-p.com\/wp-content\/uploads\/2018\/10\/Bobe-Logo-WF-Lockup-black-235x125.png 235w, https:\/\/www.c-m-p.com\/wp-content\/uploads\/2018\/10\/Bobe-Logo-WF-Lockup-black-307x163.png 307w\" sizes=\"auto, (max-width: 1404px) 100vw, 1404px\" \/><br \/>\nL&#8217;ACQUISITION DE BOB\u00c9 AJOUTE DE NOUVEAUX \u00c9L\u00c9MENTS \u00c0 L&#8217;OFFRE DE PRODUITS CMP<br \/>\n3 octobre 2018<\/p>\n<p>CMP r\u00e9alise sa quatri\u00e8me acquisition avec un partenaire visionnaire en Bob\u00e9 Water &amp; Incendie LLC. Les efforts combin\u00e9s compl\u00e8tent l&#8217;offre CMP de fonctionnalit\u00e9s ext\u00e9rieures esth\u00e9tiques, ainsi que l&#8217;ajout de nouvelles technologies de fabrication et de nouveaux talents.<\/p>\n<p><a href=\"https:\/\/www.c-m-p.com\/cmp-acquires-bobe-adding-new-elements-to-expanding-product-offering\/\">Lisez notre blog sur l&#8217;acquisition de Bob\u00e9\u00a0>> <\/a><br \/>\n<img decoding=\"async\" width=\"1769\" height=\"481\" src=\"https:\/\/www.c-m-p.com\/wp-content\/uploads\/2019\/03\/ASO_Logo.png\" class=\"attachment-full size-full\" alt=\"\" loading=\"lazy\" srcset=\"https:\/\/www.c-m-p.com\/wp-content\/uploads\/2019\/03\/ASO_Logo.png 1769w, https:\/\/www.c-m-p.com\/wp-content\/uploads\/2019\/03\/ASO_Logo-300x82.png 300w, https:\/\/www.c-m-p.com\/wp-content\/uploads\/2019\/03\/ASO_Logo-768x209.png 768w, https:\/\/www.c-m-p.com\/wp-content\/uploads\/2019\/03\/ASO_Logo-1024x278.png 1024w, https:\/\/www.c-m-p.com\/wp-content\/uploads\/2019\/03\/ASO_Logo-568x154.png 568w, https:\/\/www.c-m-p.com\/wp-content\/uploads\/2019\/03\/ASO_Logo-235x64.png 235w, https:\/\/www.c-m-p.com\/wp-content\/uploads\/2019\/03\/ASO_Logo-307x83.png 307w\" sizes=\"auto, (max-width: 1769px) 100vw, 1769px\" \/><br \/>\nUN NOUVEAU LEADER DANS LES SYST\u00c8MES D&#8217;ASSAINISSEMENT D&#8217;EAU R\u00c9CR\u00c9ATIF \u00c9MERGE<br \/>\n17 juillet 2018<\/p>\n<p>CMP acquiert ASO, r\u00e9alisant son troisi\u00e8me achat en moins d&#8217;un an. ASO produit des syst\u00e8mes de traitement de l&#8217;eau pour les fabricants de spas. L&#8217;int\u00e9gration d&#8217;ASO avec DEL Ozone et SGS conf\u00e8re \u00e0 CMP la meilleure position sur le march\u00e9 en pleine croissance des assainisseurs d&#8217;eau pour piscines et spas.<\/p>\n<p><a href=\"https:\/\/www.c-m-p.com\/a-new-leader-in-recreational-water-sanitizer-systems-emerges\/\">Lisez notre blog sur l&#8217;acquisition d&#8217;ASO\u00a0 \u00a0>> <\/a><br \/>\n<img decoding=\"async\" width=\"576\" height=\"360\" src=\"https:\/\/www.c-m-p.com\/wp-content\/uploads\/2018\/04\/2016-SGS-Logo.png\" class=\"attachment-full size-full\" alt=\"\" loading=\"lazy\" srcset=\"https:\/\/www.c-m-p.com\/wp-content\/uploads\/2018\/04\/2016-SGS-Logo.png 576w, https:\/\/www.c-m-p.com\/wp-content\/uploads\/2018\/04\/2016-SGS-Logo-300x188.png 300w, https:\/\/www.c-m-p.com\/wp-content\/uploads\/2018\/04\/2016-SGS-Logo-568x355.png 568w, https:\/\/www.c-m-p.com\/wp-content\/uploads\/2018\/04\/2016-SGS-Logo-235x147.png 235w, https:\/\/www.c-m-p.com\/wp-content\/uploads\/2018\/04\/2016-SGS-Logo-307x192.png 307w\" sizes=\"auto, (max-width: 576px) 100vw, 576px\" \/><br \/>\nCMP CONTINUE SA CROISSANCE EN ACQU\u00c9RANT SGS CHLORINATORS OF TEMPE, ARIZONA<br \/>\n7 mars 2018<\/p>\n<p>CMP conclut un deuxi\u00e8me achat en acqu\u00e9rant Saline Generating Systems, LLC (SGS) et en ajoutant des g\u00e9n\u00e9rateurs de chlore innovants, dont le populaire syst\u00e8me Breeze, \u00e0 l&#8217;offre de produits CMP.<\/p>\n<p>Depuis qu&#8217;ils ont rejoint CMP, les produits SGS ont \u00e9t\u00e9 renomm\u00e9s Powerclean\u00ae Salt.<\/p>\n<p><a href=\"https:\/\/www.c-m-p.com\/fr\/produits-de-piscine\/piscine-assainisseurs\/powerclean-sel-systems\/\">En savoir plus sur les am\u00e9liorations apport\u00e9es aux produits SGS >> <\/a><br \/>\n<img decoding=\"async\" width=\"1001\" height=\"345\" src=\"https:\/\/www.c-m-p.com\/wp-content\/uploads\/2019\/04\/DEL-Logo-Original-Artboard-11K.png\" class=\"attachment-full size-full\" alt=\"\" loading=\"lazy\" srcset=\"https:\/\/www.c-m-p.com\/wp-content\/uploads\/2019\/04\/DEL-Logo-Original-Artboard-11K.png 1001w, https:\/\/www.c-m-p.com\/wp-content\/uploads\/2019\/04\/DEL-Logo-Original-Artboard-11K-300x103.png 300w, https:\/\/www.c-m-p.com\/wp-content\/uploads\/2019\/04\/DEL-Logo-Original-Artboard-11K-768x265.png 768w, https:\/\/www.c-m-p.com\/wp-content\/uploads\/2019\/04\/DEL-Logo-Original-Artboard-11K-568x196.png 568w, https:\/\/www.c-m-p.com\/wp-content\/uploads\/2019\/04\/DEL-Logo-Original-Artboard-11K-235x81.png 235w, https:\/\/www.c-m-p.com\/wp-content\/uploads\/2019\/04\/DEL-Logo-Original-Artboard-11K-307x106.png 307w\" sizes=\"auto, (max-width: 1001px) 100vw, 1001px\" \/><br \/>\nCMP AJOUTE DES SYST\u00c8MES D&#8217;ASSAINISSEMENT DE L&#8217;EAU \u00c0 UN PORTEFEUILLE DE PRODUITS DYNAMIQUE<br \/>\n22 septembre 2017<\/p>\n<p>CMP fait un pas de g\u00e9ant dans les syst\u00e8mes de d\u00e9sinfection \u00e0 l&#8217;ozone des piscines et des spas en acqu\u00e9rant DEL Ozone\u00ae. L&#8217;acquisition est un grand pas en avant pour l&#8217;entreprise et acc\u00e9l\u00e8re consid\u00e9rablement la croissance de CMP au sein de l&#8217;industrie des eaux r\u00e9cr\u00e9atives.<\/p>\n<p><a href=\"https:\/\/www.cmp.com\/cmp-acquires-del-ozone-adding-water-sanitization-systems-dynamic-product-portfolio\/\">Lisez notre blog sur l&#8217;acquisition de DEL Ozone >> <\/a><\/p>\n","protected":false},"excerpt":{"rendered":"<p>Marques et acquisitions CMP \u00c0 propos de CMP Press CMP In The News Nous cr\u00e9ons des marques que les clients connaissent et auxquelles ils font confiance Les principales gammes de produits CMP sont class\u00e9es en marques de produits vedettes. Chacune de ces marques communique des valeurs et des caract\u00e9ristiques distinctes qui rendent la gamme de&#8230;  <a href=\"https:\/\/www.c-m-p.com\/fr\/acquisitions\/\" title=\"Read Marques &#038; Acquisitions\">Read more &raquo;<\/a><\/p>\n","protected":false},"author":9,"featured_media":0,"parent":0,"menu_order":0,"comment_status":"closed","ping_status":"closed","template":"rci-flex-template.php","meta":{"_acf_changed":false,"_oasis_is_in_workflow":0,"_oasis_original":0,"_mi_skip_tracking":false,"_monsterinsights_sitenote_active":false,"_monsterinsights_sitenote_note":"","_monsterinsights_sitenote_category":0,"footnotes":""},"class_list":["post-66425","page","type-page","status-publish","hentry"],"acf":[],"yoast_head":"<!-- This site is optimized with the Yoast SEO plugin v27.2 - https:\/\/yoast.com\/product\/yoast-seo-wordpress\/ -->\n<title>Marques &amp; Acquisitions - CMP<\/title>\n<meta name=\"robots\" content=\"index, follow, max-snippet:-1, max-image-preview:large, max-video-preview:-1\" \/>\n<link rel=\"canonical\" href=\"https:\/\/c-m-p.com\/fr\/acquisitions\/\" \/>\n<meta property=\"og:locale\" content=\"fr_FR\" \/>\n<meta property=\"og:type\" content=\"article\" \/>\n<meta property=\"og:title\" content=\"Marques &amp; Acquisitions - CMP\" \/>\n<meta property=\"og:description\" content=\"Marques et acquisitions CMP \u00c0 propos de CMP Press CMP In The News Nous cr\u00e9ons des marques que les clients connaissent et auxquelles ils font confiance Les principales gammes de produits CMP sont class\u00e9es en marques de produits vedettes. Chacune de ces marques communique des valeurs et des caract\u00e9ristiques distinctes qui rendent la gamme de... Read more &raquo;\" \/>\n<meta property=\"og:url\" content=\"https:\/\/c-m-p.com\/fr\/acquisitions\/\" \/>\n<meta property=\"og:site_name\" content=\"CMP\" \/>\n<meta property=\"article:modified_time\" content=\"2021-08-02T14:09:01+00:00\" \/>\n<meta property=\"og:image\" content=\"https:\/\/c-m-p.com\/wp-content\/uploads\/2013\/05\/red-hex-gradient-shadow-splash-bg.jpg\" \/>\n<meta name=\"twitter:label1\" content=\"Est. reading time\" \/>\n\t<meta name=\"twitter:data1\" content=\"3 minutes\" \/>\n<script type=\"application\/ld+json\" class=\"yoast-schema-graph\">{\"@context\":\"https:\/\/schema.org\",\"@graph\":[{\"@type\":\"WebPage\",\"@id\":\"https:\/\/c-m-p.com\/fr\/acquisitions\/\",\"url\":\"https:\/\/c-m-p.com\/fr\/acquisitions\/\",\"name\":\"Marques & Acquisitions - CMP\",\"isPartOf\":{\"@id\":\"https:\/\/c-m-p.com\/#website\"},\"primaryImageOfPage\":{\"@id\":\"https:\/\/c-m-p.com\/fr\/acquisitions\/#primaryimage\"},\"image\":{\"@id\":\"https:\/\/c-m-p.com\/fr\/acquisitions\/#primaryimage\"},\"thumbnailUrl\":\"https:\/\/www.c-m-p.com\/wp-content\/uploads\/2013\/05\/red-hex-gradient-shadow-splash-bg.jpg\",\"datePublished\":\"2019-03-14T20:57:52+00:00\",\"dateModified\":\"2021-08-02T14:09:01+00:00\",\"breadcrumb\":{\"@id\":\"https:\/\/c-m-p.com\/fr\/acquisitions\/#breadcrumb\"},\"inLanguage\":\"fr-FR\",\"potentialAction\":[{\"@type\":\"ReadAction\",\"target\":[\"https:\/\/c-m-p.com\/fr\/acquisitions\/\"]}]},{\"@type\":\"ImageObject\",\"inLanguage\":\"fr-FR\",\"@id\":\"https:\/\/c-m-p.com\/fr\/acquisitions\/#primaryimage\",\"url\":\"https:\/\/www.c-m-p.com\/wp-content\/uploads\/2013\/05\/red-hex-gradient-shadow-splash-bg.jpg\",\"contentUrl\":\"https:\/\/www.c-m-p.com\/wp-content\/uploads\/2013\/05\/red-hex-gradient-shadow-splash-bg.jpg\"},{\"@type\":\"BreadcrumbList\",\"@id\":\"https:\/\/c-m-p.com\/fr\/acquisitions\/#breadcrumb\",\"itemListElement\":[{\"@type\":\"ListItem\",\"position\":1,\"name\":\"Home\",\"item\":\"https:\/\/c-m-p.com\/fr\/\"},{\"@type\":\"ListItem\",\"position\":2,\"name\":\"Marques &#038; Acquisitions\"}]},{\"@type\":\"WebSite\",\"@id\":\"https:\/\/c-m-p.com\/#website\",\"url\":\"https:\/\/c-m-p.com\/\",\"name\":\"CMP\",\"description\":\"Pool Products, Spa and Hot Tub Products\",\"publisher\":{\"@id\":\"https:\/\/c-m-p.com\/#organization\"},\"potentialAction\":[{\"@type\":\"SearchAction\",\"target\":{\"@type\":\"EntryPoint\",\"urlTemplate\":\"https:\/\/c-m-p.com\/?s={search_term_string}\"},\"query-input\":{\"@type\":\"PropertyValueSpecification\",\"valueRequired\":true,\"valueName\":\"search_term_string\"}}],\"inLanguage\":\"fr-FR\"},{\"@type\":\"Organization\",\"@id\":\"https:\/\/c-m-p.com\/#organization\",\"name\":\"CMP Pool & Spa Products\",\"url\":\"https:\/\/c-m-p.com\/\",\"logo\":{\"@type\":\"ImageObject\",\"inLanguage\":\"fr-FR\",\"@id\":\"https:\/\/c-m-p.com\/#\/schema\/logo\/image\/\",\"url\":\"https:\/\/43ab809dfe.nxcli.io\/wp-content\/uploads\/2013\/10\/2013-CMP-Logo.jpg\",\"contentUrl\":\"https:\/\/43ab809dfe.nxcli.io\/wp-content\/uploads\/2013\/10\/2013-CMP-Logo.jpg\",\"width\":1000,\"height\":247,\"caption\":\"CMP Pool & Spa Products\"},\"image\":{\"@id\":\"https:\/\/c-m-p.com\/#\/schema\/logo\/image\/\"}}]}<\/script>\n<!-- \/ Yoast SEO plugin. -->","yoast_head_json":{"title":"Marques & Acquisitions - CMP","robots":{"index":"index","follow":"follow","max-snippet":"max-snippet:-1","max-image-preview":"max-image-preview:large","max-video-preview":"max-video-preview:-1"},"canonical":"https:\/\/c-m-p.com\/fr\/acquisitions\/","og_locale":"fr_FR","og_type":"article","og_title":"Marques & Acquisitions - CMP","og_description":"Marques et acquisitions CMP \u00c0 propos de CMP Press CMP In The News Nous cr\u00e9ons des marques que les clients connaissent et auxquelles ils font confiance Les principales gammes de produits CMP sont class\u00e9es en marques de produits vedettes. Chacune de ces marques communique des valeurs et des caract\u00e9ristiques distinctes qui rendent la gamme de... Read more &raquo;","og_url":"https:\/\/c-m-p.com\/fr\/acquisitions\/","og_site_name":"CMP","article_modified_time":"2021-08-02T14:09:01+00:00","og_image":[{"url":"https:\/\/c-m-p.com\/wp-content\/uploads\/2013\/05\/red-hex-gradient-shadow-splash-bg.jpg","type":"","width":"","height":""}],"twitter_misc":{"Est. reading time":"3 minutes"},"schema":{"@context":"https:\/\/schema.org","@graph":[{"@type":"WebPage","@id":"https:\/\/c-m-p.com\/fr\/acquisitions\/","url":"https:\/\/c-m-p.com\/fr\/acquisitions\/","name":"Marques & Acquisitions - CMP","isPartOf":{"@id":"https:\/\/c-m-p.com\/#website"},"primaryImageOfPage":{"@id":"https:\/\/c-m-p.com\/fr\/acquisitions\/#primaryimage"},"image":{"@id":"https:\/\/c-m-p.com\/fr\/acquisitions\/#primaryimage"},"thumbnailUrl":"https:\/\/www.c-m-p.com\/wp-content\/uploads\/2013\/05\/red-hex-gradient-shadow-splash-bg.jpg","datePublished":"2019-03-14T20:57:52+00:00","dateModified":"2021-08-02T14:09:01+00:00","breadcrumb":{"@id":"https:\/\/c-m-p.com\/fr\/acquisitions\/#breadcrumb"},"inLanguage":"fr-FR","potentialAction":[{"@type":"ReadAction","target":["https:\/\/c-m-p.com\/fr\/acquisitions\/"]}]},{"@type":"ImageObject","inLanguage":"fr-FR","@id":"https:\/\/c-m-p.com\/fr\/acquisitions\/#primaryimage","url":"https:\/\/www.c-m-p.com\/wp-content\/uploads\/2013\/05\/red-hex-gradient-shadow-splash-bg.jpg","contentUrl":"https:\/\/www.c-m-p.com\/wp-content\/uploads\/2013\/05\/red-hex-gradient-shadow-splash-bg.jpg"},{"@type":"BreadcrumbList","@id":"https:\/\/c-m-p.com\/fr\/acquisitions\/#breadcrumb","itemListElement":[{"@type":"ListItem","position":1,"name":"Home","item":"https:\/\/c-m-p.com\/fr\/"},{"@type":"ListItem","position":2,"name":"Marques &#038; Acquisitions"}]},{"@type":"WebSite","@id":"https:\/\/c-m-p.com\/#website","url":"https:\/\/c-m-p.com\/","name":"CMP","description":"Pool Products, Spa and Hot Tub Products","publisher":{"@id":"https:\/\/c-m-p.com\/#organization"},"potentialAction":[{"@type":"SearchAction","target":{"@type":"EntryPoint","urlTemplate":"https:\/\/c-m-p.com\/?s={search_term_string}"},"query-input":{"@type":"PropertyValueSpecification","valueRequired":true,"valueName":"search_term_string"}}],"inLanguage":"fr-FR"},{"@type":"Organization","@id":"https:\/\/c-m-p.com\/#organization","name":"CMP Pool & Spa Products","url":"https:\/\/c-m-p.com\/","logo":{"@type":"ImageObject","inLanguage":"fr-FR","@id":"https:\/\/c-m-p.com\/#\/schema\/logo\/image\/","url":"https:\/\/43ab809dfe.nxcli.io\/wp-content\/uploads\/2013\/10\/2013-CMP-Logo.jpg","contentUrl":"https:\/\/43ab809dfe.nxcli.io\/wp-content\/uploads\/2013\/10\/2013-CMP-Logo.jpg","width":1000,"height":247,"caption":"CMP Pool & Spa Products"},"image":{"@id":"https:\/\/c-m-p.com\/#\/schema\/logo\/image\/"}}]}},"_links":{"self":[{"href":"https:\/\/www.c-m-p.com\/fr\/wp-json\/wp\/v2\/pages\/66425","targetHints":{"allow":["GET"]}}],"collection":[{"href":"https:\/\/www.c-m-p.com\/fr\/wp-json\/wp\/v2\/pages"}],"about":[{"href":"https:\/\/www.c-m-p.com\/fr\/wp-json\/wp\/v2\/types\/page"}],"author":[{"embeddable":true,"href":"https:\/\/www.c-m-p.com\/fr\/wp-json\/wp\/v2\/users\/9"}],"replies":[{"embeddable":true,"href":"https:\/\/www.c-m-p.com\/fr\/wp-json\/wp\/v2\/comments?post=66425"}],"version-history":[{"count":0,"href":"https:\/\/www.c-m-p.com\/fr\/wp-json\/wp\/v2\/pages\/66425\/revisions"}],"wp:attachment":[{"href":"https:\/\/www.c-m-p.com\/fr\/wp-json\/wp\/v2\/media?parent=66425"}],"curies":[{"name":"wp","href":"https:\/\/api.w.org\/{rel}","templated":true}]}}