{"id":66446,"date":"2019-04-22T15:26:04","date_gmt":"2019-04-22T20:26:04","guid":{"rendered":"https:\/\/43ab809dfe.nxcli.io\/press\/"},"modified":"2021-08-02T09:01:33","modified_gmt":"2021-08-02T14:01:33","slug":"presse","status":"publish","type":"page","link":"https:\/\/www.c-m-p.com\/fr\/presse\/","title":{"rendered":"presse"},"content":{"rendered":"<p>PRESSE<br \/>\n<img decoding=\"async\" width=\"1401\" height=\"398\" src=\"https:\/\/www.c-m-p.com\/wp-content\/uploads\/2013\/05\/red-hex-gradient-shadow-splash-bg.jpg\" class=\"attachment-full size-full\" alt=\"\" loading=\"lazy\" srcset=\"https:\/\/www.c-m-p.com\/wp-content\/uploads\/2013\/05\/red-hex-gradient-shadow-splash-bg.jpg 1401w, https:\/\/www.c-m-p.com\/wp-content\/uploads\/2013\/05\/red-hex-gradient-shadow-splash-bg-300x85.jpg 300w, https:\/\/www.c-m-p.com\/wp-content\/uploads\/2013\/05\/red-hex-gradient-shadow-splash-bg-1024x290.jpg 1024w, https:\/\/www.c-m-p.com\/wp-content\/uploads\/2013\/05\/red-hex-gradient-shadow-splash-bg-568x161.jpg 568w, https:\/\/www.c-m-p.com\/wp-content\/uploads\/2013\/05\/red-hex-gradient-shadow-splash-bg-235x66.jpg 235w, https:\/\/www.c-m-p.com\/wp-content\/uploads\/2013\/05\/red-hex-gradient-shadow-splash-bg-307x87.jpg 307w\" sizes=\"auto, (max-width: 1401px) 100vw, 1401px\" \/><br \/>\n\u00c0 propos de CMP<br \/>\nMarques &#038; Acquisitions<br \/>\nCMP In The News<br \/>\n<img decoding=\"async\" width=\"1200\" height=\"800\" src=\"https:\/\/www.c-m-p.com\/wp-content\/uploads\/2021\/04\/fluidra-acquires-cmp-bruce-tom-headshots.jpg\" class=\"attachment-full size-full\" alt=\"\" loading=\"lazy\" srcset=\"https:\/\/www.c-m-p.com\/wp-content\/uploads\/2021\/04\/fluidra-acquires-cmp-bruce-tom-headshots.jpg 1200w, https:\/\/www.c-m-p.com\/wp-content\/uploads\/2021\/04\/fluidra-acquires-cmp-bruce-tom-headshots-300x200.jpg 300w, https:\/\/www.c-m-p.com\/wp-content\/uploads\/2021\/04\/fluidra-acquires-cmp-bruce-tom-headshots-1024x683.jpg 1024w, https:\/\/www.c-m-p.com\/wp-content\/uploads\/2021\/04\/fluidra-acquires-cmp-bruce-tom-headshots-768x512.jpg 768w, https:\/\/www.c-m-p.com\/wp-content\/uploads\/2021\/04\/fluidra-acquires-cmp-bruce-tom-headshots-568x379.jpg 568w, https:\/\/www.c-m-p.com\/wp-content\/uploads\/2021\/04\/fluidra-acquires-cmp-bruce-tom-headshots-235x157.jpg 235w, https:\/\/www.c-m-p.com\/wp-content\/uploads\/2021\/04\/fluidra-acquires-cmp-bruce-tom-headshots-307x205.jpg 307w\" sizes=\"auto, (max-width: 1200px) 100vw, 1200px\" \/><br \/>\nFluidra renforce son leadership dans l&#8217;industrie avec l&#8217;acquisition de CMP<br \/>\n<a href=\"https:\/\/www.fluidra.com\">Fluidra<\/a>, le leader mondial cot\u00e9 en Espagne du secteur de la piscine et du bien-\u00eatre, annonce l&#8217;acquisition de la soci\u00e9t\u00e9 am\u00e9ricaine CMP, la deuxi\u00e8me plus grande op\u00e9ration de Fluidra histoire apr\u00e8s Zodiac Pool Systems.<\/p>\n<p>La transaction aura une contribution positive au b\u00e9n\u00e9fice par action en esp\u00e8ces d\u00e8s le premier jour, \u00e9largissant rapidement son offre dans plusieurs cat\u00e9gories de croissance strat\u00e9giques, notamment les d\u00e9sinfectants, les produits blancs et les \u00e9quipements de spa d\u00e9di\u00e9s.<br \/>\n<img decoding=\"async\" width=\"1200\" height=\"800\" src=\"https:\/\/www.c-m-p.com\/wp-content\/uploads\/2020\/09\/next-gen-aop-press-release.jpg\" class=\"attachment-full size-full\" alt=\"\" loading=\"lazy\" srcset=\"https:\/\/www.c-m-p.com\/wp-content\/uploads\/2020\/09\/next-gen-aop-press-release.jpg 1200w, https:\/\/www.c-m-p.com\/wp-content\/uploads\/2020\/09\/next-gen-aop-press-release-300x200.jpg 300w, https:\/\/www.c-m-p.com\/wp-content\/uploads\/2020\/09\/next-gen-aop-press-release-1024x683.jpg 1024w, https:\/\/www.c-m-p.com\/wp-content\/uploads\/2020\/09\/next-gen-aop-press-release-768x512.jpg 768w, https:\/\/www.c-m-p.com\/wp-content\/uploads\/2020\/09\/next-gen-aop-press-release-568x379.jpg 568w, https:\/\/www.c-m-p.com\/wp-content\/uploads\/2020\/09\/next-gen-aop-press-release-235x157.jpg 235w, https:\/\/www.c-m-p.com\/wp-content\/uploads\/2020\/09\/next-gen-aop-press-release-307x205.jpg 307w\" sizes=\"auto, (max-width: 1200px) 100vw, 1200px\" \/><br \/>\nCMP pr\u00e9sente de nouveaux syst\u00e8mes avanc\u00e9s de d\u00e9sinfection de processus d&#8217;oxydation<br \/>\n<span style=\"font-weight: 400;\">CMP annonce deux nouveaux mod\u00e8les dans la gamme de produits DEL AOP leader du secteur\u00a0: DEL AOP 40 et AOP 25. <\/span><\/p>\n<p><span style=\"font-weight: 400;\">DEL \u00e9tait une entr\u00e9e originale sur le march\u00e9 des piscines r\u00e9sidentielles AOP avec le r\u00e9volutionnaire AOP 50, et a suivi avec le compact AOP 25.<\/span><\/p>\n<p><a href=\"https:\/\/www.c-m-p.com\/fr\/produits-de-piscine\/piscine-assainisseurs\/del-aop\/\">Afficher les produits Next Gen AOP&#x2122; maintenant.<\/a><br \/>\n<img decoding=\"async\" width=\"1200\" height=\"800\" src=\"https:\/\/www.c-m-p.com\/wp-content\/uploads\/2020\/05\/uv-sterilizer-side-angle.png\" class=\"attachment-full size-full\" alt=\"\" loading=\"lazy\" srcset=\"https:\/\/www.c-m-p.com\/wp-content\/uploads\/2020\/05\/uv-sterilizer-side-angle.png 1200w, https:\/\/www.c-m-p.com\/wp-content\/uploads\/2020\/05\/uv-sterilizer-side-angle-300x200.png 300w, https:\/\/www.c-m-p.com\/wp-content\/uploads\/2020\/05\/uv-sterilizer-side-angle-1024x683.png 1024w, https:\/\/www.c-m-p.com\/wp-content\/uploads\/2020\/05\/uv-sterilizer-side-angle-768x512.png 768w, https:\/\/www.c-m-p.com\/wp-content\/uploads\/2020\/05\/uv-sterilizer-side-angle-568x379.png 568w, https:\/\/www.c-m-p.com\/wp-content\/uploads\/2020\/05\/uv-sterilizer-side-angle-235x157.png 235w, https:\/\/www.c-m-p.com\/wp-content\/uploads\/2020\/05\/uv-sterilizer-side-angle-307x205.png 307w\" sizes=\"auto, (max-width: 1200px) 100vw, 1200px\" \/><br \/>\nCMP lance un nouveau produit en r\u00e9ponse \u00e0 COVID-19<br \/>\nCMP utilise l&#8217;expertise des produits d\u00e9sinfectants pour tuer les bact\u00e9ries et amp; virus, y compris ceux similaires \u00e0 COVID-19. Pr\u00e9sentation du DEL Clean Ultraviolet Disinfector, une nouvelle \u00ab\u00a0arme\u00a0\u00bb puissante contre les bact\u00e9ries, les micro-organismes et les virus nocifs.<\/p>\n<p>Consultez ce produit sur <a href=\"https:\/\/www.delcleandisinfector.com\/\">delcleandisinfector.com<\/a>.<br \/>\n<img decoding=\"async\" width=\"1231\" height=\"306\" src=\"https:\/\/www.c-m-p.com\/wp-content\/uploads\/2019\/08\/CMP-Commercial-LogoColor@3x-100.jpg\" class=\"attachment-full size-full\" alt=\"\" loading=\"lazy\" srcset=\"https:\/\/www.c-m-p.com\/wp-content\/uploads\/2019\/08\/CMP-Commercial-LogoColor@3x-100.jpg 1231w, https:\/\/www.c-m-p.com\/wp-content\/uploads\/2019\/08\/CMP-Commercial-LogoColor@3x-100-300x75.jpg 300w, https:\/\/www.c-m-p.com\/wp-content\/uploads\/2019\/08\/CMP-Commercial-LogoColor@3x-100-768x191.jpg 768w, https:\/\/www.c-m-p.com\/wp-content\/uploads\/2019\/08\/CMP-Commercial-LogoColor@3x-100-1024x255.jpg 1024w, https:\/\/www.c-m-p.com\/wp-content\/uploads\/2019\/08\/CMP-Commercial-LogoColor@3x-100-568x141.jpg 568w, https:\/\/www.c-m-p.com\/wp-content\/uploads\/2019\/08\/CMP-Commercial-LogoColor@3x-100-235x58.jpg 235w, https:\/\/www.c-m-p.com\/wp-content\/uploads\/2019\/08\/CMP-Commercial-LogoColor@3x-100-307x76.jpg 307w\" sizes=\"auto, (max-width: 1231px) 100vw, 1231px\" \/><br \/>\nCMP lance une nouvelle division de produits commerciaux et un nouveau site Web<br \/>\nCMP a lanc\u00e9 une nouvelle division de produits commerciaux et une nouvelle structure de support. CMP Commercial refl\u00e8te un investissement accru dans l&#8217;industrie aquatique pour CMP et intervient alors que la demande mondiale de solutions de d\u00e9sinfection aquatique continue de s&#8217;acc\u00e9l\u00e9rer.<\/p>\n<p>Les industries desservies comprennent les piscines commerciales et les centres aquatiques, ainsi que les syst\u00e8mes de support de vie (&#8220;LSS&#8221;) pour les zoos et aquariums, les centres de sciences marines et les installations de recherche.<br \/>\n<img decoding=\"async\" width=\"560\" height=\"370\" src=\"https:\/\/www.c-m-p.com\/wp-content\/uploads\/2019\/04\/bill-tom.jpg\" class=\"attachment-full size-full\" alt=\"\" loading=\"lazy\" srcset=\"https:\/\/www.c-m-p.com\/wp-content\/uploads\/2019\/04\/bill-tom.jpg 560w, https:\/\/www.c-m-p.com\/wp-content\/uploads\/2019\/04\/bill-tom-300x198.jpg 300w, https:\/\/www.c-m-p.com\/wp-content\/uploads\/2019\/04\/bill-tom-235x155.jpg 235w, https:\/\/www.c-m-p.com\/wp-content\/uploads\/2019\/04\/bill-tom-307x203.jpg 307w\" sizes=\"auto, (max-width: 560px) 100vw, 560px\" \/><br \/>\nCMP annonce une transition de leadership avec un nouveau pr\u00e9sident et pr\u00e9sident du conseil d&#8217;administration<br \/>\nCMP annonce la nomination de l&#8217;actuel vice-pr\u00e9sident ex\u00e9cutif Tom Moore au poste de pr\u00e9sident et du cofondateur, le Dr William Drury au poste de pr\u00e9sident du conseil d&#8217;administration.<\/p>\n<p>\u00ab\u00a0Les ant\u00e9c\u00e9dents et l&#8217;exp\u00e9rience de Tom le rendent particuli\u00e8rement apte \u00e0 b\u00e2tir sur notre solide base de succ\u00e8s \u00bb, a d\u00e9clar\u00e9 le Dr Drury. \u00ab Toute l&#8217;\u00e9quipe est tr\u00e8s heureuse d&#8217;avoir Tom comme pr\u00e9sident \u00bb, a ajout\u00e9 le Dr Drury.<br \/>\n<img decoding=\"async\" width=\"1404\" height=\"746\" src=\"https:\/\/www.c-m-p.com\/wp-content\/uploads\/2018\/10\/Bobe-Logo-WF-Lockup-black.png\" class=\"attachment-full size-full\" alt=\"\" loading=\"lazy\" srcset=\"https:\/\/www.c-m-p.com\/wp-content\/uploads\/2018\/10\/Bobe-Logo-WF-Lockup-black.png 1404w, https:\/\/www.c-m-p.com\/wp-content\/uploads\/2018\/10\/Bobe-Logo-WF-Lockup-black-300x159.png 300w, https:\/\/www.c-m-p.com\/wp-content\/uploads\/2018\/10\/Bobe-Logo-WF-Lockup-black-768x408.png 768w, https:\/\/www.c-m-p.com\/wp-content\/uploads\/2018\/10\/Bobe-Logo-WF-Lockup-black-1024x544.png 1024w, https:\/\/www.c-m-p.com\/wp-content\/uploads\/2018\/10\/Bobe-Logo-WF-Lockup-black-568x302.png 568w, https:\/\/www.c-m-p.com\/wp-content\/uploads\/2018\/10\/Bobe-Logo-WF-Lockup-black-235x125.png 235w, https:\/\/www.c-m-p.com\/wp-content\/uploads\/2018\/10\/Bobe-Logo-WF-Lockup-black-307x163.png 307w\" sizes=\"auto, (max-width: 1404px) 100vw, 1404px\" \/><br \/>\nCMP acquiert Bob\u00e9 Water &#038; Fire, ajoutant de nouveaux \u00e9l\u00e9ments \u00e0 un portefeuille en croissance<br \/>\nCMP acquiert Bob\u00e9 Water &amp; Fire, compl\u00e9tant l&#8217;offre de l&#8217;entreprise en mati\u00e8re d&#8217;am\u00e9nagements ext\u00e9rieurs esth\u00e9tiques et ajoutant de nouvelles technologies de fabrication et de nouveaux talents.<\/p>\n<p>Cette quatri\u00e8me acquisition refl\u00e8te l&#8217;engagement du fabricant \u00e0 \u00e9largir sa gamme de caract\u00e9ristiques de conception de piscine haut de gamme en tant que partie importante de sa strat\u00e9gie de croissance.<\/p>\n<p>Bob\u00e9 apporte \u00e0 CMP des capacit\u00e9s de fabrication de m\u00e9taux de niveau artisanal, ainsi qu&#8217;une technologie unique sur les applications de feu et d&#8217;eau dans la conception de piscines et de jardins.<br \/>\n<img decoding=\"async\" width=\"1200\" height=\"958\" src=\"https:\/\/www.c-m-p.com\/wp-content\/uploads\/2019\/03\/aso-aquanova-1.jpg\" class=\"attachment-full size-full\" alt=\"\" loading=\"lazy\" srcset=\"https:\/\/www.c-m-p.com\/wp-content\/uploads\/2019\/03\/aso-aquanova-1.jpg 1200w, https:\/\/www.c-m-p.com\/wp-content\/uploads\/2019\/03\/aso-aquanova-1-300x240.jpg 300w, https:\/\/www.c-m-p.com\/wp-content\/uploads\/2019\/03\/aso-aquanova-1-768x613.jpg 768w, https:\/\/www.c-m-p.com\/wp-content\/uploads\/2019\/03\/aso-aquanova-1-1024x817.jpg 1024w, https:\/\/www.c-m-p.com\/wp-content\/uploads\/2019\/03\/aso-aquanova-1-568x453.jpg 568w, https:\/\/www.c-m-p.com\/wp-content\/uploads\/2019\/03\/aso-aquanova-1-235x188.jpg 235w, https:\/\/www.c-m-p.com\/wp-content\/uploads\/2019\/03\/aso-aquanova-1-307x245.jpg 307w\" sizes=\"auto, (max-width: 1200px) 100vw, 1200px\" \/><br \/>\nCMP acquiert Aqua Sun Ozone, de Palm Springs, en Californie<br \/>\nCMP continue de concr\u00e9tiser son engagement \u00e0 fournir des solutions innovantes aux consommateurs, aux professionnels de la piscine et des spas OEM avec sa troisi\u00e8me acquisition d&#8217;Aqua Sun Ozone, International, Inc.<\/p>\n<p>ASO est connu pour ses produits, notamment AquaNova\u00ae, un d\u00e9sinfectant AOP con\u00e7u pour les fabricants de spas qui \u00e9limine les contaminants d&#8217;origine hydrique et autres sous-produits couramment trouv\u00e9s dans les spas et les piscines.<\/p>\n<p>La croissance de CMP dans la cat\u00e9gorie des d\u00e9sinfectants fait partie d&#8217;une strat\u00e9gie globale visant \u00e0 apporter des solutions compl\u00e8tes et modernes \u00e0 l&#8217;industrie des eaux r\u00e9cr\u00e9atives.<br \/>\n<img decoding=\"async\" width=\"1200\" height=\"958\" src=\"https:\/\/www.c-m-p.com\/wp-content\/uploads\/2019\/03\/sgs-logo-1200.jpg\" class=\"attachment-full size-full\" alt=\"\" loading=\"lazy\" srcset=\"https:\/\/www.c-m-p.com\/wp-content\/uploads\/2019\/03\/sgs-logo-1200.jpg 1200w, https:\/\/www.c-m-p.com\/wp-content\/uploads\/2019\/03\/sgs-logo-1200-300x240.jpg 300w, https:\/\/www.c-m-p.com\/wp-content\/uploads\/2019\/03\/sgs-logo-1200-768x613.jpg 768w, https:\/\/www.c-m-p.com\/wp-content\/uploads\/2019\/03\/sgs-logo-1200-1024x817.jpg 1024w, https:\/\/www.c-m-p.com\/wp-content\/uploads\/2019\/03\/sgs-logo-1200-568x453.jpg 568w, https:\/\/www.c-m-p.com\/wp-content\/uploads\/2019\/03\/sgs-logo-1200-235x188.jpg 235w, https:\/\/www.c-m-p.com\/wp-content\/uploads\/2019\/03\/sgs-logo-1200-307x245.jpg 307w\" sizes=\"auto, (max-width: 1200px) 100vw, 1200px\" \/><br \/>\nCMP acquiert Saline Generating Systems en Arizona<br \/>\nCMP ajoute des syst\u00e8mes de chloration \u00e0 l&#8217;eau sal\u00e9e commerciaux et r\u00e9sidentiels gr\u00e2ce \u00e0 l&#8217;acquisition de SGS.<\/p>\n<p>En proposant des syst\u00e8mes de g\u00e9n\u00e9ration de chlore, CMP est en mesure de fournir aux clients une gamme plus compl\u00e8te de produits de d\u00e9sinfection de l&#8217;eau.<\/p>\n<p>La marque SGS offrira aux partenaires CMP et aux clients des syst\u00e8mes de g\u00e9n\u00e9ration de sel hautes performances avec des conceptions conviviales pour un fonctionnement simple, une fiabilit\u00e9 et une long\u00e9vit\u00e9 accrue.<br \/>\n<img decoding=\"async\" width=\"1001\" height=\"345\" src=\"https:\/\/www.c-m-p.com\/wp-content\/uploads\/2017\/09\/DEL-Logo-Original-Artboard-1.jpg\" class=\"attachment-full size-full\" alt=\"\" loading=\"lazy\" srcset=\"https:\/\/www.c-m-p.com\/wp-content\/uploads\/2017\/09\/DEL-Logo-Original-Artboard-1.jpg 1001w, https:\/\/www.c-m-p.com\/wp-content\/uploads\/2017\/09\/DEL-Logo-Original-Artboard-1-300x103.jpg 300w, https:\/\/www.c-m-p.com\/wp-content\/uploads\/2017\/09\/DEL-Logo-Original-Artboard-1-768x265.jpg 768w, https:\/\/www.c-m-p.com\/wp-content\/uploads\/2017\/09\/DEL-Logo-Original-Artboard-1-568x196.jpg 568w, https:\/\/www.c-m-p.com\/wp-content\/uploads\/2017\/09\/DEL-Logo-Original-Artboard-1-235x81.jpg 235w, https:\/\/www.c-m-p.com\/wp-content\/uploads\/2017\/09\/DEL-Logo-Original-Artboard-1-307x106.jpg 307w\" sizes=\"auto, (max-width: 1001px) 100vw, 1001px\" \/><br \/>\nCMP acquiert DEL Ozone\u00ae, Advanced Sanitation Systems<br \/>\nCMP ajoute la technologie avanc\u00e9e de l&#8217;ozone et des UV gr\u00e2ce \u00e0 l&#8217;acquisition de DEL Ozone.<\/p>\n<p>DEL Ozone est l&#8217;un des principaux fabricants mondiaux de solutions de d\u00e9sinfection \u00e0 l&#8217;ozone et aux UV pour les piscines commerciales et r\u00e9sidentielles, les spas et les applications industrielles.<\/p>\n<p>L&#8217;expertise et les offres de produits combin\u00e9es permettent \u00e0 CMP d&#8217;offrir une valeur accrue aux clients de DEL Ozone et de CMP en tirant parti de l&#8217;exp\u00e9rience, des produits et des services des deux organisations.<br \/>\nCMP pr\u00e9sente Brilliant Wonders\u00ae Smart Sync&#x2122; pour le contr\u00f4le universel de la piscine \u00e0 \u00e9clairage LED<br \/>\nCMP annonce la nouvelle technologie Smart Sync&#x2122; int\u00e9gr\u00e9e, mettant \u00e0 niveau les piscines avec de nouvelles fonctionnalit\u00e9s d&#8217;\u00e9clairage LED qu<br \/>\nCMP met \u00e0 niveau son site Web Le nouveau mode espagnol prend en charge l&#8217;industrie en pleine croissance<br \/>\nCMP annonce le lancement de son nouveau mode de site Web espagnol pour www.c-m-p.com, disponible directement sur https:\/\/www.c-m-p.com\/es.<br \/>\nCMP pr\u00e9sente les solutions d&#8217;\u00e9clairage LED pour piscine totale Brilliant Wonders\u00ae<br \/>\nCMP est fier de pr\u00e9senter la nouvelle lampe LED Brilliant Wonders\u00ae avec la technologie Smart Sync&#x2122; int\u00e9gr\u00e9e.<br \/>\nCMP annonce la nouvelle lumi\u00e8re LED Brilliant Wonders\u00ae 1,5 po<br \/>\nLa conception sans niche haute performance de la nouvelle lampe \u00e0 LED Brilliant Wonders\u00ae s&#8217;installe dans n&#8217;importe quel raccord mural de pis<br \/>\nCMP annonce le d\u00e9part \u00e0 la retraite du cofondateur de l&#8217;entreprise, le Dr Charles Li<br \/>\nCMP a annonc\u00e9 ce mois-ci le d\u00e9part \u00e0 la retraite de l&#8217;un des fondateurs de l&#8217;entreprise, le Dr Charles Li.<\/p>\n","protected":false},"excerpt":{"rendered":"<p>PRESSE \u00c0 propos de CMP Marques &#038; Acquisitions CMP In The News Fluidra renforce son leadership dans l&#8217;industrie avec l&#8217;acquisition de CMP Fluidra, le leader mondial cot\u00e9 en Espagne du secteur de la piscine et du bien-\u00eatre, annonce l&#8217;acquisition de la soci\u00e9t\u00e9 am\u00e9ricaine CMP, la deuxi\u00e8me plus grande op\u00e9ration de Fluidra histoire apr\u00e8s Zodiac Pool&#8230;  <a href=\"https:\/\/www.c-m-p.com\/fr\/presse\/\" title=\"Read presse\">Read more &raquo;<\/a><\/p>\n","protected":false},"author":9,"featured_media":0,"parent":0,"menu_order":0,"comment_status":"closed","ping_status":"closed","template":"rci-flex-template.php","meta":{"_acf_changed":false,"_oasis_is_in_workflow":0,"_oasis_original":0,"_mi_skip_tracking":false,"_monsterinsights_sitenote_active":false,"_monsterinsights_sitenote_note":"","_monsterinsights_sitenote_category":0,"footnotes":""},"class_list":["post-66446","page","type-page","status-publish","hentry"],"acf":[],"yoast_head":"<!-- This site is optimized with the Yoast SEO plugin v27.2 - https:\/\/yoast.com\/product\/yoast-seo-wordpress\/ -->\n<title>presse - CMP<\/title>\n<meta name=\"robots\" content=\"index, follow, max-snippet:-1, max-image-preview:large, max-video-preview:-1\" \/>\n<link rel=\"canonical\" href=\"https:\/\/c-m-p.com\/fr\/presse\/\" \/>\n<meta property=\"og:locale\" content=\"fr_FR\" \/>\n<meta property=\"og:type\" content=\"article\" \/>\n<meta property=\"og:title\" content=\"presse - CMP\" \/>\n<meta property=\"og:description\" content=\"PRESSE \u00c0 propos de CMP Marques &#038; Acquisitions CMP In The News Fluidra renforce son leadership dans l&#8217;industrie avec l&#8217;acquisition de CMP Fluidra, le leader mondial cot\u00e9 en Espagne du secteur de la piscine et du bien-\u00eatre, annonce l&#8217;acquisition de la soci\u00e9t\u00e9 am\u00e9ricaine CMP, la deuxi\u00e8me plus grande op\u00e9ration de Fluidra histoire apr\u00e8s Zodiac Pool... Read more &raquo;\" \/>\n<meta property=\"og:url\" content=\"https:\/\/c-m-p.com\/fr\/presse\/\" \/>\n<meta property=\"og:site_name\" content=\"CMP\" \/>\n<meta property=\"article:modified_time\" content=\"2021-08-02T14:01:33+00:00\" \/>\n<meta property=\"og:image\" content=\"https:\/\/c-m-p.com\/wp-content\/uploads\/2013\/05\/red-hex-gradient-shadow-splash-bg.jpg\" \/>\n<meta name=\"twitter:label1\" content=\"Est. reading time\" \/>\n\t<meta name=\"twitter:data1\" content=\"5 minutes\" \/>\n<script type=\"application\/ld+json\" class=\"yoast-schema-graph\">{\"@context\":\"https:\/\/schema.org\",\"@graph\":[{\"@type\":\"WebPage\",\"@id\":\"https:\/\/c-m-p.com\/fr\/presse\/\",\"url\":\"https:\/\/c-m-p.com\/fr\/presse\/\",\"name\":\"presse - CMP\",\"isPartOf\":{\"@id\":\"https:\/\/c-m-p.com\/#website\"},\"primaryImageOfPage\":{\"@id\":\"https:\/\/c-m-p.com\/fr\/presse\/#primaryimage\"},\"image\":{\"@id\":\"https:\/\/c-m-p.com\/fr\/presse\/#primaryimage\"},\"thumbnailUrl\":\"https:\/\/www.c-m-p.com\/wp-content\/uploads\/2013\/05\/red-hex-gradient-shadow-splash-bg.jpg\",\"datePublished\":\"2019-04-22T20:26:04+00:00\",\"dateModified\":\"2021-08-02T14:01:33+00:00\",\"breadcrumb\":{\"@id\":\"https:\/\/c-m-p.com\/fr\/presse\/#breadcrumb\"},\"inLanguage\":\"fr-FR\",\"potentialAction\":[{\"@type\":\"ReadAction\",\"target\":[\"https:\/\/c-m-p.com\/fr\/presse\/\"]}]},{\"@type\":\"ImageObject\",\"inLanguage\":\"fr-FR\",\"@id\":\"https:\/\/c-m-p.com\/fr\/presse\/#primaryimage\",\"url\":\"https:\/\/www.c-m-p.com\/wp-content\/uploads\/2013\/05\/red-hex-gradient-shadow-splash-bg.jpg\",\"contentUrl\":\"https:\/\/www.c-m-p.com\/wp-content\/uploads\/2013\/05\/red-hex-gradient-shadow-splash-bg.jpg\"},{\"@type\":\"BreadcrumbList\",\"@id\":\"https:\/\/c-m-p.com\/fr\/presse\/#breadcrumb\",\"itemListElement\":[{\"@type\":\"ListItem\",\"position\":1,\"name\":\"Home\",\"item\":\"https:\/\/c-m-p.com\/fr\/\"},{\"@type\":\"ListItem\",\"position\":2,\"name\":\"presse\"}]},{\"@type\":\"WebSite\",\"@id\":\"https:\/\/c-m-p.com\/#website\",\"url\":\"https:\/\/c-m-p.com\/\",\"name\":\"CMP\",\"description\":\"Pool Products, Spa and Hot Tub Products\",\"publisher\":{\"@id\":\"https:\/\/c-m-p.com\/#organization\"},\"potentialAction\":[{\"@type\":\"SearchAction\",\"target\":{\"@type\":\"EntryPoint\",\"urlTemplate\":\"https:\/\/c-m-p.com\/?s={search_term_string}\"},\"query-input\":{\"@type\":\"PropertyValueSpecification\",\"valueRequired\":true,\"valueName\":\"search_term_string\"}}],\"inLanguage\":\"fr-FR\"},{\"@type\":\"Organization\",\"@id\":\"https:\/\/c-m-p.com\/#organization\",\"name\":\"CMP Pool & Spa Products\",\"url\":\"https:\/\/c-m-p.com\/\",\"logo\":{\"@type\":\"ImageObject\",\"inLanguage\":\"fr-FR\",\"@id\":\"https:\/\/c-m-p.com\/#\/schema\/logo\/image\/\",\"url\":\"https:\/\/43ab809dfe.nxcli.io\/wp-content\/uploads\/2013\/10\/2013-CMP-Logo.jpg\",\"contentUrl\":\"https:\/\/43ab809dfe.nxcli.io\/wp-content\/uploads\/2013\/10\/2013-CMP-Logo.jpg\",\"width\":1000,\"height\":247,\"caption\":\"CMP Pool & Spa Products\"},\"image\":{\"@id\":\"https:\/\/c-m-p.com\/#\/schema\/logo\/image\/\"}}]}<\/script>\n<!-- \/ Yoast SEO plugin. -->","yoast_head_json":{"title":"presse - CMP","robots":{"index":"index","follow":"follow","max-snippet":"max-snippet:-1","max-image-preview":"max-image-preview:large","max-video-preview":"max-video-preview:-1"},"canonical":"https:\/\/c-m-p.com\/fr\/presse\/","og_locale":"fr_FR","og_type":"article","og_title":"presse - CMP","og_description":"PRESSE \u00c0 propos de CMP Marques &#038; Acquisitions CMP In The News Fluidra renforce son leadership dans l&#8217;industrie avec l&#8217;acquisition de CMP Fluidra, le leader mondial cot\u00e9 en Espagne du secteur de la piscine et du bien-\u00eatre, annonce l&#8217;acquisition de la soci\u00e9t\u00e9 am\u00e9ricaine CMP, la deuxi\u00e8me plus grande op\u00e9ration de Fluidra histoire apr\u00e8s Zodiac Pool... Read more &raquo;","og_url":"https:\/\/c-m-p.com\/fr\/presse\/","og_site_name":"CMP","article_modified_time":"2021-08-02T14:01:33+00:00","og_image":[{"url":"https:\/\/c-m-p.com\/wp-content\/uploads\/2013\/05\/red-hex-gradient-shadow-splash-bg.jpg","type":"","width":"","height":""}],"twitter_misc":{"Est. reading time":"5 minutes"},"schema":{"@context":"https:\/\/schema.org","@graph":[{"@type":"WebPage","@id":"https:\/\/c-m-p.com\/fr\/presse\/","url":"https:\/\/c-m-p.com\/fr\/presse\/","name":"presse - CMP","isPartOf":{"@id":"https:\/\/c-m-p.com\/#website"},"primaryImageOfPage":{"@id":"https:\/\/c-m-p.com\/fr\/presse\/#primaryimage"},"image":{"@id":"https:\/\/c-m-p.com\/fr\/presse\/#primaryimage"},"thumbnailUrl":"https:\/\/www.c-m-p.com\/wp-content\/uploads\/2013\/05\/red-hex-gradient-shadow-splash-bg.jpg","datePublished":"2019-04-22T20:26:04+00:00","dateModified":"2021-08-02T14:01:33+00:00","breadcrumb":{"@id":"https:\/\/c-m-p.com\/fr\/presse\/#breadcrumb"},"inLanguage":"fr-FR","potentialAction":[{"@type":"ReadAction","target":["https:\/\/c-m-p.com\/fr\/presse\/"]}]},{"@type":"ImageObject","inLanguage":"fr-FR","@id":"https:\/\/c-m-p.com\/fr\/presse\/#primaryimage","url":"https:\/\/www.c-m-p.com\/wp-content\/uploads\/2013\/05\/red-hex-gradient-shadow-splash-bg.jpg","contentUrl":"https:\/\/www.c-m-p.com\/wp-content\/uploads\/2013\/05\/red-hex-gradient-shadow-splash-bg.jpg"},{"@type":"BreadcrumbList","@id":"https:\/\/c-m-p.com\/fr\/presse\/#breadcrumb","itemListElement":[{"@type":"ListItem","position":1,"name":"Home","item":"https:\/\/c-m-p.com\/fr\/"},{"@type":"ListItem","position":2,"name":"presse"}]},{"@type":"WebSite","@id":"https:\/\/c-m-p.com\/#website","url":"https:\/\/c-m-p.com\/","name":"CMP","description":"Pool Products, Spa and Hot Tub Products","publisher":{"@id":"https:\/\/c-m-p.com\/#organization"},"potentialAction":[{"@type":"SearchAction","target":{"@type":"EntryPoint","urlTemplate":"https:\/\/c-m-p.com\/?s={search_term_string}"},"query-input":{"@type":"PropertyValueSpecification","valueRequired":true,"valueName":"search_term_string"}}],"inLanguage":"fr-FR"},{"@type":"Organization","@id":"https:\/\/c-m-p.com\/#organization","name":"CMP Pool & Spa Products","url":"https:\/\/c-m-p.com\/","logo":{"@type":"ImageObject","inLanguage":"fr-FR","@id":"https:\/\/c-m-p.com\/#\/schema\/logo\/image\/","url":"https:\/\/43ab809dfe.nxcli.io\/wp-content\/uploads\/2013\/10\/2013-CMP-Logo.jpg","contentUrl":"https:\/\/43ab809dfe.nxcli.io\/wp-content\/uploads\/2013\/10\/2013-CMP-Logo.jpg","width":1000,"height":247,"caption":"CMP Pool & Spa Products"},"image":{"@id":"https:\/\/c-m-p.com\/#\/schema\/logo\/image\/"}}]}},"_links":{"self":[{"href":"https:\/\/www.c-m-p.com\/fr\/wp-json\/wp\/v2\/pages\/66446","targetHints":{"allow":["GET"]}}],"collection":[{"href":"https:\/\/www.c-m-p.com\/fr\/wp-json\/wp\/v2\/pages"}],"about":[{"href":"https:\/\/www.c-m-p.com\/fr\/wp-json\/wp\/v2\/types\/page"}],"author":[{"embeddable":true,"href":"https:\/\/www.c-m-p.com\/fr\/wp-json\/wp\/v2\/users\/9"}],"replies":[{"embeddable":true,"href":"https:\/\/www.c-m-p.com\/fr\/wp-json\/wp\/v2\/comments?post=66446"}],"version-history":[{"count":0,"href":"https:\/\/www.c-m-p.com\/fr\/wp-json\/wp\/v2\/pages\/66446\/revisions"}],"wp:attachment":[{"href":"https:\/\/www.c-m-p.com\/fr\/wp-json\/wp\/v2\/media?parent=66446"}],"curies":[{"name":"wp","href":"https:\/\/api.w.org\/{rel}","templated":true}]}}