{"id":66459,"date":"2021-02-26T14:15:14","date_gmt":"2021-02-26T19:15:14","guid":{"rendered":"https:\/\/43ab809dfe.nxcli.io\/cmp-in-news\/"},"modified":"2021-07-21T02:58:10","modified_gmt":"2021-07-21T07:58:10","slug":"cmp-dans-nouvelles","status":"publish","type":"page","link":"https:\/\/www.c-m-p.com\/fr\/cmp-dans-nouvelles\/","title":{"rendered":"CMP dans les nouvelles"},"content":{"rendered":"<p>CMP dans les nouvelles<br \/>\n<img decoding=\"async\" width=\"1401\" height=\"398\" src=\"https:\/\/www.c-m-p.com\/wp-content\/uploads\/2013\/05\/red-hex-gradient-shadow-splash-bg.jpg\" class=\"attachment-full size-full\" alt=\"\" loading=\"lazy\" srcset=\"https:\/\/www.c-m-p.com\/wp-content\/uploads\/2013\/05\/red-hex-gradient-shadow-splash-bg.jpg 1401w, https:\/\/www.c-m-p.com\/wp-content\/uploads\/2013\/05\/red-hex-gradient-shadow-splash-bg-300x85.jpg 300w, https:\/\/www.c-m-p.com\/wp-content\/uploads\/2013\/05\/red-hex-gradient-shadow-splash-bg-1024x290.jpg 1024w, https:\/\/www.c-m-p.com\/wp-content\/uploads\/2013\/05\/red-hex-gradient-shadow-splash-bg-568x161.jpg 568w, https:\/\/www.c-m-p.com\/wp-content\/uploads\/2013\/05\/red-hex-gradient-shadow-splash-bg-235x66.jpg 235w, https:\/\/www.c-m-p.com\/wp-content\/uploads\/2013\/05\/red-hex-gradient-shadow-splash-bg-307x87.jpg 307w\" sizes=\"auto, (max-width: 1401px) 100vw, 1401px\" \/><br \/>\n\u00c0 propos de CMP<br \/>\npresse<br \/>\nMarques &#038; Acquisitions<br \/>\n<img decoding=\"async\" width=\"1200\" height=\"800\" src=\"https:\/\/www.c-m-p.com\/wp-content\/uploads\/2021\/03\/spa-air-x-jets-hot-tub-shoot.jpg\" class=\"attachment-full size-full\" alt=\"\" loading=\"lazy\" srcset=\"https:\/\/www.c-m-p.com\/wp-content\/uploads\/2021\/03\/spa-air-x-jets-hot-tub-shoot.jpg 1200w, https:\/\/www.c-m-p.com\/wp-content\/uploads\/2021\/03\/spa-air-x-jets-hot-tub-shoot-300x200.jpg 300w, https:\/\/www.c-m-p.com\/wp-content\/uploads\/2021\/03\/spa-air-x-jets-hot-tub-shoot-1024x683.jpg 1024w, https:\/\/www.c-m-p.com\/wp-content\/uploads\/2021\/03\/spa-air-x-jets-hot-tub-shoot-768x512.jpg 768w, https:\/\/www.c-m-p.com\/wp-content\/uploads\/2021\/03\/spa-air-x-jets-hot-tub-shoot-568x379.jpg 568w, https:\/\/www.c-m-p.com\/wp-content\/uploads\/2021\/03\/spa-air-x-jets-hot-tub-shoot-235x157.jpg 235w, https:\/\/www.c-m-p.com\/wp-content\/uploads\/2021\/03\/spa-air-x-jets-hot-tub-shoot-307x205.jpg 307w\" sizes=\"auto, (max-width: 1200px) 100vw, 1200px\" \/><br \/>\n[SpaRetailer Magazine] \u00c9pisode 51 : Concevoir avec un objectif avec Vic Walker &#038; Allen Kalkomey<br \/>\nNous sommes tous devenus tr\u00e8s conscients des cha\u00eenes d&#8217;approvisionnement en 2020\u00a0&#8211;\u00a0du papier toilette \u00e0 l&#8217;\u00e9picerie, en passant par tout ce qui fait un bain \u00e0 remous.<\/p>\n<p>Jetez un coup d&#8217;\u0153il avec nous derri\u00e8re le rideau sur la fa\u00e7on dont les produits naissent et ce que c&#8217;est que de comprendre, d&#8217;int\u00e9resser et d&#8217;\u00e9quilibrer les personnalit\u00e9s des fabricants.<\/p>\n<p>\u00c9coutez le podcast original sur <a href=\"https:\/\/sparetailer.com\/episode-51-design-with-a-purpose-with-vic-walker-and-allen-kalkomey-from-cmp\/\">SpaRetailer .com<\/a>.<br \/>\n<img decoding=\"async\" width=\"1200\" height=\"720\" src=\"https:\/\/www.c-m-p.com\/wp-content\/uploads\/2021\/03\/bobe-water-fire-pots-cal-pools-desert-sky-dusk.jpg\" class=\"attachment-full size-full\" alt=\"\" loading=\"lazy\" srcset=\"https:\/\/www.c-m-p.com\/wp-content\/uploads\/2021\/03\/bobe-water-fire-pots-cal-pools-desert-sky-dusk.jpg 1200w, https:\/\/www.c-m-p.com\/wp-content\/uploads\/2021\/03\/bobe-water-fire-pots-cal-pools-desert-sky-dusk-300x180.jpg 300w, https:\/\/www.c-m-p.com\/wp-content\/uploads\/2021\/03\/bobe-water-fire-pots-cal-pools-desert-sky-dusk-1024x614.jpg 1024w, https:\/\/www.c-m-p.com\/wp-content\/uploads\/2021\/03\/bobe-water-fire-pots-cal-pools-desert-sky-dusk-768x461.jpg 768w, https:\/\/www.c-m-p.com\/wp-content\/uploads\/2021\/03\/bobe-water-fire-pots-cal-pools-desert-sky-dusk-568x341.jpg 568w, https:\/\/www.c-m-p.com\/wp-content\/uploads\/2021\/03\/bobe-water-fire-pots-cal-pools-desert-sky-dusk-235x141.jpg 235w, https:\/\/www.c-m-p.com\/wp-content\/uploads\/2021\/03\/bobe-water-fire-pots-cal-pools-desert-sky-dusk-307x184.jpg 307w\" sizes=\"auto, (max-width: 1200px) 100vw, 1200px\" \/><br \/>\n[Magazine PoolPro] Entretien des piscines haut de gamme \u2014 Soins de l&#8217;eau de luxe<br \/>\nLa purification et l&#8217;entretien modernes de l&#8217;eau sont un m\u00e9lange d\u00e9licat de science, d&#8217;art et de magie technique qui peut \u00eatre d\u00e9routant et intimidant, m\u00eame pour le constructeur et le fournisseur de services chevronn\u00e9s.<\/p>\n<p>Pour Vic Walker, directeur de la conception des produits et du marketing de CMP, la base d&#8217;une purification sup\u00e9rieure de l&#8217;eau est en fait assez simple. &#8220;La meilleure solution possible pour n&#8217;importe quelle piscine, haut de gamme ou autre, est de fournir un syst\u00e8me d&#8217;assainissement r\u00e9siduel et suppl\u00e9mentaire&#8221;, dit-il.<\/p>\n<p>Lisez le message original sur <a href=\"https:\/\/poolpromag.com\/servicing-high-end-pools-water-care\/\">PoolProMag.com<\/a>.<br \/>\n<img decoding=\"async\" width=\"800\" height=\"500\" src=\"https:\/\/www.c-m-p.com\/wp-content\/uploads\/2021\/02\/powerclean-salt-control-tinted-top-fade-news-2.jpg\" class=\"attachment-full size-full\" alt=\"\" loading=\"lazy\" srcset=\"https:\/\/www.c-m-p.com\/wp-content\/uploads\/2021\/02\/powerclean-salt-control-tinted-top-fade-news-2.jpg 800w, https:\/\/www.c-m-p.com\/wp-content\/uploads\/2021\/02\/powerclean-salt-control-tinted-top-fade-news-2-300x188.jpg 300w, https:\/\/www.c-m-p.com\/wp-content\/uploads\/2021\/02\/powerclean-salt-control-tinted-top-fade-news-2-768x480.jpg 768w, https:\/\/www.c-m-p.com\/wp-content\/uploads\/2021\/02\/powerclean-salt-control-tinted-top-fade-news-2-568x355.jpg 568w, https:\/\/www.c-m-p.com\/wp-content\/uploads\/2021\/02\/powerclean-salt-control-tinted-top-fade-news-2-235x147.jpg 235w, https:\/\/www.c-m-p.com\/wp-content\/uploads\/2021\/02\/powerclean-salt-control-tinted-top-fade-news-2-307x192.jpg 307w\" sizes=\"auto, (max-width: 800px) 100vw, 800px\" \/><br \/>\n[Magazine PoolPro] CMP d\u00e9voile un nouveau g\u00e9n\u00e9rateur de chlore au sel<br \/>\nLe nouveau sel Powerclean de CMP permet aux utilisateurs d&#8217;\u00e9liminer l&#8217;acide pour nettoyer les plaques des cellules du g\u00e9n\u00e9rateur de chlore. Brandon Miller, propri\u00e9taire de <a href=\"http:\/\/www.cajunpoolsandspas.com\">Cajun Pools &amp; Spas<\/a>\u00a0en Louisiane, &#8220;a connu un grand succ\u00e8s et aucun \u00e9chec&#8221;.<\/p>\n<p>&#8220;Je suis vraiment tomb\u00e9 amoureux du bo\u00eetier transparent de la cellule de chloration&#8221;, a d\u00e9clar\u00e9 Chris Matthews, pr\u00e9sident de <a href=\"https:\/\/www.easylivingpools.com\/\">Easy Living Pools<\/a> dans l&#8217;Ohio. Il dit que trouver un g\u00e9n\u00e9rateur de chlore au sel simple \u00e0 entretenir rend son \u00e9quipe et ses clients heureux.<\/p>\n<p>Lisez le message d&#8217;origine sur <a href=\"https:\/\/poolpromag.com\/getting-salty\/\">PoolProMag.com<\/a>.<br \/>\n<img decoding=\"async\" width=\"800\" height=\"500\" src=\"https:\/\/www.c-m-p.com\/wp-content\/uploads\/2021\/02\/brilliant-wonders-waterfall-fire-lyme-rd.jpg\" class=\"attachment-full size-full\" alt=\"\" loading=\"lazy\" srcset=\"https:\/\/www.c-m-p.com\/wp-content\/uploads\/2021\/02\/brilliant-wonders-waterfall-fire-lyme-rd.jpg 800w, https:\/\/www.c-m-p.com\/wp-content\/uploads\/2021\/02\/brilliant-wonders-waterfall-fire-lyme-rd-300x188.jpg 300w, https:\/\/www.c-m-p.com\/wp-content\/uploads\/2021\/02\/brilliant-wonders-waterfall-fire-lyme-rd-768x480.jpg 768w, https:\/\/www.c-m-p.com\/wp-content\/uploads\/2021\/02\/brilliant-wonders-waterfall-fire-lyme-rd-568x355.jpg 568w, https:\/\/www.c-m-p.com\/wp-content\/uploads\/2021\/02\/brilliant-wonders-waterfall-fire-lyme-rd-235x147.jpg 235w, https:\/\/www.c-m-p.com\/wp-content\/uploads\/2021\/02\/brilliant-wonders-waterfall-fire-lyme-rd-307x192.jpg 307w\" sizes=\"auto, (max-width: 800px) 100vw, 800px\" \/><br \/>\n[Luxury Pools Magazine] Caract\u00e9ristiques du feu gr\u00e9sillant et \u00e9clairage dramatique<br \/>\nComment incorporer au mieux le feu et l&#8217;\u00e9clairage dans votre piscine et votre paysage pour un impact maximum. Cr\u00e9er un espace ext\u00e9rieur \u00e0 couper le souffle signifie invoquer un \u00e9l\u00e9ment de drame.<\/p>\n<p>&#8220;Pouvoir allumer le feu que vous pouvez sentir avec le bruit de l&#8217;eau qui tombe au cr\u00e9puscule est une exp\u00e9rience incroyable&#8221;, d\u00e9clare Anthony Santella de <a href=\"https:\/\/www.totalpoolandpatio.com\">Total Pool &#038;amp ; Terrasse<\/a>.<\/p>\n<p>Lisez le message original sur <a href=\"https:\/\/luxurypools.com\/landscape-hardscape\/fire-and-lighting-features\/\">LuxuryPools.com<\/a>.<br \/>\n<img decoding=\"async\" width=\"1200\" height=\"720\" src=\"https:\/\/www.c-m-p.com\/wp-content\/uploads\/2021\/03\/girl-splash-pad-ozone-g-class-1.jpg\" class=\"attachment-full size-full\" alt=\"\" loading=\"lazy\" srcset=\"https:\/\/www.c-m-p.com\/wp-content\/uploads\/2021\/03\/girl-splash-pad-ozone-g-class-1.jpg 1200w, https:\/\/www.c-m-p.com\/wp-content\/uploads\/2021\/03\/girl-splash-pad-ozone-g-class-1-300x180.jpg 300w, https:\/\/www.c-m-p.com\/wp-content\/uploads\/2021\/03\/girl-splash-pad-ozone-g-class-1-1024x614.jpg 1024w, https:\/\/www.c-m-p.com\/wp-content\/uploads\/2021\/03\/girl-splash-pad-ozone-g-class-1-768x461.jpg 768w, https:\/\/www.c-m-p.com\/wp-content\/uploads\/2021\/03\/girl-splash-pad-ozone-g-class-1-568x341.jpg 568w, https:\/\/www.c-m-p.com\/wp-content\/uploads\/2021\/03\/girl-splash-pad-ozone-g-class-1-235x141.jpg 235w, https:\/\/www.c-m-p.com\/wp-content\/uploads\/2021\/03\/girl-splash-pad-ozone-g-class-1-307x184.jpg 307w\" sizes=\"auto, (max-width: 1200px) 100vw, 1200px\" \/><br \/>\n[Magazine PoolPro] DEL G-Class toujours en t\u00eate<br \/>\nDepuis plus de 40 ans, les syst\u00e8mes d&#8217;ozone de la marque DEL assurent la d\u00e9sinfection des piscines commerciales.<\/p>\n<p>L&#8217;achat de DEL Ozone par CMP en 2017 a apport\u00e9 un portefeuille de produits commerciaux. Rob Thill, qui supervise les ventes commerciales de CMP, d\u00e9clare que, bien que CMP ait lanc\u00e9 ses premiers syst\u00e8mes commerciaux AOP et UV en 2020, le <a href=\"https:\/\/www.cmpcommercial.com\/product-category\/ozone-systems\/g-class \/\">Ozonateur de classe G<\/a>, sorti en 1975, est toujours la \u00ab\u00a0centrale\u00a0\u00bb de l&#8217;entreprise.<\/p>\n<p>\u00ab Nous nous sp\u00e9cialisons dans nos syst\u00e8mes \u00bb, d\u00e9clare Thill. &#8220;Beaucoup de gens nous consid\u00e8rent comme des experts en la mati\u00e8re et appr\u00e9cient le fait que nous soutenons les unit\u00e9s m\u00eame loin dans la p\u00e9riode de non-garantie.&#8221;<\/p>\n<p>Lisez le message original sur <a href=\"https:\/\/poolpromag.com\/del-g-class-still-tops\/\">PoolProMag.com<\/a>.<br \/>\nNouveau portail d&#8217;assistance technique produit 24h\/24 et 7j\/7<br \/>\n<img decoding=\"async\" width=\"300\" height=\"300\" src=\"https:\/\/www.c-m-p.com\/wp-content\/uploads\/2021\/03\/tech-support-portal-24-7-2.jpg\" class=\"attachment-full size-full\" alt=\"\" loading=\"lazy\" srcset=\"https:\/\/www.c-m-p.com\/wp-content\/uploads\/2021\/03\/tech-support-portal-24-7-2.jpg 300w, https:\/\/www.c-m-p.com\/wp-content\/uploads\/2021\/03\/tech-support-portal-24-7-2-150x150.jpg 150w, https:\/\/www.c-m-p.com\/wp-content\/uploads\/2021\/03\/tech-support-portal-24-7-2-235x235.jpg 235w\" sizes=\"auto, (max-width: 300px) 100vw, 300px\" \/><br \/>\nCMP annonce un nouveau portail de support produit mobile. Tout client peut acc\u00e9der au portail \u00e0 tout moment et sur n&#8217;importe quel appareil. <a href=\"https:\/\/www.c-m-p.com\/tech\">Visitez le portail technique maintenant et essayez-le.<\/a><br \/>\nMVP International Aquatique 2020<br \/>\n<img decoding=\"async\" width=\"300\" height=\"300\" src=\"https:\/\/www.c-m-p.com\/wp-content\/uploads\/2021\/03\/del-aop-pro-aquatics-mvp-award.jpg\" class=\"attachment-full size-full\" alt=\"\" loading=\"lazy\" srcset=\"https:\/\/www.c-m-p.com\/wp-content\/uploads\/2021\/03\/del-aop-pro-aquatics-mvp-award.jpg 300w, https:\/\/www.c-m-p.com\/wp-content\/uploads\/2021\/03\/del-aop-pro-aquatics-mvp-award-150x150.jpg 150w, https:\/\/www.c-m-p.com\/wp-content\/uploads\/2021\/03\/del-aop-pro-aquatics-mvp-award-235x235.jpg 235w\" sizes=\"auto, (max-width: 300px) 100vw, 300px\" \/><br \/>\nDEL AOP Pro a \u00e9t\u00e9 choisi par Aquatics International Magazine comme l&#8217;un de leurs produits les plus pr\u00e9cieux en 2020. D\u00e9couvrez les multiples avantages d&#8217;une d\u00e9sinfection suppl\u00e9mentaire avec <a href=\"https:\/\/www.cmpcommercial.com\/product\/del-aop-pro-systems\/\">DEL AOP Pro<\/a>.<br \/>\n&nbsp;<\/p>\n<p>&nbsp;<\/p>\n<p>&nbsp;<\/p>\n<p>&nbsp;<\/p>\n<p>&nbsp;<br \/>\nCMP EST LE PREMIER FOURNISSEUR DE PRODUITS POUR PISCINE, SPA ET BAIN<br \/>\nCMP s&#8217;engage \u00e0 offrir des produits innovants et de r\u00e9solution de probl\u00e8mes pour les professionnels de la piscine, du spa et du bain. Nous pensons que la diff\u00e9rence r\u00e9side dans les d\u00e9tails. Et quand la diff\u00e9rence r\u00e9side dans les d\u00e9tails, tout compte.<br \/>\n<img decoding=\"async\" width=\"1000\" height=\"667\" src=\"https:\/\/www.c-m-p.com\/wp-content\/uploads\/2016\/06\/Pool.Fire_.jpg\" class=\"attachment-full size-full\" alt=\"\" loading=\"lazy\" srcset=\"https:\/\/www.c-m-p.com\/wp-content\/uploads\/2016\/06\/Pool.Fire_.jpg 1000w, https:\/\/www.c-m-p.com\/wp-content\/uploads\/2016\/06\/Pool.Fire_-300x200.jpg 300w, https:\/\/www.c-m-p.com\/wp-content\/uploads\/2016\/06\/Pool.Fire_-568x379.jpg 568w, https:\/\/www.c-m-p.com\/wp-content\/uploads\/2016\/06\/Pool.Fire_-235x157.jpg 235w, https:\/\/www.c-m-p.com\/wp-content\/uploads\/2016\/06\/Pool.Fire_-307x205.jpg 307w\" sizes=\"auto, (max-width: 1000px) 100vw, 1000px\" \/><\/p>\n","protected":false},"excerpt":{"rendered":"<p>CMP dans les nouvelles \u00c0 propos de CMP presse Marques &#038; Acquisitions [SpaRetailer Magazine] \u00c9pisode 51 : Concevoir avec un objectif avec Vic Walker &#038; Allen Kalkomey Nous sommes tous devenus tr\u00e8s conscients des cha\u00eenes d&#8217;approvisionnement en 2020\u00a0&#8211;\u00a0du papier toilette \u00e0 l&#8217;\u00e9picerie, en passant par tout ce qui fait un bain \u00e0 remous. Jetez un&#8230;  <a href=\"https:\/\/www.c-m-p.com\/fr\/cmp-dans-nouvelles\/\" title=\"Read CMP dans les nouvelles\">Read more &raquo;<\/a><\/p>\n","protected":false},"author":9,"featured_media":0,"parent":0,"menu_order":0,"comment_status":"closed","ping_status":"closed","template":"rci-flex-template.php","meta":{"_acf_changed":false,"_oasis_is_in_workflow":0,"_oasis_original":0,"_mi_skip_tracking":false,"_monsterinsights_sitenote_active":false,"_monsterinsights_sitenote_note":"","_monsterinsights_sitenote_category":0,"footnotes":""},"class_list":["post-66459","page","type-page","status-publish","hentry"],"acf":[],"yoast_head":"<!-- This site is optimized with the Yoast SEO plugin v27.2 - https:\/\/yoast.com\/product\/yoast-seo-wordpress\/ -->\n<title>CMP dans les nouvelles - CMP<\/title>\n<meta name=\"robots\" content=\"index, follow, max-snippet:-1, max-image-preview:large, max-video-preview:-1\" \/>\n<link rel=\"canonical\" href=\"https:\/\/c-m-p.com\/fr\/cmp-dans-nouvelles\/\" \/>\n<meta property=\"og:locale\" content=\"fr_FR\" \/>\n<meta property=\"og:type\" content=\"article\" \/>\n<meta property=\"og:title\" content=\"CMP dans les nouvelles - CMP\" \/>\n<meta property=\"og:description\" content=\"CMP dans les nouvelles \u00c0 propos de CMP presse Marques &#038; Acquisitions [SpaRetailer Magazine] \u00c9pisode 51 : Concevoir avec un objectif avec Vic Walker &#038; Allen Kalkomey Nous sommes tous devenus tr\u00e8s conscients des cha\u00eenes d&#8217;approvisionnement en 2020\u00a0&#8211;\u00a0du papier toilette \u00e0 l&#8217;\u00e9picerie, en passant par tout ce qui fait un bain \u00e0 remous. Jetez un... Read more &raquo;\" \/>\n<meta property=\"og:url\" content=\"https:\/\/c-m-p.com\/fr\/cmp-dans-nouvelles\/\" \/>\n<meta property=\"og:site_name\" content=\"CMP\" \/>\n<meta property=\"article:modified_time\" content=\"2021-07-21T07:58:10+00:00\" \/>\n<meta property=\"og:image\" content=\"https:\/\/c-m-p.com\/wp-content\/uploads\/2013\/05\/red-hex-gradient-shadow-splash-bg.jpg\" \/>\n<meta name=\"twitter:label1\" content=\"Est. reading time\" \/>\n\t<meta name=\"twitter:data1\" content=\"3 minutes\" \/>\n<script type=\"application\/ld+json\" class=\"yoast-schema-graph\">{\"@context\":\"https:\/\/schema.org\",\"@graph\":[{\"@type\":\"WebPage\",\"@id\":\"https:\/\/c-m-p.com\/fr\/cmp-dans-nouvelles\/\",\"url\":\"https:\/\/c-m-p.com\/fr\/cmp-dans-nouvelles\/\",\"name\":\"CMP dans les nouvelles - CMP\",\"isPartOf\":{\"@id\":\"https:\/\/c-m-p.com\/#website\"},\"primaryImageOfPage\":{\"@id\":\"https:\/\/c-m-p.com\/fr\/cmp-dans-nouvelles\/#primaryimage\"},\"image\":{\"@id\":\"https:\/\/c-m-p.com\/fr\/cmp-dans-nouvelles\/#primaryimage\"},\"thumbnailUrl\":\"https:\/\/www.c-m-p.com\/wp-content\/uploads\/2013\/05\/red-hex-gradient-shadow-splash-bg.jpg\",\"datePublished\":\"2021-02-26T19:15:14+00:00\",\"dateModified\":\"2021-07-21T07:58:10+00:00\",\"breadcrumb\":{\"@id\":\"https:\/\/c-m-p.com\/fr\/cmp-dans-nouvelles\/#breadcrumb\"},\"inLanguage\":\"fr-FR\",\"potentialAction\":[{\"@type\":\"ReadAction\",\"target\":[\"https:\/\/c-m-p.com\/fr\/cmp-dans-nouvelles\/\"]}]},{\"@type\":\"ImageObject\",\"inLanguage\":\"fr-FR\",\"@id\":\"https:\/\/c-m-p.com\/fr\/cmp-dans-nouvelles\/#primaryimage\",\"url\":\"https:\/\/www.c-m-p.com\/wp-content\/uploads\/2013\/05\/red-hex-gradient-shadow-splash-bg.jpg\",\"contentUrl\":\"https:\/\/www.c-m-p.com\/wp-content\/uploads\/2013\/05\/red-hex-gradient-shadow-splash-bg.jpg\"},{\"@type\":\"BreadcrumbList\",\"@id\":\"https:\/\/c-m-p.com\/fr\/cmp-dans-nouvelles\/#breadcrumb\",\"itemListElement\":[{\"@type\":\"ListItem\",\"position\":1,\"name\":\"Home\",\"item\":\"https:\/\/c-m-p.com\/fr\/\"},{\"@type\":\"ListItem\",\"position\":2,\"name\":\"CMP dans les nouvelles\"}]},{\"@type\":\"WebSite\",\"@id\":\"https:\/\/c-m-p.com\/#website\",\"url\":\"https:\/\/c-m-p.com\/\",\"name\":\"CMP\",\"description\":\"Pool Products, Spa and Hot Tub Products\",\"publisher\":{\"@id\":\"https:\/\/c-m-p.com\/#organization\"},\"potentialAction\":[{\"@type\":\"SearchAction\",\"target\":{\"@type\":\"EntryPoint\",\"urlTemplate\":\"https:\/\/c-m-p.com\/?s={search_term_string}\"},\"query-input\":{\"@type\":\"PropertyValueSpecification\",\"valueRequired\":true,\"valueName\":\"search_term_string\"}}],\"inLanguage\":\"fr-FR\"},{\"@type\":\"Organization\",\"@id\":\"https:\/\/c-m-p.com\/#organization\",\"name\":\"CMP Pool & Spa Products\",\"url\":\"https:\/\/c-m-p.com\/\",\"logo\":{\"@type\":\"ImageObject\",\"inLanguage\":\"fr-FR\",\"@id\":\"https:\/\/c-m-p.com\/#\/schema\/logo\/image\/\",\"url\":\"https:\/\/43ab809dfe.nxcli.io\/wp-content\/uploads\/2013\/10\/2013-CMP-Logo.jpg\",\"contentUrl\":\"https:\/\/43ab809dfe.nxcli.io\/wp-content\/uploads\/2013\/10\/2013-CMP-Logo.jpg\",\"width\":1000,\"height\":247,\"caption\":\"CMP Pool & Spa Products\"},\"image\":{\"@id\":\"https:\/\/c-m-p.com\/#\/schema\/logo\/image\/\"}}]}<\/script>\n<!-- \/ Yoast SEO plugin. -->","yoast_head_json":{"title":"CMP dans les nouvelles - CMP","robots":{"index":"index","follow":"follow","max-snippet":"max-snippet:-1","max-image-preview":"max-image-preview:large","max-video-preview":"max-video-preview:-1"},"canonical":"https:\/\/c-m-p.com\/fr\/cmp-dans-nouvelles\/","og_locale":"fr_FR","og_type":"article","og_title":"CMP dans les nouvelles - CMP","og_description":"CMP dans les nouvelles \u00c0 propos de CMP presse Marques &#038; Acquisitions [SpaRetailer Magazine] \u00c9pisode 51 : Concevoir avec un objectif avec Vic Walker &#038; Allen Kalkomey Nous sommes tous devenus tr\u00e8s conscients des cha\u00eenes d&#8217;approvisionnement en 2020\u00a0&#8211;\u00a0du papier toilette \u00e0 l&#8217;\u00e9picerie, en passant par tout ce qui fait un bain \u00e0 remous. Jetez un... Read more &raquo;","og_url":"https:\/\/c-m-p.com\/fr\/cmp-dans-nouvelles\/","og_site_name":"CMP","article_modified_time":"2021-07-21T07:58:10+00:00","og_image":[{"url":"https:\/\/c-m-p.com\/wp-content\/uploads\/2013\/05\/red-hex-gradient-shadow-splash-bg.jpg","type":"","width":"","height":""}],"twitter_misc":{"Est. reading time":"3 minutes"},"schema":{"@context":"https:\/\/schema.org","@graph":[{"@type":"WebPage","@id":"https:\/\/c-m-p.com\/fr\/cmp-dans-nouvelles\/","url":"https:\/\/c-m-p.com\/fr\/cmp-dans-nouvelles\/","name":"CMP dans les nouvelles - CMP","isPartOf":{"@id":"https:\/\/c-m-p.com\/#website"},"primaryImageOfPage":{"@id":"https:\/\/c-m-p.com\/fr\/cmp-dans-nouvelles\/#primaryimage"},"image":{"@id":"https:\/\/c-m-p.com\/fr\/cmp-dans-nouvelles\/#primaryimage"},"thumbnailUrl":"https:\/\/www.c-m-p.com\/wp-content\/uploads\/2013\/05\/red-hex-gradient-shadow-splash-bg.jpg","datePublished":"2021-02-26T19:15:14+00:00","dateModified":"2021-07-21T07:58:10+00:00","breadcrumb":{"@id":"https:\/\/c-m-p.com\/fr\/cmp-dans-nouvelles\/#breadcrumb"},"inLanguage":"fr-FR","potentialAction":[{"@type":"ReadAction","target":["https:\/\/c-m-p.com\/fr\/cmp-dans-nouvelles\/"]}]},{"@type":"ImageObject","inLanguage":"fr-FR","@id":"https:\/\/c-m-p.com\/fr\/cmp-dans-nouvelles\/#primaryimage","url":"https:\/\/www.c-m-p.com\/wp-content\/uploads\/2013\/05\/red-hex-gradient-shadow-splash-bg.jpg","contentUrl":"https:\/\/www.c-m-p.com\/wp-content\/uploads\/2013\/05\/red-hex-gradient-shadow-splash-bg.jpg"},{"@type":"BreadcrumbList","@id":"https:\/\/c-m-p.com\/fr\/cmp-dans-nouvelles\/#breadcrumb","itemListElement":[{"@type":"ListItem","position":1,"name":"Home","item":"https:\/\/c-m-p.com\/fr\/"},{"@type":"ListItem","position":2,"name":"CMP dans les nouvelles"}]},{"@type":"WebSite","@id":"https:\/\/c-m-p.com\/#website","url":"https:\/\/c-m-p.com\/","name":"CMP","description":"Pool Products, Spa and Hot Tub Products","publisher":{"@id":"https:\/\/c-m-p.com\/#organization"},"potentialAction":[{"@type":"SearchAction","target":{"@type":"EntryPoint","urlTemplate":"https:\/\/c-m-p.com\/?s={search_term_string}"},"query-input":{"@type":"PropertyValueSpecification","valueRequired":true,"valueName":"search_term_string"}}],"inLanguage":"fr-FR"},{"@type":"Organization","@id":"https:\/\/c-m-p.com\/#organization","name":"CMP Pool & Spa Products","url":"https:\/\/c-m-p.com\/","logo":{"@type":"ImageObject","inLanguage":"fr-FR","@id":"https:\/\/c-m-p.com\/#\/schema\/logo\/image\/","url":"https:\/\/43ab809dfe.nxcli.io\/wp-content\/uploads\/2013\/10\/2013-CMP-Logo.jpg","contentUrl":"https:\/\/43ab809dfe.nxcli.io\/wp-content\/uploads\/2013\/10\/2013-CMP-Logo.jpg","width":1000,"height":247,"caption":"CMP Pool & Spa Products"},"image":{"@id":"https:\/\/c-m-p.com\/#\/schema\/logo\/image\/"}}]}},"_links":{"self":[{"href":"https:\/\/www.c-m-p.com\/fr\/wp-json\/wp\/v2\/pages\/66459","targetHints":{"allow":["GET"]}}],"collection":[{"href":"https:\/\/www.c-m-p.com\/fr\/wp-json\/wp\/v2\/pages"}],"about":[{"href":"https:\/\/www.c-m-p.com\/fr\/wp-json\/wp\/v2\/types\/page"}],"author":[{"embeddable":true,"href":"https:\/\/www.c-m-p.com\/fr\/wp-json\/wp\/v2\/users\/9"}],"replies":[{"embeddable":true,"href":"https:\/\/www.c-m-p.com\/fr\/wp-json\/wp\/v2\/comments?post=66459"}],"version-history":[{"count":0,"href":"https:\/\/www.c-m-p.com\/fr\/wp-json\/wp\/v2\/pages\/66459\/revisions"}],"wp:attachment":[{"href":"https:\/\/www.c-m-p.com\/fr\/wp-json\/wp\/v2\/media?parent=66459"}],"curies":[{"name":"wp","href":"https:\/\/api.w.org\/{rel}","templated":true}]}}