{"id":66577,"date":"2017-02-17T14:29:29","date_gmt":"2017-02-17T19:29:29","guid":{"rendered":"https:\/\/43ab809dfe.nxcli.io\/buy-4-get-5th-free-8-bubbler-redemption-form\/"},"modified":"2021-07-21T23:27:09","modified_gmt":"2021-07-22T04:27:09","slug":"buy-4-get-5th-free-8-bubbler-redemption-form","status":"publish","type":"page","link":"https:\/\/www.c-m-p.com\/fr\/buy-4-get-5th-free-8-bubbler-redemption-form\/","title":{"rendered":"Achetez-en 4 et obtenez le 5e formulaire d&#8217;\u00e9change gratuit de barboteurs \u00e0 DEL de 8 po"},"content":{"rendered":"<h6 style=\"line-height: 1.5em;\">Conditions &amp; Conditions\u00a0: offre valable sur les achats effectu\u00e9s entre le 20\u00a0f\u00e9vrier\u00a02017 et le 4\u00a0juillet\u00a02017. Les demandes d&#8217;\u00e9change doivent \u00eatre soumises dans les 60\u00a0jours suivant l&#8217;achat du produit. Les demandes d&#8217;\u00e9change par la poste doivent \u00eatre oblit\u00e9r\u00e9es au plus tard le 30\u00a0juillet\u00a02017. Cette offre est valable uniquement sur <a href=\"https:\/\/www.c-m-p.com\/fr\/produits-de-piscine\/led-pool-produits\/barboteur-led-merveilles-brillantes\/barboteur-led-merveilles-brillantes\/\">8&#8243; Brilliant Wonders LED Bubbler<\/a> unit\u00e9 compl\u00e8te et n&#8217;inclut pas le barboteur LED 4&#8243; ou les accessoires de barboteur LED. Offre disponible uniquement pour les constructeurs de piscines et les points de vente au d\u00e9tail valides. Non disponible pour mettre en commun les distributeurs de produits ou les consommateurs. Veuillez conserver une copie de tous les documents soumis pour vos dossiers. Toutes les demandes et tous les documents soumis deviendront la propri\u00e9t\u00e9 de CMP. Les demandes en double ne seront pas honor\u00e9es et deviendront la propri\u00e9t\u00e9 de CMP. Le barboteur LED 8&#8243; gratuit sera envoy\u00e9 par la poste une fois que tous les documents auront \u00e9t\u00e9 soumis et confirm\u00e9s. Une adresse postale doit \u00eatre fournie. Une preuve d&#8217;achat valide est requise. Le vol, le d\u00e9tournement, la reproduction, la vente ou l&#8217;achat de ce formulaire est interdit. Cette offre est bonne uniquement aux \u00c9tats-Unis. Le Bubbler LED doit \u00eatre achet\u00e9 aupr\u00e8s d&#8217;un distributeur agr\u00e9\u00e9 CMP. L&#8217;offre Bubbler gratuit ne sera pas honor\u00e9e sans la documentation requise. Cela comprend\u00a0: (a) ce formulaire de remboursement rempli, (b) une copie t\u00e9l\u00e9charg\u00e9e ou envoy\u00e9e par la poste du re\u00e7u de vente . Nul l\u00e0 o\u00f9 tax\u00e9, restreint ou interdit. CMP n&#8217;est pas responsable du courrier en retard, perdu ou non envoy\u00e9 \u00e0 l&#8217;adresse indiqu\u00e9e sur ce formulaire. Toutes les demandes de remboursement doivent \u00eatre effectu\u00e9es dans l&#8217;ann\u00e9e suivant la date d&#8217;achat. CMP se r\u00e9serve le droit de modifier ou annuler cette offre sans pr\u00e9avis. En demandant ce rabais, vous serez automatiquement inscrit \u00e0 notre programme de communication \u00e9lectronique. Si nous envoyons une communication marketing par e-mail, elle inclura un lien vous permettant de vous d\u00e9sinscrire est le programme.<\/h6>\n\n<p>&nbsp;<\/p>\n","protected":false},"excerpt":{"rendered":"<p>Conditions &amp; Conditions\u00a0: offre valable sur les achats effectu\u00e9s entre le 20\u00a0f\u00e9vrier\u00a02017 et le 4\u00a0juillet\u00a02017. Les demandes d&#8217;\u00e9change doivent \u00eatre soumises dans les 60\u00a0jours suivant l&#8217;achat du produit. Les demandes d&#8217;\u00e9change par la poste doivent \u00eatre oblit\u00e9r\u00e9es au plus tard le 30\u00a0juillet\u00a02017. Cette offre est valable uniquement sur 8&#8243; Brilliant Wonders LED Bubbler unit\u00e9 compl\u00e8te&#8230;  <a href=\"https:\/\/www.c-m-p.com\/fr\/buy-4-get-5th-free-8-bubbler-redemption-form\/\" title=\"Read Achetez-en 4 et obtenez le 5e formulaire d&#8217;\u00e9change gratuit de barboteurs \u00e0 DEL de 8 po\">Read more &raquo;<\/a><\/p>\n","protected":false},"author":4,"featured_media":0,"parent":0,"menu_order":0,"comment_status":"closed","ping_status":"closed","template":"","meta":{"_acf_changed":false,"_oasis_is_in_workflow":0,"_oasis_original":0,"_mi_skip_tracking":false,"_monsterinsights_sitenote_active":false,"_monsterinsights_sitenote_note":"","_monsterinsights_sitenote_category":0,"footnotes":""},"class_list":["post-66577","page","type-page","status-publish","hentry"],"acf":[],"yoast_head":"<!-- This site is optimized with the Yoast SEO plugin v27.2 - https:\/\/yoast.com\/product\/yoast-seo-wordpress\/ -->\n<title>Achetez-en 4 et obtenez le 5e formulaire d&#039;\u00e9change gratuit de barboteurs \u00e0 DEL de 8 po - CMP<\/title>\n<meta name=\"robots\" content=\"noindex, nofollow\" \/>\n<meta property=\"og:locale\" content=\"fr_FR\" \/>\n<meta property=\"og:type\" content=\"article\" \/>\n<meta property=\"og:title\" content=\"Achetez-en 4 et obtenez le 5e formulaire d&#039;\u00e9change gratuit de barboteurs \u00e0 DEL de 8 po - CMP\" \/>\n<meta property=\"og:description\" content=\"Conditions &amp; Conditions\u00a0: offre valable sur les achats effectu\u00e9s entre le 20\u00a0f\u00e9vrier\u00a02017 et le 4\u00a0juillet\u00a02017. Les demandes d&#8217;\u00e9change doivent \u00eatre soumises dans les 60\u00a0jours suivant l&#8217;achat du produit. Les demandes d&#8217;\u00e9change par la poste doivent \u00eatre oblit\u00e9r\u00e9es au plus tard le 30\u00a0juillet\u00a02017. Cette offre est valable uniquement sur 8&#8243; Brilliant Wonders LED Bubbler unit\u00e9 compl\u00e8te... Read more &raquo;\" \/>\n<meta property=\"og:url\" content=\"https:\/\/c-m-p.com\/fr\/buy-4-get-5th-free-8-bubbler-redemption-form\/\" \/>\n<meta property=\"og:site_name\" content=\"CMP\" \/>\n<meta property=\"article:modified_time\" content=\"2021-07-22T04:27:09+00:00\" \/>\n<meta name=\"twitter:label1\" content=\"Est. reading time\" \/>\n\t<meta name=\"twitter:data1\" content=\"2 minutes\" \/>\n<script type=\"application\/ld+json\" class=\"yoast-schema-graph\">{\"@context\":\"https:\/\/schema.org\",\"@graph\":[{\"@type\":\"WebPage\",\"@id\":\"https:\/\/c-m-p.com\/fr\/buy-4-get-5th-free-8-bubbler-redemption-form\/\",\"url\":\"https:\/\/c-m-p.com\/fr\/buy-4-get-5th-free-8-bubbler-redemption-form\/\",\"name\":\"Achetez-en 4 et obtenez le 5e formulaire d'\u00e9change gratuit de barboteurs \u00e0 DEL de 8 po - CMP\",\"isPartOf\":{\"@id\":\"https:\/\/c-m-p.com\/#website\"},\"datePublished\":\"2017-02-17T19:29:29+00:00\",\"dateModified\":\"2021-07-22T04:27:09+00:00\",\"breadcrumb\":{\"@id\":\"https:\/\/c-m-p.com\/fr\/buy-4-get-5th-free-8-bubbler-redemption-form\/#breadcrumb\"},\"inLanguage\":\"fr-FR\",\"potentialAction\":[{\"@type\":\"ReadAction\",\"target\":[\"https:\/\/c-m-p.com\/fr\/buy-4-get-5th-free-8-bubbler-redemption-form\/\"]}]},{\"@type\":\"BreadcrumbList\",\"@id\":\"https:\/\/c-m-p.com\/fr\/buy-4-get-5th-free-8-bubbler-redemption-form\/#breadcrumb\",\"itemListElement\":[{\"@type\":\"ListItem\",\"position\":1,\"name\":\"Home\",\"item\":\"https:\/\/c-m-p.com\/fr\/\"},{\"@type\":\"ListItem\",\"position\":2,\"name\":\"Achetez-en 4 et obtenez le 5e formulaire d&#8217;\u00e9change gratuit de barboteurs \u00e0 DEL de 8 po\"}]},{\"@type\":\"WebSite\",\"@id\":\"https:\/\/c-m-p.com\/#website\",\"url\":\"https:\/\/c-m-p.com\/\",\"name\":\"CMP\",\"description\":\"Pool Products, Spa and Hot Tub Products\",\"publisher\":{\"@id\":\"https:\/\/c-m-p.com\/#organization\"},\"potentialAction\":[{\"@type\":\"SearchAction\",\"target\":{\"@type\":\"EntryPoint\",\"urlTemplate\":\"https:\/\/c-m-p.com\/?s={search_term_string}\"},\"query-input\":{\"@type\":\"PropertyValueSpecification\",\"valueRequired\":true,\"valueName\":\"search_term_string\"}}],\"inLanguage\":\"fr-FR\"},{\"@type\":\"Organization\",\"@id\":\"https:\/\/c-m-p.com\/#organization\",\"name\":\"CMP Pool & Spa Products\",\"url\":\"https:\/\/c-m-p.com\/\",\"logo\":{\"@type\":\"ImageObject\",\"inLanguage\":\"fr-FR\",\"@id\":\"https:\/\/c-m-p.com\/#\/schema\/logo\/image\/\",\"url\":\"https:\/\/43ab809dfe.nxcli.io\/wp-content\/uploads\/2013\/10\/2013-CMP-Logo.jpg\",\"contentUrl\":\"https:\/\/43ab809dfe.nxcli.io\/wp-content\/uploads\/2013\/10\/2013-CMP-Logo.jpg\",\"width\":1000,\"height\":247,\"caption\":\"CMP Pool & Spa Products\"},\"image\":{\"@id\":\"https:\/\/c-m-p.com\/#\/schema\/logo\/image\/\"}}]}<\/script>\n<!-- \/ Yoast SEO plugin. -->","yoast_head_json":{"title":"Achetez-en 4 et obtenez le 5e formulaire d'\u00e9change gratuit de barboteurs \u00e0 DEL de 8 po - CMP","robots":{"index":"noindex","follow":"nofollow"},"og_locale":"fr_FR","og_type":"article","og_title":"Achetez-en 4 et obtenez le 5e formulaire d'\u00e9change gratuit de barboteurs \u00e0 DEL de 8 po - CMP","og_description":"Conditions &amp; Conditions\u00a0: offre valable sur les achats effectu\u00e9s entre le 20\u00a0f\u00e9vrier\u00a02017 et le 4\u00a0juillet\u00a02017. Les demandes d&#8217;\u00e9change doivent \u00eatre soumises dans les 60\u00a0jours suivant l&#8217;achat du produit. Les demandes d&#8217;\u00e9change par la poste doivent \u00eatre oblit\u00e9r\u00e9es au plus tard le 30\u00a0juillet\u00a02017. Cette offre est valable uniquement sur 8&#8243; Brilliant Wonders LED Bubbler unit\u00e9 compl\u00e8te... Read more &raquo;","og_url":"https:\/\/c-m-p.com\/fr\/buy-4-get-5th-free-8-bubbler-redemption-form\/","og_site_name":"CMP","article_modified_time":"2021-07-22T04:27:09+00:00","twitter_misc":{"Est. reading time":"2 minutes"},"schema":{"@context":"https:\/\/schema.org","@graph":[{"@type":"WebPage","@id":"https:\/\/c-m-p.com\/fr\/buy-4-get-5th-free-8-bubbler-redemption-form\/","url":"https:\/\/c-m-p.com\/fr\/buy-4-get-5th-free-8-bubbler-redemption-form\/","name":"Achetez-en 4 et obtenez le 5e formulaire d'\u00e9change gratuit de barboteurs \u00e0 DEL de 8 po - CMP","isPartOf":{"@id":"https:\/\/c-m-p.com\/#website"},"datePublished":"2017-02-17T19:29:29+00:00","dateModified":"2021-07-22T04:27:09+00:00","breadcrumb":{"@id":"https:\/\/c-m-p.com\/fr\/buy-4-get-5th-free-8-bubbler-redemption-form\/#breadcrumb"},"inLanguage":"fr-FR","potentialAction":[{"@type":"ReadAction","target":["https:\/\/c-m-p.com\/fr\/buy-4-get-5th-free-8-bubbler-redemption-form\/"]}]},{"@type":"BreadcrumbList","@id":"https:\/\/c-m-p.com\/fr\/buy-4-get-5th-free-8-bubbler-redemption-form\/#breadcrumb","itemListElement":[{"@type":"ListItem","position":1,"name":"Home","item":"https:\/\/c-m-p.com\/fr\/"},{"@type":"ListItem","position":2,"name":"Achetez-en 4 et obtenez le 5e formulaire d&#8217;\u00e9change gratuit de barboteurs \u00e0 DEL de 8 po"}]},{"@type":"WebSite","@id":"https:\/\/c-m-p.com\/#website","url":"https:\/\/c-m-p.com\/","name":"CMP","description":"Pool Products, Spa and Hot Tub Products","publisher":{"@id":"https:\/\/c-m-p.com\/#organization"},"potentialAction":[{"@type":"SearchAction","target":{"@type":"EntryPoint","urlTemplate":"https:\/\/c-m-p.com\/?s={search_term_string}"},"query-input":{"@type":"PropertyValueSpecification","valueRequired":true,"valueName":"search_term_string"}}],"inLanguage":"fr-FR"},{"@type":"Organization","@id":"https:\/\/c-m-p.com\/#organization","name":"CMP Pool & Spa Products","url":"https:\/\/c-m-p.com\/","logo":{"@type":"ImageObject","inLanguage":"fr-FR","@id":"https:\/\/c-m-p.com\/#\/schema\/logo\/image\/","url":"https:\/\/43ab809dfe.nxcli.io\/wp-content\/uploads\/2013\/10\/2013-CMP-Logo.jpg","contentUrl":"https:\/\/43ab809dfe.nxcli.io\/wp-content\/uploads\/2013\/10\/2013-CMP-Logo.jpg","width":1000,"height":247,"caption":"CMP Pool & Spa Products"},"image":{"@id":"https:\/\/c-m-p.com\/#\/schema\/logo\/image\/"}}]}},"_links":{"self":[{"href":"https:\/\/www.c-m-p.com\/fr\/wp-json\/wp\/v2\/pages\/66577","targetHints":{"allow":["GET"]}}],"collection":[{"href":"https:\/\/www.c-m-p.com\/fr\/wp-json\/wp\/v2\/pages"}],"about":[{"href":"https:\/\/www.c-m-p.com\/fr\/wp-json\/wp\/v2\/types\/page"}],"author":[{"embeddable":true,"href":"https:\/\/www.c-m-p.com\/fr\/wp-json\/wp\/v2\/users\/4"}],"replies":[{"embeddable":true,"href":"https:\/\/www.c-m-p.com\/fr\/wp-json\/wp\/v2\/comments?post=66577"}],"version-history":[{"count":0,"href":"https:\/\/www.c-m-p.com\/fr\/wp-json\/wp\/v2\/pages\/66577\/revisions"}],"wp:attachment":[{"href":"https:\/\/www.c-m-p.com\/fr\/wp-json\/wp\/v2\/media?parent=66577"}],"curies":[{"name":"wp","href":"https:\/\/api.w.org\/{rel}","templated":true}]}}