{"id":66601,"date":"2013-10-30T12:11:41","date_gmt":"2013-10-30T17:11:41","guid":{"rendered":"https:\/\/43ab809dfe.nxcli.io\/catalogue\/bath-catalog-2\/"},"modified":"2021-07-21T03:58:38","modified_gmt":"2021-07-21T08:58:38","slug":"bain-catalogue","status":"publish","type":"page","link":"https:\/\/www.c-m-p.com\/fr\/catalogue\/bain-catalogue\/","title":{"rendered":"Catalogue de produits de bain CMP"},"content":{"rendered":"<p>Catalogue de produits de bain CMP<br \/>\n<strong>Instructions\u00a0:<\/strong>\u00a0Cliquez sur le bord des pages pour tourner ou utilisez les touches fl\u00e9ch\u00e9es de votre clavier. Cliquez sur le bouton central pour afficher le catalogue en plein \u00e9cran. T\u00e9l\u00e9chargez une copie ci-dessous.<\/p>\n<p><iframe loading=\"lazy\" src=\"\/\/e.issuu.com\/embed.html#3121444\/49861526\" width=\"100%\" height=\"668\" frameborder=\"0\" allowfullscreen=\"allowfullscreen\"><\/iframe><br \/>\nCMP Bath Products Catalog<\/p>\n","protected":false},"excerpt":{"rendered":"<p>Catalogue de produits de bain CMP Instructions\u00a0:\u00a0Cliquez sur le bord des pages pour tourner ou utilisez les touches fl\u00e9ch\u00e9es de votre clavier. Cliquez sur le bouton central pour afficher le catalogue en plein \u00e9cran. T\u00e9l\u00e9chargez une copie ci-dessous. CMP Bath Products Catalog<\/p>\n","protected":false},"author":4,"featured_media":45822,"parent":63876,"menu_order":200,"comment_status":"open","ping_status":"open","template":"rci-flex-template.php","meta":{"_acf_changed":false,"_oasis_is_in_workflow":0,"_oasis_original":0,"_mi_skip_tracking":false,"_monsterinsights_sitenote_active":false,"_monsterinsights_sitenote_note":"","_monsterinsights_sitenote_category":0,"footnotes":""},"class_list":["post-66601","page","type-page","status-publish","has-post-thumbnail","hentry"],"acf":[],"yoast_head":"<!-- This site is optimized with the Yoast SEO plugin v27.2 - https:\/\/yoast.com\/product\/yoast-seo-wordpress\/ -->\n<title>Catalogue de produits de bain CMP - CMP<\/title>\n<meta name=\"description\" content=\"View and read the CMP 2014 Bath Products Catalog online. New catalog with intuitive product guide tables, enhanced photography, and a user friendly design.\" \/>\n<meta name=\"robots\" content=\"index, follow, max-snippet:-1, max-image-preview:large, max-video-preview:-1\" \/>\n<link rel=\"canonical\" href=\"https:\/\/c-m-p.com\/fr\/catalogue\/bain-catalogue\/\" \/>\n<meta property=\"og:locale\" content=\"fr_FR\" \/>\n<meta property=\"og:type\" content=\"article\" \/>\n<meta property=\"og:title\" content=\"Catalogue de produits de bain CMP - CMP\" \/>\n<meta property=\"og:description\" content=\"View and read the CMP 2014 Bath Products Catalog online. New catalog with intuitive product guide tables, enhanced photography, and a user friendly design.\" \/>\n<meta property=\"og:url\" content=\"https:\/\/c-m-p.com\/fr\/catalogue\/bain-catalogue\/\" \/>\n<meta property=\"og:site_name\" content=\"CMP\" \/>\n<meta property=\"article:modified_time\" content=\"2021-07-21T08:58:38+00:00\" \/>\n<meta property=\"og:image\" content=\"https:\/\/c-m-p.com\/wp-content\/uploads\/2017\/09\/Bath-Catalog-Resource-Images.jpg\" \/>\n\t<meta property=\"og:image:width\" content=\"340\" \/>\n\t<meta property=\"og:image:height\" content=\"200\" \/>\n\t<meta property=\"og:image:type\" content=\"image\/jpeg\" \/>\n<script type=\"application\/ld+json\" class=\"yoast-schema-graph\">{\"@context\":\"https:\/\/schema.org\",\"@graph\":[{\"@type\":\"WebPage\",\"@id\":\"https:\/\/c-m-p.com\/fr\/catalogue\/bain-catalogue\/\",\"url\":\"https:\/\/c-m-p.com\/fr\/catalogue\/bain-catalogue\/\",\"name\":\"Catalogue de produits de bain CMP - CMP\",\"isPartOf\":{\"@id\":\"https:\/\/c-m-p.com\/#website\"},\"primaryImageOfPage\":{\"@id\":\"https:\/\/c-m-p.com\/fr\/catalogue\/bain-catalogue\/#primaryimage\"},\"image\":{\"@id\":\"https:\/\/c-m-p.com\/fr\/catalogue\/bain-catalogue\/#primaryimage\"},\"thumbnailUrl\":\"https:\/\/www.c-m-p.com\/wp-content\/uploads\/2017\/09\/Bath-Catalog-Resource-Images.jpg\",\"datePublished\":\"2013-10-30T17:11:41+00:00\",\"dateModified\":\"2021-07-21T08:58:38+00:00\",\"description\":\"View and read the CMP 2014 Bath Products Catalog online. New catalog with intuitive product guide tables, enhanced photography, and a user friendly design.\",\"breadcrumb\":{\"@id\":\"https:\/\/c-m-p.com\/fr\/catalogue\/bain-catalogue\/#breadcrumb\"},\"inLanguage\":\"fr-FR\",\"potentialAction\":[{\"@type\":\"ReadAction\",\"target\":[\"https:\/\/c-m-p.com\/fr\/catalogue\/bain-catalogue\/\"]}]},{\"@type\":\"ImageObject\",\"inLanguage\":\"fr-FR\",\"@id\":\"https:\/\/c-m-p.com\/fr\/catalogue\/bain-catalogue\/#primaryimage\",\"url\":\"https:\/\/www.c-m-p.com\/wp-content\/uploads\/2017\/09\/Bath-Catalog-Resource-Images.jpg\",\"contentUrl\":\"https:\/\/www.c-m-p.com\/wp-content\/uploads\/2017\/09\/Bath-Catalog-Resource-Images.jpg\",\"width\":340,\"height\":200},{\"@type\":\"BreadcrumbList\",\"@id\":\"https:\/\/c-m-p.com\/fr\/catalogue\/bain-catalogue\/#breadcrumb\",\"itemListElement\":[{\"@type\":\"ListItem\",\"position\":1,\"name\":\"Home\",\"item\":\"https:\/\/c-m-p.com\/fr\/\"},{\"@type\":\"ListItem\",\"position\":2,\"name\":\"Catalogues de produits CMP\",\"item\":\"https:\/\/c-m-p.com\/fr\/catalogue\/\"},{\"@type\":\"ListItem\",\"position\":3,\"name\":\"Catalogue de produits de bain CMP\"}]},{\"@type\":\"WebSite\",\"@id\":\"https:\/\/c-m-p.com\/#website\",\"url\":\"https:\/\/c-m-p.com\/\",\"name\":\"CMP\",\"description\":\"Pool Products, Spa and Hot Tub Products\",\"publisher\":{\"@id\":\"https:\/\/c-m-p.com\/#organization\"},\"potentialAction\":[{\"@type\":\"SearchAction\",\"target\":{\"@type\":\"EntryPoint\",\"urlTemplate\":\"https:\/\/c-m-p.com\/?s={search_term_string}\"},\"query-input\":{\"@type\":\"PropertyValueSpecification\",\"valueRequired\":true,\"valueName\":\"search_term_string\"}}],\"inLanguage\":\"fr-FR\"},{\"@type\":\"Organization\",\"@id\":\"https:\/\/c-m-p.com\/#organization\",\"name\":\"CMP Pool & Spa Products\",\"url\":\"https:\/\/c-m-p.com\/\",\"logo\":{\"@type\":\"ImageObject\",\"inLanguage\":\"fr-FR\",\"@id\":\"https:\/\/c-m-p.com\/#\/schema\/logo\/image\/\",\"url\":\"https:\/\/43ab809dfe.nxcli.io\/wp-content\/uploads\/2013\/10\/2013-CMP-Logo.jpg\",\"contentUrl\":\"https:\/\/43ab809dfe.nxcli.io\/wp-content\/uploads\/2013\/10\/2013-CMP-Logo.jpg\",\"width\":1000,\"height\":247,\"caption\":\"CMP Pool & Spa Products\"},\"image\":{\"@id\":\"https:\/\/c-m-p.com\/#\/schema\/logo\/image\/\"}}]}<\/script>\n<!-- \/ Yoast SEO plugin. -->","yoast_head_json":{"title":"Catalogue de produits de bain CMP - CMP","description":"View and read the CMP 2014 Bath Products Catalog online. New catalog with intuitive product guide tables, enhanced photography, and a user friendly design.","robots":{"index":"index","follow":"follow","max-snippet":"max-snippet:-1","max-image-preview":"max-image-preview:large","max-video-preview":"max-video-preview:-1"},"canonical":"https:\/\/c-m-p.com\/fr\/catalogue\/bain-catalogue\/","og_locale":"fr_FR","og_type":"article","og_title":"Catalogue de produits de bain CMP - CMP","og_description":"View and read the CMP 2014 Bath Products Catalog online. New catalog with intuitive product guide tables, enhanced photography, and a user friendly design.","og_url":"https:\/\/c-m-p.com\/fr\/catalogue\/bain-catalogue\/","og_site_name":"CMP","article_modified_time":"2021-07-21T08:58:38+00:00","og_image":[{"width":340,"height":200,"url":"https:\/\/c-m-p.com\/wp-content\/uploads\/2017\/09\/Bath-Catalog-Resource-Images.jpg","type":"image\/jpeg"}],"schema":{"@context":"https:\/\/schema.org","@graph":[{"@type":"WebPage","@id":"https:\/\/c-m-p.com\/fr\/catalogue\/bain-catalogue\/","url":"https:\/\/c-m-p.com\/fr\/catalogue\/bain-catalogue\/","name":"Catalogue de produits de bain CMP - CMP","isPartOf":{"@id":"https:\/\/c-m-p.com\/#website"},"primaryImageOfPage":{"@id":"https:\/\/c-m-p.com\/fr\/catalogue\/bain-catalogue\/#primaryimage"},"image":{"@id":"https:\/\/c-m-p.com\/fr\/catalogue\/bain-catalogue\/#primaryimage"},"thumbnailUrl":"https:\/\/www.c-m-p.com\/wp-content\/uploads\/2017\/09\/Bath-Catalog-Resource-Images.jpg","datePublished":"2013-10-30T17:11:41+00:00","dateModified":"2021-07-21T08:58:38+00:00","description":"View and read the CMP 2014 Bath Products Catalog online. New catalog with intuitive product guide tables, enhanced photography, and a user friendly design.","breadcrumb":{"@id":"https:\/\/c-m-p.com\/fr\/catalogue\/bain-catalogue\/#breadcrumb"},"inLanguage":"fr-FR","potentialAction":[{"@type":"ReadAction","target":["https:\/\/c-m-p.com\/fr\/catalogue\/bain-catalogue\/"]}]},{"@type":"ImageObject","inLanguage":"fr-FR","@id":"https:\/\/c-m-p.com\/fr\/catalogue\/bain-catalogue\/#primaryimage","url":"https:\/\/www.c-m-p.com\/wp-content\/uploads\/2017\/09\/Bath-Catalog-Resource-Images.jpg","contentUrl":"https:\/\/www.c-m-p.com\/wp-content\/uploads\/2017\/09\/Bath-Catalog-Resource-Images.jpg","width":340,"height":200},{"@type":"BreadcrumbList","@id":"https:\/\/c-m-p.com\/fr\/catalogue\/bain-catalogue\/#breadcrumb","itemListElement":[{"@type":"ListItem","position":1,"name":"Home","item":"https:\/\/c-m-p.com\/fr\/"},{"@type":"ListItem","position":2,"name":"Catalogues de produits CMP","item":"https:\/\/c-m-p.com\/fr\/catalogue\/"},{"@type":"ListItem","position":3,"name":"Catalogue de produits de bain CMP"}]},{"@type":"WebSite","@id":"https:\/\/c-m-p.com\/#website","url":"https:\/\/c-m-p.com\/","name":"CMP","description":"Pool Products, Spa and Hot Tub Products","publisher":{"@id":"https:\/\/c-m-p.com\/#organization"},"potentialAction":[{"@type":"SearchAction","target":{"@type":"EntryPoint","urlTemplate":"https:\/\/c-m-p.com\/?s={search_term_string}"},"query-input":{"@type":"PropertyValueSpecification","valueRequired":true,"valueName":"search_term_string"}}],"inLanguage":"fr-FR"},{"@type":"Organization","@id":"https:\/\/c-m-p.com\/#organization","name":"CMP Pool & Spa Products","url":"https:\/\/c-m-p.com\/","logo":{"@type":"ImageObject","inLanguage":"fr-FR","@id":"https:\/\/c-m-p.com\/#\/schema\/logo\/image\/","url":"https:\/\/43ab809dfe.nxcli.io\/wp-content\/uploads\/2013\/10\/2013-CMP-Logo.jpg","contentUrl":"https:\/\/43ab809dfe.nxcli.io\/wp-content\/uploads\/2013\/10\/2013-CMP-Logo.jpg","width":1000,"height":247,"caption":"CMP Pool & Spa Products"},"image":{"@id":"https:\/\/c-m-p.com\/#\/schema\/logo\/image\/"}}]}},"_links":{"self":[{"href":"https:\/\/www.c-m-p.com\/fr\/wp-json\/wp\/v2\/pages\/66601","targetHints":{"allow":["GET"]}}],"collection":[{"href":"https:\/\/www.c-m-p.com\/fr\/wp-json\/wp\/v2\/pages"}],"about":[{"href":"https:\/\/www.c-m-p.com\/fr\/wp-json\/wp\/v2\/types\/page"}],"author":[{"embeddable":true,"href":"https:\/\/www.c-m-p.com\/fr\/wp-json\/wp\/v2\/users\/4"}],"replies":[{"embeddable":true,"href":"https:\/\/www.c-m-p.com\/fr\/wp-json\/wp\/v2\/comments?post=66601"}],"version-history":[{"count":0,"href":"https:\/\/www.c-m-p.com\/fr\/wp-json\/wp\/v2\/pages\/66601\/revisions"}],"up":[{"embeddable":true,"href":"https:\/\/www.c-m-p.com\/fr\/wp-json\/wp\/v2\/pages\/63876"}],"wp:featuredmedia":[{"embeddable":true,"href":"https:\/\/www.c-m-p.com\/fr\/wp-json\/wp\/v2\/media\/45822"}],"wp:attachment":[{"href":"https:\/\/www.c-m-p.com\/fr\/wp-json\/wp\/v2\/media?parent=66601"}],"curies":[{"name":"wp","href":"https:\/\/api.w.org\/{rel}","templated":true}]}}