{"id":66710,"date":"2013-10-29T19:15:06","date_gmt":"2013-10-30T00:15:06","guid":{"rendered":"https:\/\/43ab809dfe.nxcli.io\/catalogue\/pool-catalog-2\/"},"modified":"2021-07-21T04:49:46","modified_gmt":"2021-07-21T09:49:46","slug":"catalogue-piscine","status":"publish","type":"page","link":"https:\/\/www.c-m-p.com\/fr\/catalogue\/catalogue-piscine\/","title":{"rendered":"Catalogue de produits de piscine CMP"},"content":{"rendered":"<p>Catalogue de produits de piscine CMP<br \/>\n<strong>Instructions\u00a0:<\/strong> cliquez sur le bord des pages pour tourner ou utilisez les touches fl\u00e9ch\u00e9es de votre clavier. Cliquez sur le bouton central pour afficher le catalogue en plein \u00e9cran. T\u00e9l\u00e9chargez une copie ci-dessous.<\/p>\n<p><iframe style=\"border: none; width: 100%; height: 800px;\" src=\"\/\/e.issuu.com\/embed.html?d=2021_pool_catalog_reva_screen&amp;u=c-m-p\" allowfullscreen=\"allowfullscreen\"><\/iframe><br \/>\n2020 Pool Feature Book<br \/>\nPool Products Catalog<\/p>\n","protected":false},"excerpt":{"rendered":"<p>Catalogue de produits de piscine CMP Instructions\u00a0: cliquez sur le bord des pages pour tourner ou utilisez les touches fl\u00e9ch\u00e9es de votre clavier. Cliquez sur le bouton central pour afficher le catalogue en plein \u00e9cran. T\u00e9l\u00e9chargez une copie ci-dessous. 2020 Pool Feature Book Pool Products Catalog<\/p>\n","protected":false},"author":1,"featured_media":51023,"parent":63876,"menu_order":100,"comment_status":"open","ping_status":"open","template":"rci-flex-template.php","meta":{"_acf_changed":false,"_oasis_is_in_workflow":0,"_oasis_original":0,"_mi_skip_tracking":false,"_monsterinsights_sitenote_active":false,"_monsterinsights_sitenote_note":"","_monsterinsights_sitenote_category":0,"footnotes":""},"class_list":["post-66710","page","type-page","status-publish","has-post-thumbnail","hentry"],"acf":[],"yoast_head":"<!-- This site is optimized with the Yoast SEO plugin v27.2 - https:\/\/yoast.com\/product\/yoast-seo-wordpress\/ -->\n<title>Catalogue de produits de piscine CMP<\/title>\n<meta name=\"description\" content=\"View the CMP Pool Products catalog online. Download as a PDF or view our interactive catalog online with your desktop computer or mobile device.\" \/>\n<meta name=\"robots\" content=\"index, follow, max-snippet:-1, max-image-preview:large, max-video-preview:-1\" \/>\n<link rel=\"canonical\" href=\"https:\/\/c-m-p.com\/fr\/catalogue\/catalogue-piscine\/\" \/>\n<meta property=\"og:locale\" content=\"fr_FR\" \/>\n<meta property=\"og:type\" content=\"article\" \/>\n<meta property=\"og:title\" content=\"Catalogue de produits de piscine CMP\" \/>\n<meta property=\"og:description\" content=\"View the CMP Pool Products catalog online. Download as a PDF or view our interactive catalog online with your desktop computer or mobile device.\" \/>\n<meta property=\"og:url\" content=\"https:\/\/c-m-p.com\/fr\/catalogue\/catalogue-piscine\/\" \/>\n<meta property=\"og:site_name\" content=\"CMP\" \/>\n<meta property=\"article:modified_time\" content=\"2021-07-21T09:49:46+00:00\" \/>\n<meta property=\"og:image\" content=\"https:\/\/c-m-p.com\/wp-content\/uploads\/2019\/08\/CMP-Pool-Catalog.png\" \/>\n\t<meta property=\"og:image:width\" content=\"826\" \/>\n\t<meta property=\"og:image:height\" content=\"702\" \/>\n\t<meta property=\"og:image:type\" content=\"image\/png\" \/>\n<script type=\"application\/ld+json\" class=\"yoast-schema-graph\">{\"@context\":\"https:\/\/schema.org\",\"@graph\":[{\"@type\":\"WebPage\",\"@id\":\"https:\/\/c-m-p.com\/fr\/catalogue\/catalogue-piscine\/\",\"url\":\"https:\/\/c-m-p.com\/fr\/catalogue\/catalogue-piscine\/\",\"name\":\"Catalogue de produits de piscine CMP\",\"isPartOf\":{\"@id\":\"https:\/\/c-m-p.com\/#website\"},\"primaryImageOfPage\":{\"@id\":\"https:\/\/c-m-p.com\/fr\/catalogue\/catalogue-piscine\/#primaryimage\"},\"image\":{\"@id\":\"https:\/\/c-m-p.com\/fr\/catalogue\/catalogue-piscine\/#primaryimage\"},\"thumbnailUrl\":\"https:\/\/www.c-m-p.com\/wp-content\/uploads\/2019\/08\/CMP-Pool-Catalog.png\",\"datePublished\":\"2013-10-30T00:15:06+00:00\",\"dateModified\":\"2021-07-21T09:49:46+00:00\",\"description\":\"View the CMP Pool Products catalog online. Download as a PDF or view our interactive catalog online with your desktop computer or mobile device.\",\"breadcrumb\":{\"@id\":\"https:\/\/c-m-p.com\/fr\/catalogue\/catalogue-piscine\/#breadcrumb\"},\"inLanguage\":\"fr-FR\",\"potentialAction\":[{\"@type\":\"ReadAction\",\"target\":[\"https:\/\/c-m-p.com\/fr\/catalogue\/catalogue-piscine\/\"]}]},{\"@type\":\"ImageObject\",\"inLanguage\":\"fr-FR\",\"@id\":\"https:\/\/c-m-p.com\/fr\/catalogue\/catalogue-piscine\/#primaryimage\",\"url\":\"https:\/\/www.c-m-p.com\/wp-content\/uploads\/2019\/08\/CMP-Pool-Catalog.png\",\"contentUrl\":\"https:\/\/www.c-m-p.com\/wp-content\/uploads\/2019\/08\/CMP-Pool-Catalog.png\",\"width\":826,\"height\":702},{\"@type\":\"BreadcrumbList\",\"@id\":\"https:\/\/c-m-p.com\/fr\/catalogue\/catalogue-piscine\/#breadcrumb\",\"itemListElement\":[{\"@type\":\"ListItem\",\"position\":1,\"name\":\"Home\",\"item\":\"https:\/\/c-m-p.com\/fr\/\"},{\"@type\":\"ListItem\",\"position\":2,\"name\":\"Catalogues de produits CMP\",\"item\":\"https:\/\/c-m-p.com\/fr\/catalogue\/\"},{\"@type\":\"ListItem\",\"position\":3,\"name\":\"Catalogue de produits de piscine CMP\"}]},{\"@type\":\"WebSite\",\"@id\":\"https:\/\/c-m-p.com\/#website\",\"url\":\"https:\/\/c-m-p.com\/\",\"name\":\"CMP\",\"description\":\"Pool Products, Spa and Hot Tub Products\",\"publisher\":{\"@id\":\"https:\/\/c-m-p.com\/#organization\"},\"potentialAction\":[{\"@type\":\"SearchAction\",\"target\":{\"@type\":\"EntryPoint\",\"urlTemplate\":\"https:\/\/c-m-p.com\/?s={search_term_string}\"},\"query-input\":{\"@type\":\"PropertyValueSpecification\",\"valueRequired\":true,\"valueName\":\"search_term_string\"}}],\"inLanguage\":\"fr-FR\"},{\"@type\":\"Organization\",\"@id\":\"https:\/\/c-m-p.com\/#organization\",\"name\":\"CMP Pool & Spa Products\",\"url\":\"https:\/\/c-m-p.com\/\",\"logo\":{\"@type\":\"ImageObject\",\"inLanguage\":\"fr-FR\",\"@id\":\"https:\/\/c-m-p.com\/#\/schema\/logo\/image\/\",\"url\":\"https:\/\/43ab809dfe.nxcli.io\/wp-content\/uploads\/2013\/10\/2013-CMP-Logo.jpg\",\"contentUrl\":\"https:\/\/43ab809dfe.nxcli.io\/wp-content\/uploads\/2013\/10\/2013-CMP-Logo.jpg\",\"width\":1000,\"height\":247,\"caption\":\"CMP Pool & Spa Products\"},\"image\":{\"@id\":\"https:\/\/c-m-p.com\/#\/schema\/logo\/image\/\"}}]}<\/script>\n<!-- \/ Yoast SEO plugin. -->","yoast_head_json":{"title":"Catalogue de produits de piscine CMP","description":"View the CMP Pool Products catalog online. Download as a PDF or view our interactive catalog online with your desktop computer or mobile device.","robots":{"index":"index","follow":"follow","max-snippet":"max-snippet:-1","max-image-preview":"max-image-preview:large","max-video-preview":"max-video-preview:-1"},"canonical":"https:\/\/c-m-p.com\/fr\/catalogue\/catalogue-piscine\/","og_locale":"fr_FR","og_type":"article","og_title":"Catalogue de produits de piscine CMP","og_description":"View the CMP Pool Products catalog online. Download as a PDF or view our interactive catalog online with your desktop computer or mobile device.","og_url":"https:\/\/c-m-p.com\/fr\/catalogue\/catalogue-piscine\/","og_site_name":"CMP","article_modified_time":"2021-07-21T09:49:46+00:00","og_image":[{"width":826,"height":702,"url":"https:\/\/c-m-p.com\/wp-content\/uploads\/2019\/08\/CMP-Pool-Catalog.png","type":"image\/png"}],"schema":{"@context":"https:\/\/schema.org","@graph":[{"@type":"WebPage","@id":"https:\/\/c-m-p.com\/fr\/catalogue\/catalogue-piscine\/","url":"https:\/\/c-m-p.com\/fr\/catalogue\/catalogue-piscine\/","name":"Catalogue de produits de piscine CMP","isPartOf":{"@id":"https:\/\/c-m-p.com\/#website"},"primaryImageOfPage":{"@id":"https:\/\/c-m-p.com\/fr\/catalogue\/catalogue-piscine\/#primaryimage"},"image":{"@id":"https:\/\/c-m-p.com\/fr\/catalogue\/catalogue-piscine\/#primaryimage"},"thumbnailUrl":"https:\/\/www.c-m-p.com\/wp-content\/uploads\/2019\/08\/CMP-Pool-Catalog.png","datePublished":"2013-10-30T00:15:06+00:00","dateModified":"2021-07-21T09:49:46+00:00","description":"View the CMP Pool Products catalog online. Download as a PDF or view our interactive catalog online with your desktop computer or mobile device.","breadcrumb":{"@id":"https:\/\/c-m-p.com\/fr\/catalogue\/catalogue-piscine\/#breadcrumb"},"inLanguage":"fr-FR","potentialAction":[{"@type":"ReadAction","target":["https:\/\/c-m-p.com\/fr\/catalogue\/catalogue-piscine\/"]}]},{"@type":"ImageObject","inLanguage":"fr-FR","@id":"https:\/\/c-m-p.com\/fr\/catalogue\/catalogue-piscine\/#primaryimage","url":"https:\/\/www.c-m-p.com\/wp-content\/uploads\/2019\/08\/CMP-Pool-Catalog.png","contentUrl":"https:\/\/www.c-m-p.com\/wp-content\/uploads\/2019\/08\/CMP-Pool-Catalog.png","width":826,"height":702},{"@type":"BreadcrumbList","@id":"https:\/\/c-m-p.com\/fr\/catalogue\/catalogue-piscine\/#breadcrumb","itemListElement":[{"@type":"ListItem","position":1,"name":"Home","item":"https:\/\/c-m-p.com\/fr\/"},{"@type":"ListItem","position":2,"name":"Catalogues de produits CMP","item":"https:\/\/c-m-p.com\/fr\/catalogue\/"},{"@type":"ListItem","position":3,"name":"Catalogue de produits de piscine CMP"}]},{"@type":"WebSite","@id":"https:\/\/c-m-p.com\/#website","url":"https:\/\/c-m-p.com\/","name":"CMP","description":"Pool Products, Spa and Hot Tub Products","publisher":{"@id":"https:\/\/c-m-p.com\/#organization"},"potentialAction":[{"@type":"SearchAction","target":{"@type":"EntryPoint","urlTemplate":"https:\/\/c-m-p.com\/?s={search_term_string}"},"query-input":{"@type":"PropertyValueSpecification","valueRequired":true,"valueName":"search_term_string"}}],"inLanguage":"fr-FR"},{"@type":"Organization","@id":"https:\/\/c-m-p.com\/#organization","name":"CMP Pool & Spa Products","url":"https:\/\/c-m-p.com\/","logo":{"@type":"ImageObject","inLanguage":"fr-FR","@id":"https:\/\/c-m-p.com\/#\/schema\/logo\/image\/","url":"https:\/\/43ab809dfe.nxcli.io\/wp-content\/uploads\/2013\/10\/2013-CMP-Logo.jpg","contentUrl":"https:\/\/43ab809dfe.nxcli.io\/wp-content\/uploads\/2013\/10\/2013-CMP-Logo.jpg","width":1000,"height":247,"caption":"CMP Pool & Spa Products"},"image":{"@id":"https:\/\/c-m-p.com\/#\/schema\/logo\/image\/"}}]}},"_links":{"self":[{"href":"https:\/\/www.c-m-p.com\/fr\/wp-json\/wp\/v2\/pages\/66710","targetHints":{"allow":["GET"]}}],"collection":[{"href":"https:\/\/www.c-m-p.com\/fr\/wp-json\/wp\/v2\/pages"}],"about":[{"href":"https:\/\/www.c-m-p.com\/fr\/wp-json\/wp\/v2\/types\/page"}],"author":[{"embeddable":true,"href":"https:\/\/www.c-m-p.com\/fr\/wp-json\/wp\/v2\/users\/1"}],"replies":[{"embeddable":true,"href":"https:\/\/www.c-m-p.com\/fr\/wp-json\/wp\/v2\/comments?post=66710"}],"version-history":[{"count":0,"href":"https:\/\/www.c-m-p.com\/fr\/wp-json\/wp\/v2\/pages\/66710\/revisions"}],"up":[{"embeddable":true,"href":"https:\/\/www.c-m-p.com\/fr\/wp-json\/wp\/v2\/pages\/63876"}],"wp:featuredmedia":[{"embeddable":true,"href":"https:\/\/www.c-m-p.com\/fr\/wp-json\/wp\/v2\/media\/51023"}],"wp:attachment":[{"href":"https:\/\/www.c-m-p.com\/fr\/wp-json\/wp\/v2\/media?parent=66710"}],"curies":[{"name":"wp","href":"https:\/\/api.w.org\/{rel}","templated":true}]}}