{"id":66718,"date":"2020-02-18T16:21:45","date_gmt":"2020-02-18T21:21:45","guid":{"rendered":"https:\/\/43ab809dfe.nxcli.io\/centre-de-ressources\/cmp-product-literature\/"},"modified":"2021-07-22T05:02:59","modified_gmt":"2021-07-22T10:02:59","slug":"cmp-produit-litterature","status":"publish","type":"page","link":"https:\/\/www.c-m-p.com\/fr\/centre-de-ressources\/cmp-produit-litterature\/","title":{"rendered":"Documentation sur les produits CMP"},"content":{"rendered":"<p>LITT\u00c9RATURE PRODUCTIVE<br \/>\nAcc\u00e9dez aux brochures, guides et instructions produits ici<br \/>\n<img decoding=\"async\" width=\"1401\" height=\"398\" src=\"https:\/\/www.c-m-p.com\/wp-content\/uploads\/2018\/05\/red-hex-zoom-2018-hero-bg.jpg\" class=\"attachment-full size-full\" alt=\"red-hex-zoom-2018-hero-bg\" loading=\"lazy\" srcset=\"https:\/\/www.c-m-p.com\/wp-content\/uploads\/2018\/05\/red-hex-zoom-2018-hero-bg.jpg 1401w, https:\/\/www.c-m-p.com\/wp-content\/uploads\/2018\/05\/red-hex-zoom-2018-hero-bg-300x85.jpg 300w, https:\/\/www.c-m-p.com\/wp-content\/uploads\/2018\/05\/red-hex-zoom-2018-hero-bg-768x218.jpg 768w, https:\/\/www.c-m-p.com\/wp-content\/uploads\/2018\/05\/red-hex-zoom-2018-hero-bg-1024x291.jpg 1024w, https:\/\/www.c-m-p.com\/wp-content\/uploads\/2018\/05\/red-hex-zoom-2018-hero-bg-568x161.jpg 568w, https:\/\/www.c-m-p.com\/wp-content\/uploads\/2018\/05\/red-hex-zoom-2018-hero-bg-235x67.jpg 235w, https:\/\/www.c-m-p.com\/wp-content\/uploads\/2018\/05\/red-hex-zoom-2018-hero-bg-307x87.jpg 307w\" sizes=\"auto, (max-width: 1401px) 100vw, 1401px\" \/><br \/>\nCentre de ressources CMP<br \/>\nContent Library<br \/>\nINSTRUCTIONS \u00c9TAPE PAR \u00c9TAPE DANS LE PORTAIL TECHNIQUE<br \/>\n\/fr\/technologie\/<br \/>\n<img decoding=\"async\" width=\"300\" height=\"300\" src=\"https:\/\/www.c-m-p.com\/wp-content\/uploads\/2020\/02\/tech-portal-gray-icon.png\" class=\"attachment-full size-full\" alt=\"\" loading=\"lazy\" srcset=\"https:\/\/www.c-m-p.com\/wp-content\/uploads\/2020\/02\/tech-portal-gray-icon.png 300w, https:\/\/www.c-m-p.com\/wp-content\/uploads\/2020\/02\/tech-portal-gray-icon-150x150.png 150w, https:\/\/www.c-m-p.com\/wp-content\/uploads\/2020\/02\/tech-portal-gray-icon-235x235.png 235w\" sizes=\"auto, (max-width: 300px) 100vw, 300px\" \/><br \/>\nDEL Pool Products Catalog<br \/>\nBrilliant Wonders\u00ae LED Light Brochure (French\/ Fran\u00e7ais)<br \/>\nBrilliant Wonders\u00ae 4&#8243; LED Bubbler Product Sheet<br \/>\n20&#8243; Unblockable Ring Drain Brochure<\/p>\n","protected":false},"excerpt":{"rendered":"<p>LITT\u00c9RATURE PRODUCTIVE Acc\u00e9dez aux brochures, guides et instructions produits ici Centre de ressources CMP Content Library INSTRUCTIONS \u00c9TAPE PAR \u00c9TAPE DANS LE PORTAIL TECHNIQUE \/fr\/technologie\/ DEL Pool Products Catalog Brilliant Wonders\u00ae LED Light Brochure (French\/ Fran\u00e7ais) Brilliant Wonders\u00ae 4&#8243; LED Bubbler Product Sheet 20&#8243; Unblockable Ring Drain Brochure<\/p>\n","protected":false},"author":4,"featured_media":0,"parent":64014,"menu_order":0,"comment_status":"closed","ping_status":"closed","template":"rci-flex-template.php","meta":{"_acf_changed":false,"_oasis_is_in_workflow":0,"_oasis_original":0,"_mi_skip_tracking":false,"_monsterinsights_sitenote_active":false,"_monsterinsights_sitenote_note":"","_monsterinsights_sitenote_category":0,"footnotes":""},"class_list":["post-66718","page","type-page","status-publish","hentry"],"acf":[],"yoast_head":"<!-- This site is optimized with the Yoast SEO plugin v27.2 - https:\/\/yoast.com\/product\/yoast-seo-wordpress\/ -->\n<title>Documentation sur les produits CMP - CMP<\/title>\n<meta name=\"robots\" content=\"noindex, nofollow\" \/>\n<meta property=\"og:locale\" content=\"fr_FR\" \/>\n<meta property=\"og:type\" content=\"article\" \/>\n<meta property=\"og:title\" content=\"Documentation sur les produits CMP - CMP\" \/>\n<meta property=\"og:description\" content=\"LITT\u00c9RATURE PRODUCTIVE Acc\u00e9dez aux brochures, guides et instructions produits ici Centre de ressources CMP Content Library INSTRUCTIONS \u00c9TAPE PAR \u00c9TAPE DANS LE PORTAIL TECHNIQUE \/fr\/technologie\/ DEL Pool Products Catalog Brilliant Wonders\u00ae LED Light Brochure (French\/ Fran\u00e7ais) Brilliant Wonders\u00ae 4&#8243; LED Bubbler Product Sheet 20&#8243; Unblockable Ring Drain Brochure\" \/>\n<meta property=\"og:url\" content=\"https:\/\/c-m-p.com\/fr\/centre-de-ressources\/cmp-produit-litterature\/\" \/>\n<meta property=\"og:site_name\" content=\"CMP\" \/>\n<meta property=\"article:modified_time\" content=\"2021-07-22T10:02:59+00:00\" \/>\n<meta property=\"og:image\" content=\"https:\/\/c-m-p.com\/wp-content\/uploads\/2018\/05\/red-hex-zoom-2018-hero-bg.jpg\" \/>\n<script type=\"application\/ld+json\" class=\"yoast-schema-graph\">{\"@context\":\"https:\/\/schema.org\",\"@graph\":[{\"@type\":\"WebPage\",\"@id\":\"https:\/\/c-m-p.com\/fr\/centre-de-ressources\/cmp-produit-litterature\/\",\"url\":\"https:\/\/c-m-p.com\/fr\/centre-de-ressources\/cmp-produit-litterature\/\",\"name\":\"Documentation sur les produits CMP - CMP\",\"isPartOf\":{\"@id\":\"https:\/\/c-m-p.com\/#website\"},\"primaryImageOfPage\":{\"@id\":\"https:\/\/c-m-p.com\/fr\/centre-de-ressources\/cmp-produit-litterature\/#primaryimage\"},\"image\":{\"@id\":\"https:\/\/c-m-p.com\/fr\/centre-de-ressources\/cmp-produit-litterature\/#primaryimage\"},\"thumbnailUrl\":\"https:\/\/www.c-m-p.com\/wp-content\/uploads\/2018\/05\/red-hex-zoom-2018-hero-bg.jpg\",\"datePublished\":\"2020-02-18T21:21:45+00:00\",\"dateModified\":\"2021-07-22T10:02:59+00:00\",\"breadcrumb\":{\"@id\":\"https:\/\/c-m-p.com\/fr\/centre-de-ressources\/cmp-produit-litterature\/#breadcrumb\"},\"inLanguage\":\"fr-FR\",\"potentialAction\":[{\"@type\":\"ReadAction\",\"target\":[\"https:\/\/c-m-p.com\/fr\/centre-de-ressources\/cmp-produit-litterature\/\"]}]},{\"@type\":\"ImageObject\",\"inLanguage\":\"fr-FR\",\"@id\":\"https:\/\/c-m-p.com\/fr\/centre-de-ressources\/cmp-produit-litterature\/#primaryimage\",\"url\":\"https:\/\/www.c-m-p.com\/wp-content\/uploads\/2018\/05\/red-hex-zoom-2018-hero-bg.jpg\",\"contentUrl\":\"https:\/\/www.c-m-p.com\/wp-content\/uploads\/2018\/05\/red-hex-zoom-2018-hero-bg.jpg\"},{\"@type\":\"BreadcrumbList\",\"@id\":\"https:\/\/c-m-p.com\/fr\/centre-de-ressources\/cmp-produit-litterature\/#breadcrumb\",\"itemListElement\":[{\"@type\":\"ListItem\",\"position\":1,\"name\":\"Home\",\"item\":\"https:\/\/c-m-p.com\/fr\/\"},{\"@type\":\"ListItem\",\"position\":2,\"name\":\"Centre de ressources CMP\",\"item\":\"https:\/\/c-m-p.com\/fr\/centre-de-ressources\/\"},{\"@type\":\"ListItem\",\"position\":3,\"name\":\"Documentation sur les produits CMP\"}]},{\"@type\":\"WebSite\",\"@id\":\"https:\/\/c-m-p.com\/#website\",\"url\":\"https:\/\/c-m-p.com\/\",\"name\":\"CMP\",\"description\":\"Pool Products, Spa and Hot Tub Products\",\"publisher\":{\"@id\":\"https:\/\/c-m-p.com\/#organization\"},\"potentialAction\":[{\"@type\":\"SearchAction\",\"target\":{\"@type\":\"EntryPoint\",\"urlTemplate\":\"https:\/\/c-m-p.com\/?s={search_term_string}\"},\"query-input\":{\"@type\":\"PropertyValueSpecification\",\"valueRequired\":true,\"valueName\":\"search_term_string\"}}],\"inLanguage\":\"fr-FR\"},{\"@type\":\"Organization\",\"@id\":\"https:\/\/c-m-p.com\/#organization\",\"name\":\"CMP Pool & Spa Products\",\"url\":\"https:\/\/c-m-p.com\/\",\"logo\":{\"@type\":\"ImageObject\",\"inLanguage\":\"fr-FR\",\"@id\":\"https:\/\/c-m-p.com\/#\/schema\/logo\/image\/\",\"url\":\"https:\/\/43ab809dfe.nxcli.io\/wp-content\/uploads\/2013\/10\/2013-CMP-Logo.jpg\",\"contentUrl\":\"https:\/\/43ab809dfe.nxcli.io\/wp-content\/uploads\/2013\/10\/2013-CMP-Logo.jpg\",\"width\":1000,\"height\":247,\"caption\":\"CMP Pool & Spa Products\"},\"image\":{\"@id\":\"https:\/\/c-m-p.com\/#\/schema\/logo\/image\/\"}}]}<\/script>\n<!-- \/ Yoast SEO plugin. -->","yoast_head_json":{"title":"Documentation sur les produits CMP - CMP","robots":{"index":"noindex","follow":"nofollow"},"og_locale":"fr_FR","og_type":"article","og_title":"Documentation sur les produits CMP - CMP","og_description":"LITT\u00c9RATURE PRODUCTIVE Acc\u00e9dez aux brochures, guides et instructions produits ici Centre de ressources CMP Content Library INSTRUCTIONS \u00c9TAPE PAR \u00c9TAPE DANS LE PORTAIL TECHNIQUE \/fr\/technologie\/ DEL Pool Products Catalog Brilliant Wonders\u00ae LED Light Brochure (French\/ Fran\u00e7ais) Brilliant Wonders\u00ae 4&#8243; LED Bubbler Product Sheet 20&#8243; Unblockable Ring Drain Brochure","og_url":"https:\/\/c-m-p.com\/fr\/centre-de-ressources\/cmp-produit-litterature\/","og_site_name":"CMP","article_modified_time":"2021-07-22T10:02:59+00:00","og_image":[{"url":"https:\/\/c-m-p.com\/wp-content\/uploads\/2018\/05\/red-hex-zoom-2018-hero-bg.jpg","type":"","width":"","height":""}],"schema":{"@context":"https:\/\/schema.org","@graph":[{"@type":"WebPage","@id":"https:\/\/c-m-p.com\/fr\/centre-de-ressources\/cmp-produit-litterature\/","url":"https:\/\/c-m-p.com\/fr\/centre-de-ressources\/cmp-produit-litterature\/","name":"Documentation sur les produits CMP - CMP","isPartOf":{"@id":"https:\/\/c-m-p.com\/#website"},"primaryImageOfPage":{"@id":"https:\/\/c-m-p.com\/fr\/centre-de-ressources\/cmp-produit-litterature\/#primaryimage"},"image":{"@id":"https:\/\/c-m-p.com\/fr\/centre-de-ressources\/cmp-produit-litterature\/#primaryimage"},"thumbnailUrl":"https:\/\/www.c-m-p.com\/wp-content\/uploads\/2018\/05\/red-hex-zoom-2018-hero-bg.jpg","datePublished":"2020-02-18T21:21:45+00:00","dateModified":"2021-07-22T10:02:59+00:00","breadcrumb":{"@id":"https:\/\/c-m-p.com\/fr\/centre-de-ressources\/cmp-produit-litterature\/#breadcrumb"},"inLanguage":"fr-FR","potentialAction":[{"@type":"ReadAction","target":["https:\/\/c-m-p.com\/fr\/centre-de-ressources\/cmp-produit-litterature\/"]}]},{"@type":"ImageObject","inLanguage":"fr-FR","@id":"https:\/\/c-m-p.com\/fr\/centre-de-ressources\/cmp-produit-litterature\/#primaryimage","url":"https:\/\/www.c-m-p.com\/wp-content\/uploads\/2018\/05\/red-hex-zoom-2018-hero-bg.jpg","contentUrl":"https:\/\/www.c-m-p.com\/wp-content\/uploads\/2018\/05\/red-hex-zoom-2018-hero-bg.jpg"},{"@type":"BreadcrumbList","@id":"https:\/\/c-m-p.com\/fr\/centre-de-ressources\/cmp-produit-litterature\/#breadcrumb","itemListElement":[{"@type":"ListItem","position":1,"name":"Home","item":"https:\/\/c-m-p.com\/fr\/"},{"@type":"ListItem","position":2,"name":"Centre de ressources CMP","item":"https:\/\/c-m-p.com\/fr\/centre-de-ressources\/"},{"@type":"ListItem","position":3,"name":"Documentation sur les produits CMP"}]},{"@type":"WebSite","@id":"https:\/\/c-m-p.com\/#website","url":"https:\/\/c-m-p.com\/","name":"CMP","description":"Pool Products, Spa and Hot Tub Products","publisher":{"@id":"https:\/\/c-m-p.com\/#organization"},"potentialAction":[{"@type":"SearchAction","target":{"@type":"EntryPoint","urlTemplate":"https:\/\/c-m-p.com\/?s={search_term_string}"},"query-input":{"@type":"PropertyValueSpecification","valueRequired":true,"valueName":"search_term_string"}}],"inLanguage":"fr-FR"},{"@type":"Organization","@id":"https:\/\/c-m-p.com\/#organization","name":"CMP Pool & Spa Products","url":"https:\/\/c-m-p.com\/","logo":{"@type":"ImageObject","inLanguage":"fr-FR","@id":"https:\/\/c-m-p.com\/#\/schema\/logo\/image\/","url":"https:\/\/43ab809dfe.nxcli.io\/wp-content\/uploads\/2013\/10\/2013-CMP-Logo.jpg","contentUrl":"https:\/\/43ab809dfe.nxcli.io\/wp-content\/uploads\/2013\/10\/2013-CMP-Logo.jpg","width":1000,"height":247,"caption":"CMP Pool & Spa Products"},"image":{"@id":"https:\/\/c-m-p.com\/#\/schema\/logo\/image\/"}}]}},"_links":{"self":[{"href":"https:\/\/www.c-m-p.com\/fr\/wp-json\/wp\/v2\/pages\/66718","targetHints":{"allow":["GET"]}}],"collection":[{"href":"https:\/\/www.c-m-p.com\/fr\/wp-json\/wp\/v2\/pages"}],"about":[{"href":"https:\/\/www.c-m-p.com\/fr\/wp-json\/wp\/v2\/types\/page"}],"author":[{"embeddable":true,"href":"https:\/\/www.c-m-p.com\/fr\/wp-json\/wp\/v2\/users\/4"}],"replies":[{"embeddable":true,"href":"https:\/\/www.c-m-p.com\/fr\/wp-json\/wp\/v2\/comments?post=66718"}],"version-history":[{"count":0,"href":"https:\/\/www.c-m-p.com\/fr\/wp-json\/wp\/v2\/pages\/66718\/revisions"}],"up":[{"embeddable":true,"href":"https:\/\/www.c-m-p.com\/fr\/wp-json\/wp\/v2\/pages\/64014"}],"wp:attachment":[{"href":"https:\/\/www.c-m-p.com\/fr\/wp-json\/wp\/v2\/media?parent=66718"}],"curies":[{"name":"wp","href":"https:\/\/api.w.org\/{rel}","templated":true}]}}