{"id":66745,"date":"2013-08-12T19:30:26","date_gmt":"2013-08-13T00:30:26","guid":{"rendered":"https:\/\/43ab809dfe.nxcli.io\/support\/color-chart\/"},"modified":"2021-07-21T04:54:18","modified_gmt":"2021-07-21T09:54:18","slug":"charte-de-couleurs","status":"publish","type":"page","link":"https:\/\/www.c-m-p.com\/fr\/support\/charte-de-couleurs\/","title":{"rendered":"Charte de couleurs"},"content":{"rendered":"<p>RETOUR AU SUPPORT<br \/>\n\/fr\/support\/<br \/>\n<img decoding=\"async\" width=\"100\" height=\"100\" src=\"https:\/\/www.c-m-p.com\/wp-content\/uploads\/2018\/05\/left-arrow-icon.png\" class=\"attachment-full size-full\" alt=\"\" loading=\"lazy\" \/><br \/>\nCHARTE DE COULEURS<\/p>\n<p class=\"p2\" style=\"text-align: center;\"><b>Les couleurs standard des produits sont indiqu\u00e9es dans le num\u00e9ro de pi\u00e8ce comme suit\u00a0:<\/b><\/p>\n<p class=\"p2\" style=\"text-align: center;\"><b>XXXXX \u2013 XX_ \u2013 XXX<\/b><\/p>\n<p class=\"p3\" style=\"text-align: center;\">VEUILLEZ NOTER\u00a0: Le nuancier et l&#8217;indicateur de num\u00e9ro de pi\u00e8ce sont fournis \u00e0 des fins de r\u00e9f\u00e9rence rapide. V\u00e9rifiez toujours la couleur et le num\u00e9ro de pi\u00e8ce correct avant de commander.<\/p>\n<p><img decoding=\"async\" width=\"500\" height=\"349\" src=\"https:\/\/www.c-m-p.com\/wp-content\/uploads\/2013\/08\/Pool-Colors.png\" class=\"attachment-full size-full\" alt=\"\" loading=\"lazy\" srcset=\"https:\/\/www.c-m-p.com\/wp-content\/uploads\/2013\/08\/Pool-Colors.png 500w, https:\/\/www.c-m-p.com\/wp-content\/uploads\/2013\/08\/Pool-Colors-300x209.png 300w, https:\/\/www.c-m-p.com\/wp-content\/uploads\/2013\/08\/Pool-Colors-235x164.png 235w, https:\/\/www.c-m-p.com\/wp-content\/uploads\/2013\/08\/Pool-Colors-307x214.png 307w\" sizes=\"auto, (max-width: 500px) 100vw, 500px\" \/><br \/>\nCOULEURS STANDARD DE LA PISCINE<\/p>\n<p class=\"p2\">Les couleurs standard des produits de piscine sont d\u00e9termin\u00e9es par le chiffre \u00ab\u00a0H\u00a0\u00bb o\u00f9\u00a0:<\/p>\n<p>0 = Blanc<br \/>\n1 = gris clair<br \/>\n2 = Chrome \/ Acier inoxydable<br \/>\n4 = Noir<br \/>\n7 = gris fonc\u00e9<br \/>\n9 = Non standard \/ Personnalis\u00e9<\/p>\n<p>EXEMPLE\u00a0: 23500-001-000 (\u200a1 = GRIS CLAIR)<\/p>\n<p>Les couleurs non standard pour les produits de piscine sont d\u00e9termin\u00e9es par la combinaison des chiffres &#8221; G &#8221; et &#8221; H &#8220;. Le chiffre &#8221; H &#8221; de &#8221; 9 &#8221; indique non standard et le chiffre &#8221; G &#8221; sp\u00e9cifie la couleur. Les couleurs non standard incluent Tan, Clear, Light Blue, Dark Blue, etc. Pour plus de d\u00e9tails sur la commande de couleurs non standard sp\u00e9cifiques, appelez ou envoyez un e-mail \u00e0 CS@www.c-m-p.com<br \/>\n<img decoding=\"async\" width=\"666\" height=\"332\" src=\"https:\/\/www.c-m-p.com\/wp-content\/uploads\/2013\/08\/color-chart1.png\" class=\"attachment-full size-full\" alt=\"\" loading=\"lazy\" srcset=\"https:\/\/www.c-m-p.com\/wp-content\/uploads\/2013\/08\/color-chart1.png 666w, https:\/\/www.c-m-p.com\/wp-content\/uploads\/2013\/08\/color-chart1-300x149.png 300w, https:\/\/www.c-m-p.com\/wp-content\/uploads\/2013\/08\/color-chart1-568x283.png 568w, https:\/\/www.c-m-p.com\/wp-content\/uploads\/2013\/08\/color-chart1-235x117.png 235w, https:\/\/www.c-m-p.com\/wp-content\/uploads\/2013\/08\/color-chart1-307x153.png 307w\" sizes=\"auto, (max-width: 666px) 100vw, 666px\" \/><br \/>\nCOULEURS STANDARD DU SPA<\/p>\n<p class=\"p2\">Les couleurs standard des produits de spa sont\u00a0:<\/p>\n<p class=\"p2\">0 = Blanc<br \/>\n1 = gris moyen<br \/>\n2 = acier inoxydable<br \/>\n4 = Noir<br \/>\n6 = gris clair<br \/>\n7 = Gris Graphite<br \/>\n9 = Personnalis\u00e9<\/p>\n<p><img decoding=\"async\" width=\"600\" height=\"334\" src=\"https:\/\/www.c-m-p.com\/wp-content\/uploads\/2013\/08\/2014-bath-color-guide.jpg\" class=\"attachment-full size-full\" alt=\"\" loading=\"lazy\" srcset=\"https:\/\/www.c-m-p.com\/wp-content\/uploads\/2013\/08\/2014-bath-color-guide.jpg 600w, https:\/\/www.c-m-p.com\/wp-content\/uploads\/2013\/08\/2014-bath-color-guide-300x167.jpg 300w, https:\/\/www.c-m-p.com\/wp-content\/uploads\/2013\/08\/2014-bath-color-guide-568x316.jpg 568w, https:\/\/www.c-m-p.com\/wp-content\/uploads\/2013\/08\/2014-bath-color-guide-235x130.jpg 235w, https:\/\/www.c-m-p.com\/wp-content\/uploads\/2013\/08\/2014-bath-color-guide-307x170.jpg 307w\" sizes=\"auto, (max-width: 600px) 100vw, 600px\" \/><br \/>\nCOULEURS STANDARD WIRLPOOL<\/p>\n<p class=\"p2\" style=\"text-align: left;\">00 &#8211; Blanc<br \/>\n10 &#8211; Blanc brillant<br \/>\n20 &#8211; Blanc moyen<br \/>\n30 &#8211; Hu\u00eetre<br \/>\n40 &#8211; Blanc Classique<\/p>\n<p class=\"p2\" style=\"text-align: left;\">05 &#8211; Os classique<br \/>\n15 &#8211; Os<br \/>\n25 &#8211; Biscuit<br \/>\n35 &#8211; Amande<\/p>\n<p class=\"p2\" style=\"text-align: left;\">03 &#8211; Laiton poli<br \/>\n13 &#8211; Bronze huil\u00e9*<br \/>\n23 &#8211; Bronze huil\u00e9 vieilli*<\/p>\n<p class=\"p2\" style=\"text-align: left;\">08 &#8211; Nickel bross\u00e9<br \/>\n28 &#8211; Nickel poli<br \/>\n02 &#8211; Chrome poli<\/p>\n<p style=\"text-align: left;\">*commande sp\u00e9ciale<\/p>\n<p>COULEURS PERSONNALIS\u00c9ES<\/p>\n<p class=\"p2\">Des couleurs suppl\u00e9mentaires sont disponibles sur demande. Des couleurs personnalis\u00e9es peuvent \u00eatre fournies. Veuillez contacter le service client pour plus de d\u00e9tails. Commande minimum requise pour les couleurs personnalis\u00e9es.<\/p>\n<p>RACCORDS<\/p>\n<p class=\"p2\">Sauf indication contraire, tous les accessoires de bain \u00e0 remous, de spa et de piscine, les corps et les composants de jupon sont moul\u00e9s en blanc ou en gris.<\/p>\n<p>FINITIONS M\u00c9TALLIQUES<\/p>\n<p class=\"p2\">CMP utilise de l&#8217;acier inoxydable poli et plaqu\u00e9 dans les composants de finition m\u00e9tallique. Des finitions m\u00e9talliques suppl\u00e9mentaires sont disponibles sur demande.<\/p>\n","protected":false},"excerpt":{"rendered":"<p>RETOUR AU SUPPORT \/fr\/support\/ CHARTE DE COULEURS Les couleurs standard des produits sont indiqu\u00e9es dans le num\u00e9ro de pi\u00e8ce comme suit\u00a0: XXXXX \u2013 XX_ \u2013 XXX VEUILLEZ NOTER\u00a0: Le nuancier et l&#8217;indicateur de num\u00e9ro de pi\u00e8ce sont fournis \u00e0 des fins de r\u00e9f\u00e9rence rapide. V\u00e9rifiez toujours la couleur et le num\u00e9ro de pi\u00e8ce correct avant&#8230;  <a href=\"https:\/\/www.c-m-p.com\/fr\/support\/charte-de-couleurs\/\" title=\"Read Charte de couleurs\">Read more &raquo;<\/a><\/p>\n","protected":false},"author":1,"featured_media":0,"parent":64029,"menu_order":0,"comment_status":"open","ping_status":"open","template":"rci-flex-template.php","meta":{"_acf_changed":false,"_oasis_is_in_workflow":0,"_oasis_original":0,"_mi_skip_tracking":false,"_monsterinsights_sitenote_active":false,"_monsterinsights_sitenote_note":"","_monsterinsights_sitenote_category":0,"footnotes":""},"class_list":["post-66745","page","type-page","status-publish","hentry"],"acf":[],"yoast_head":"<!-- This site is optimized with the Yoast SEO plugin v27.2 - https:\/\/yoast.com\/product\/yoast-seo-wordpress\/ -->\n<title>Charte de couleurs - CMP<\/title>\n<meta name=\"robots\" content=\"index, follow, max-snippet:-1, max-image-preview:large, max-video-preview:-1\" \/>\n<link rel=\"canonical\" href=\"https:\/\/www.c-m-p.com\/fr\/support\/charte-de-couleurs\/\" \/>\n<meta property=\"og:locale\" content=\"fr_FR\" \/>\n<meta property=\"og:type\" content=\"article\" \/>\n<meta property=\"og:title\" content=\"Charte de couleurs - CMP\" \/>\n<meta property=\"og:description\" content=\"RETOUR AU SUPPORT \/fr\/support\/ CHARTE DE COULEURS Les couleurs standard des produits sont indiqu\u00e9es dans le num\u00e9ro de pi\u00e8ce comme suit\u00a0: XXXXX \u2013 XX_ \u2013 XXX VEUILLEZ NOTER\u00a0: Le nuancier et l&#8217;indicateur de num\u00e9ro de pi\u00e8ce sont fournis \u00e0 des fins de r\u00e9f\u00e9rence rapide. V\u00e9rifiez toujours la couleur et le num\u00e9ro de pi\u00e8ce correct avant... Read more &raquo;\" \/>\n<meta property=\"og:url\" content=\"https:\/\/www.c-m-p.com\/fr\/support\/charte-de-couleurs\/\" \/>\n<meta property=\"og:site_name\" content=\"CMP\" \/>\n<meta property=\"article:modified_time\" content=\"2021-07-21T09:54:18+00:00\" \/>\n<meta property=\"og:image\" content=\"https:\/\/c-m-p.com\/wp-content\/uploads\/2018\/05\/left-arrow-icon.png\" \/>\n<meta name=\"twitter:label1\" content=\"Est. reading time\" \/>\n\t<meta name=\"twitter:data1\" content=\"2 minutes\" \/>\n<script type=\"application\/ld+json\" class=\"yoast-schema-graph\">{\"@context\":\"https:\/\/schema.org\",\"@graph\":[{\"@type\":\"WebPage\",\"@id\":\"https:\/\/www.c-m-p.com\/fr\/support\/charte-de-couleurs\/\",\"url\":\"https:\/\/www.c-m-p.com\/fr\/support\/charte-de-couleurs\/\",\"name\":\"Charte de couleurs - CMP\",\"isPartOf\":{\"@id\":\"https:\/\/c-m-p.com\/#website\"},\"primaryImageOfPage\":{\"@id\":\"https:\/\/www.c-m-p.com\/fr\/support\/charte-de-couleurs\/#primaryimage\"},\"image\":{\"@id\":\"https:\/\/www.c-m-p.com\/fr\/support\/charte-de-couleurs\/#primaryimage\"},\"thumbnailUrl\":\"https:\/\/www.c-m-p.com\/wp-content\/uploads\/2018\/05\/left-arrow-icon.png\",\"datePublished\":\"2013-08-13T00:30:26+00:00\",\"dateModified\":\"2021-07-21T09:54:18+00:00\",\"breadcrumb\":{\"@id\":\"https:\/\/www.c-m-p.com\/fr\/support\/charte-de-couleurs\/#breadcrumb\"},\"inLanguage\":\"fr-FR\",\"potentialAction\":[{\"@type\":\"ReadAction\",\"target\":[\"https:\/\/www.c-m-p.com\/fr\/support\/charte-de-couleurs\/\"]}]},{\"@type\":\"ImageObject\",\"inLanguage\":\"fr-FR\",\"@id\":\"https:\/\/www.c-m-p.com\/fr\/support\/charte-de-couleurs\/#primaryimage\",\"url\":\"https:\/\/www.c-m-p.com\/wp-content\/uploads\/2018\/05\/left-arrow-icon.png\",\"contentUrl\":\"https:\/\/www.c-m-p.com\/wp-content\/uploads\/2018\/05\/left-arrow-icon.png\"},{\"@type\":\"BreadcrumbList\",\"@id\":\"https:\/\/www.c-m-p.com\/fr\/support\/charte-de-couleurs\/#breadcrumb\",\"itemListElement\":[{\"@type\":\"ListItem\",\"position\":1,\"name\":\"Home\",\"item\":\"https:\/\/c-m-p.com\/fr\/\"},{\"@type\":\"ListItem\",\"position\":2,\"name\":\"Support\",\"item\":\"https:\/\/www.c-m-p.com\/fr\/support\/\"},{\"@type\":\"ListItem\",\"position\":3,\"name\":\"Charte de couleurs\"}]},{\"@type\":\"WebSite\",\"@id\":\"https:\/\/c-m-p.com\/#website\",\"url\":\"https:\/\/c-m-p.com\/\",\"name\":\"CMP\",\"description\":\"Pool Products, Spa and Hot Tub Products\",\"publisher\":{\"@id\":\"https:\/\/c-m-p.com\/#organization\"},\"potentialAction\":[{\"@type\":\"SearchAction\",\"target\":{\"@type\":\"EntryPoint\",\"urlTemplate\":\"https:\/\/c-m-p.com\/?s={search_term_string}\"},\"query-input\":{\"@type\":\"PropertyValueSpecification\",\"valueRequired\":true,\"valueName\":\"search_term_string\"}}],\"inLanguage\":\"fr-FR\"},{\"@type\":\"Organization\",\"@id\":\"https:\/\/c-m-p.com\/#organization\",\"name\":\"CMP Pool & Spa Products\",\"url\":\"https:\/\/c-m-p.com\/\",\"logo\":{\"@type\":\"ImageObject\",\"inLanguage\":\"fr-FR\",\"@id\":\"https:\/\/c-m-p.com\/#\/schema\/logo\/image\/\",\"url\":\"https:\/\/43ab809dfe.nxcli.io\/wp-content\/uploads\/2013\/10\/2013-CMP-Logo.jpg\",\"contentUrl\":\"https:\/\/43ab809dfe.nxcli.io\/wp-content\/uploads\/2013\/10\/2013-CMP-Logo.jpg\",\"width\":1000,\"height\":247,\"caption\":\"CMP Pool & Spa Products\"},\"image\":{\"@id\":\"https:\/\/c-m-p.com\/#\/schema\/logo\/image\/\"}}]}<\/script>\n<!-- \/ Yoast SEO plugin. -->","yoast_head_json":{"title":"Charte de couleurs - CMP","robots":{"index":"index","follow":"follow","max-snippet":"max-snippet:-1","max-image-preview":"max-image-preview:large","max-video-preview":"max-video-preview:-1"},"canonical":"https:\/\/www.c-m-p.com\/fr\/support\/charte-de-couleurs\/","og_locale":"fr_FR","og_type":"article","og_title":"Charte de couleurs - CMP","og_description":"RETOUR AU SUPPORT \/fr\/support\/ CHARTE DE COULEURS Les couleurs standard des produits sont indiqu\u00e9es dans le num\u00e9ro de pi\u00e8ce comme suit\u00a0: XXXXX \u2013 XX_ \u2013 XXX VEUILLEZ NOTER\u00a0: Le nuancier et l&#8217;indicateur de num\u00e9ro de pi\u00e8ce sont fournis \u00e0 des fins de r\u00e9f\u00e9rence rapide. V\u00e9rifiez toujours la couleur et le num\u00e9ro de pi\u00e8ce correct avant... Read more &raquo;","og_url":"https:\/\/www.c-m-p.com\/fr\/support\/charte-de-couleurs\/","og_site_name":"CMP","article_modified_time":"2021-07-21T09:54:18+00:00","og_image":[{"url":"https:\/\/c-m-p.com\/wp-content\/uploads\/2018\/05\/left-arrow-icon.png","type":"","width":"","height":""}],"twitter_misc":{"Est. reading time":"2 minutes"},"schema":{"@context":"https:\/\/schema.org","@graph":[{"@type":"WebPage","@id":"https:\/\/www.c-m-p.com\/fr\/support\/charte-de-couleurs\/","url":"https:\/\/www.c-m-p.com\/fr\/support\/charte-de-couleurs\/","name":"Charte de couleurs - CMP","isPartOf":{"@id":"https:\/\/c-m-p.com\/#website"},"primaryImageOfPage":{"@id":"https:\/\/www.c-m-p.com\/fr\/support\/charte-de-couleurs\/#primaryimage"},"image":{"@id":"https:\/\/www.c-m-p.com\/fr\/support\/charte-de-couleurs\/#primaryimage"},"thumbnailUrl":"https:\/\/www.c-m-p.com\/wp-content\/uploads\/2018\/05\/left-arrow-icon.png","datePublished":"2013-08-13T00:30:26+00:00","dateModified":"2021-07-21T09:54:18+00:00","breadcrumb":{"@id":"https:\/\/www.c-m-p.com\/fr\/support\/charte-de-couleurs\/#breadcrumb"},"inLanguage":"fr-FR","potentialAction":[{"@type":"ReadAction","target":["https:\/\/www.c-m-p.com\/fr\/support\/charte-de-couleurs\/"]}]},{"@type":"ImageObject","inLanguage":"fr-FR","@id":"https:\/\/www.c-m-p.com\/fr\/support\/charte-de-couleurs\/#primaryimage","url":"https:\/\/www.c-m-p.com\/wp-content\/uploads\/2018\/05\/left-arrow-icon.png","contentUrl":"https:\/\/www.c-m-p.com\/wp-content\/uploads\/2018\/05\/left-arrow-icon.png"},{"@type":"BreadcrumbList","@id":"https:\/\/www.c-m-p.com\/fr\/support\/charte-de-couleurs\/#breadcrumb","itemListElement":[{"@type":"ListItem","position":1,"name":"Home","item":"https:\/\/c-m-p.com\/fr\/"},{"@type":"ListItem","position":2,"name":"Support","item":"https:\/\/www.c-m-p.com\/fr\/support\/"},{"@type":"ListItem","position":3,"name":"Charte de couleurs"}]},{"@type":"WebSite","@id":"https:\/\/c-m-p.com\/#website","url":"https:\/\/c-m-p.com\/","name":"CMP","description":"Pool Products, Spa and Hot Tub Products","publisher":{"@id":"https:\/\/c-m-p.com\/#organization"},"potentialAction":[{"@type":"SearchAction","target":{"@type":"EntryPoint","urlTemplate":"https:\/\/c-m-p.com\/?s={search_term_string}"},"query-input":{"@type":"PropertyValueSpecification","valueRequired":true,"valueName":"search_term_string"}}],"inLanguage":"fr-FR"},{"@type":"Organization","@id":"https:\/\/c-m-p.com\/#organization","name":"CMP Pool & Spa Products","url":"https:\/\/c-m-p.com\/","logo":{"@type":"ImageObject","inLanguage":"fr-FR","@id":"https:\/\/c-m-p.com\/#\/schema\/logo\/image\/","url":"https:\/\/43ab809dfe.nxcli.io\/wp-content\/uploads\/2013\/10\/2013-CMP-Logo.jpg","contentUrl":"https:\/\/43ab809dfe.nxcli.io\/wp-content\/uploads\/2013\/10\/2013-CMP-Logo.jpg","width":1000,"height":247,"caption":"CMP Pool & Spa Products"},"image":{"@id":"https:\/\/c-m-p.com\/#\/schema\/logo\/image\/"}}]}},"_links":{"self":[{"href":"https:\/\/www.c-m-p.com\/fr\/wp-json\/wp\/v2\/pages\/66745","targetHints":{"allow":["GET"]}}],"collection":[{"href":"https:\/\/www.c-m-p.com\/fr\/wp-json\/wp\/v2\/pages"}],"about":[{"href":"https:\/\/www.c-m-p.com\/fr\/wp-json\/wp\/v2\/types\/page"}],"author":[{"embeddable":true,"href":"https:\/\/www.c-m-p.com\/fr\/wp-json\/wp\/v2\/users\/1"}],"replies":[{"embeddable":true,"href":"https:\/\/www.c-m-p.com\/fr\/wp-json\/wp\/v2\/comments?post=66745"}],"version-history":[{"count":0,"href":"https:\/\/www.c-m-p.com\/fr\/wp-json\/wp\/v2\/pages\/66745\/revisions"}],"up":[{"embeddable":true,"href":"https:\/\/www.c-m-p.com\/fr\/wp-json\/wp\/v2\/pages\/64029"}],"wp:attachment":[{"href":"https:\/\/www.c-m-p.com\/fr\/wp-json\/wp\/v2\/media?parent=66745"}],"curies":[{"name":"wp","href":"https:\/\/api.w.org\/{rel}","templated":true}]}}