{"id":66754,"date":"2015-05-04T13:53:12","date_gmt":"2015-05-04T18:53:12","guid":{"rendered":"https:\/\/43ab809dfe.nxcli.io\/brilliant\/"},"modified":"2021-07-21T05:04:46","modified_gmt":"2021-07-21T10:04:46","slug":"brillante","status":"publish","type":"page","link":"https:\/\/www.c-m-p.com\/fr\/brillante\/","title":{"rendered":"Famille compl\u00e8te de produits d&#8217;\u00e9clairage de piscine \u00e0 LED Premier"},"content":{"rendered":"<p><img loading=\"lazy\" decoding=\"async\" class=\"aligncenter size-large wp-image-30875\" src=\"https:\/\/www.c-m-p.com\/wp-content\/uploads\/2018\/03\/Brilliant-Wonders-Brand-Logo-1024x550.png\" alt=\"\" width=\"1024\" height=\"550\" srcset=\"https:\/\/www.c-m-p.com\/wp-content\/uploads\/2018\/03\/Brilliant-Wonders-Brand-Logo-1024x550.png 1024w, https:\/\/www.c-m-p.com\/wp-content\/uploads\/2018\/03\/Brilliant-Wonders-Brand-Logo-300x161.png 300w, https:\/\/www.c-m-p.com\/wp-content\/uploads\/2018\/03\/Brilliant-Wonders-Brand-Logo-768x413.png 768w, https:\/\/www.c-m-p.com\/wp-content\/uploads\/2018\/03\/Brilliant-Wonders-Brand-Logo-568x305.png 568w, https:\/\/www.c-m-p.com\/wp-content\/uploads\/2018\/03\/Brilliant-Wonders-Brand-Logo-235x126.png 235w, https:\/\/www.c-m-p.com\/wp-content\/uploads\/2018\/03\/Brilliant-Wonders-Brand-Logo-307x165.png 307w, https:\/\/www.c-m-p.com\/wp-content\/uploads\/2018\/03\/Brilliant-Wonders-Brand-Logo.png 1200w\" sizes=\"auto, (max-width: 1024px) 100vw, 1024px\" \/><br \/>\n\u00c9CLAIRAGE DE PISCINE \u00c0 LED DE D\u00c9FINITION DE CLASSE<\/p>\n<p style=\"text-align: center;\">La prochaine piscine que vous construisez ne devrait pas \u00eatre limit\u00e9e par les options d&#8217;\u00e9clairage de piscine \u00e0 LED. Brilliant Wonders\u00ae offre la meilleure s\u00e9lection de jeux d&#8217;eau \u00e0 LED populaires.<\/p>\n<p style=\"text-align: center;\"><em>La prochaine piscine que vous construirez devrait \u00eatre brillante&#x2122;.<\/em><\/p>\n<p>Commande LED Brilliant Wonders\u00ae<br \/>\nRENCONTREZ LES CERVEAUX DE L&#8217;OP\u00c9RATION<br \/>\nCommande LED programmable qui remplace un interrupteur d&#8217;\u00e9clairage.<br \/>\nCONTRLE TOTAL DANS UN INTERRUPTEUR D&#8217;\u00c9CLAIRAGE<\/p>\n<p style=\"text-align: left;\">Pr\u00e9sentation de la premi\u00e8re commande d&#8217;\u00e9clairage LED de piscine compacte avec \u00e9cran LCD num\u00e9rique interactif. Contr\u00f4lez facilement les lumi\u00e8res, cr\u00e9ez des horaires et cr\u00e9ez des spectacles personnalis\u00e9s.<\/p>\n<ul style=\"text-align: left;\">\n<li>REMPLACE L&#8217;INTERRUPTEUR D&#8217;\u00c9CLAIRAGE D&#8217;INT\u00c9RIEUR OU S&#8217;INSTALLE DANS UNE BO\u00ceTE \u00c9TANCHE \u00c0 L&#8217;EXT\u00c9RIEUR<\/li>\n<li style=\"text-align: left;\">OBTENIR UN R\u00c9TROACTION INSTANTAN\u00c9E &amp; CONTRLE AVEC UN \u00c9CRAN INTERACTIF MODERNE<\/li>\n<li>FONCTIONNEMENT AVANC\u00c9 DU CADRAN NUM\u00c9RIQUE &#038;AMP\u00a0; RETOUR ACL INTERACTIF INT\u00c9GR\u00c9<\/li>\n<li>TECHNOLOGIE SMART SYNC\u00ae INT\u00c9GR\u00c9E POUR SE synchroniser AVEC LA PLUPART DES \u00c9CLAIRAGES OEM<\/li>\n<\/ul>\n<p style=\"text-align: left;\">Automatisation d&#8217;\u00e9clairage compacte et personnalisable qui remplace un interrupteur.<\/p>\n<p>CASCADE \u00c0 LED NOUVELLE G\u00c9N\u00c9RATION<\/p>\n<p style=\"text-align: left;\">CMP a invent\u00e9 la cascade LED utilisable, et nous l&#8217;avons fait passer au niveau sup\u00e9rieur. La cascade LED Brilliant Wonders\u00ae 2 peut \u00eatre d\u00e9coup\u00e9e sur mesure pour s&#8217;adapter aux piscines incurv\u00e9es. Il est am\u00e9lior\u00e9 \u00e0 tous les niveaux avec une texture de l&#8217;eau am\u00e9lior\u00e9e, un profil avant mince et des portes de service personnalisables sur le terrain.<\/p>\n<ul style=\"text-align: left;\">\n<li style=\"text-align: left;\">CHUTE D&#8217;EAU D\u00c9COUPE COMPL\u00c8TEMENT PERSONNALIS\u00c9E &#8220;LIP&#8221;<\/li>\n<li style=\"text-align: left;\">PROFIL LISSE AVEC DES L\u00c8VRES 30\u00a0% PLUS FINIES<\/li>\n<li style=\"text-align: left;\">COUVERCLES DE PORTE D&#8217;ACC\u00c8S \u00c0 BANDE LED PERSONNALISABLES<\/li>\n<li style=\"text-align: left;\">BANDE D&#8217;\u00c9CLAIRAGE \u00c0 LED INT\u00c9GR\u00c9E ET R\u00c9PARABLE \u00c0 L&#8217;AVANT<\/li>\n<li>UTILISER AVEC L&#8217;ADAPTATEUR SMART SYNC OU LA ROUE DE COULEUR<\/li>\n<\/ul>\n<p style=\"text-align: left;\">Design parfaitement fonctionnel et ajust\u00e9 qui se fond dans l&#8217;architecture environnante.<\/p>\n<p>QUELQUE CHOSE DE COURBE, QUELQUE CHOSE DE NOUVEAU<br \/>\nCascade LED utilisable en fa\u00e7ade con\u00e7ue pour des courbes personnalis\u00e9es<br \/>\nDEMANDEZ PLUS D&#8217;INFORMATIONS<br \/>\nCliquez sur le bouton ci-dessous pour contacter votre repr\u00e9sentant commercial CMP<\/p>\n","protected":false},"excerpt":{"rendered":"<p>\u00c9CLAIRAGE DE PISCINE \u00c0 LED DE D\u00c9FINITION DE CLASSE La prochaine piscine que vous construisez ne devrait pas \u00eatre limit\u00e9e par les options d&#8217;\u00e9clairage de piscine \u00e0 LED. Brilliant Wonders\u00ae offre la meilleure s\u00e9lection de jeux d&#8217;eau \u00e0 LED populaires. La prochaine piscine que vous construirez devrait \u00eatre brillante&#x2122;. Commande LED Brilliant Wonders\u00ae RENCONTREZ LES&#8230;  <a href=\"https:\/\/www.c-m-p.com\/fr\/brillante\/\" title=\"Read Famille compl\u00e8te de produits d&#8217;\u00e9clairage de piscine \u00e0 LED Premier\">Read more &raquo;<\/a><\/p>\n","protected":false},"author":4,"featured_media":0,"parent":0,"menu_order":0,"comment_status":"closed","ping_status":"closed","template":"rci-flex-template.php","meta":{"_acf_changed":false,"_oasis_is_in_workflow":0,"_oasis_original":0,"_mi_skip_tracking":false,"_monsterinsights_sitenote_active":false,"_monsterinsights_sitenote_note":"","_monsterinsights_sitenote_category":0,"footnotes":""},"class_list":["post-66754","page","type-page","status-publish","hentry"],"acf":[],"yoast_head":"<!-- This site is optimized with the Yoast SEO plugin v27.2 - https:\/\/yoast.com\/product\/yoast-seo-wordpress\/ -->\n<title>Famille compl\u00e8te de produits d&#039;\u00e9clairage de piscine \u00e0 LED Premier - CMP<\/title>\n<meta name=\"robots\" content=\"index, nofollow, max-snippet:-1, max-image-preview:large, max-video-preview:-1\" \/>\n<link rel=\"canonical\" href=\"https:\/\/c-m-p.com\/fr\/brillante\/\" \/>\n<meta property=\"og:locale\" content=\"fr_FR\" \/>\n<meta property=\"og:type\" content=\"article\" \/>\n<meta property=\"og:title\" content=\"Famille compl\u00e8te de produits d&#039;\u00e9clairage de piscine \u00e0 LED Premier - CMP\" \/>\n<meta property=\"og:description\" content=\"\u00c9CLAIRAGE DE PISCINE \u00c0 LED DE D\u00c9FINITION DE CLASSE La prochaine piscine que vous construisez ne devrait pas \u00eatre limit\u00e9e par les options d&#8217;\u00e9clairage de piscine \u00e0 LED. Brilliant Wonders\u00ae offre la meilleure s\u00e9lection de jeux d&#8217;eau \u00e0 LED populaires. La prochaine piscine que vous construirez devrait \u00eatre brillante&#x2122;. Commande LED Brilliant Wonders\u00ae RENCONTREZ LES... Read more &raquo;\" \/>\n<meta property=\"og:url\" content=\"https:\/\/c-m-p.com\/fr\/brillante\/\" \/>\n<meta property=\"og:site_name\" content=\"CMP\" \/>\n<meta property=\"article:modified_time\" content=\"2021-07-21T10:04:46+00:00\" \/>\n<meta property=\"og:image\" content=\"https:\/\/c-m-p.com\/wp-content\/uploads\/2018\/03\/Brilliant-Wonders-Brand-Logo-1024x550.png\" \/>\n<meta name=\"twitter:label1\" content=\"Est. reading time\" \/>\n\t<meta name=\"twitter:data1\" content=\"2 minutes\" \/>\n<script type=\"application\/ld+json\" class=\"yoast-schema-graph\">{\"@context\":\"https:\/\/schema.org\",\"@graph\":[{\"@type\":\"WebPage\",\"@id\":\"https:\/\/c-m-p.com\/fr\/brillante\/\",\"url\":\"https:\/\/c-m-p.com\/fr\/brillante\/\",\"name\":\"Famille compl\u00e8te de produits d'\u00e9clairage de piscine \u00e0 LED Premier - CMP\",\"isPartOf\":{\"@id\":\"https:\/\/c-m-p.com\/#website\"},\"primaryImageOfPage\":{\"@id\":\"https:\/\/c-m-p.com\/fr\/brillante\/#primaryimage\"},\"image\":{\"@id\":\"https:\/\/c-m-p.com\/fr\/brillante\/#primaryimage\"},\"thumbnailUrl\":\"https:\/\/www.c-m-p.com\/wp-content\/uploads\/2018\/03\/Brilliant-Wonders-Brand-Logo-1024x550.png\",\"datePublished\":\"2015-05-04T18:53:12+00:00\",\"dateModified\":\"2021-07-21T10:04:46+00:00\",\"breadcrumb\":{\"@id\":\"https:\/\/c-m-p.com\/fr\/brillante\/#breadcrumb\"},\"inLanguage\":\"fr-FR\",\"potentialAction\":[{\"@type\":\"ReadAction\",\"target\":[\"https:\/\/c-m-p.com\/fr\/brillante\/\"]}]},{\"@type\":\"ImageObject\",\"inLanguage\":\"fr-FR\",\"@id\":\"https:\/\/c-m-p.com\/fr\/brillante\/#primaryimage\",\"url\":\"https:\/\/www.c-m-p.com\/wp-content\/uploads\/2018\/03\/Brilliant-Wonders-Brand-Logo-1024x550.png\",\"contentUrl\":\"https:\/\/www.c-m-p.com\/wp-content\/uploads\/2018\/03\/Brilliant-Wonders-Brand-Logo-1024x550.png\"},{\"@type\":\"BreadcrumbList\",\"@id\":\"https:\/\/c-m-p.com\/fr\/brillante\/#breadcrumb\",\"itemListElement\":[{\"@type\":\"ListItem\",\"position\":1,\"name\":\"Home\",\"item\":\"https:\/\/c-m-p.com\/fr\/\"},{\"@type\":\"ListItem\",\"position\":2,\"name\":\"Famille compl\u00e8te de produits d&#8217;\u00e9clairage de piscine \u00e0 LED Premier\"}]},{\"@type\":\"WebSite\",\"@id\":\"https:\/\/c-m-p.com\/#website\",\"url\":\"https:\/\/c-m-p.com\/\",\"name\":\"CMP\",\"description\":\"Pool Products, Spa and Hot Tub Products\",\"publisher\":{\"@id\":\"https:\/\/c-m-p.com\/#organization\"},\"potentialAction\":[{\"@type\":\"SearchAction\",\"target\":{\"@type\":\"EntryPoint\",\"urlTemplate\":\"https:\/\/c-m-p.com\/?s={search_term_string}\"},\"query-input\":{\"@type\":\"PropertyValueSpecification\",\"valueRequired\":true,\"valueName\":\"search_term_string\"}}],\"inLanguage\":\"fr-FR\"},{\"@type\":\"Organization\",\"@id\":\"https:\/\/c-m-p.com\/#organization\",\"name\":\"CMP Pool & Spa Products\",\"url\":\"https:\/\/c-m-p.com\/\",\"logo\":{\"@type\":\"ImageObject\",\"inLanguage\":\"fr-FR\",\"@id\":\"https:\/\/c-m-p.com\/#\/schema\/logo\/image\/\",\"url\":\"https:\/\/43ab809dfe.nxcli.io\/wp-content\/uploads\/2013\/10\/2013-CMP-Logo.jpg\",\"contentUrl\":\"https:\/\/43ab809dfe.nxcli.io\/wp-content\/uploads\/2013\/10\/2013-CMP-Logo.jpg\",\"width\":1000,\"height\":247,\"caption\":\"CMP Pool & Spa Products\"},\"image\":{\"@id\":\"https:\/\/c-m-p.com\/#\/schema\/logo\/image\/\"}}]}<\/script>\n<!-- \/ Yoast SEO plugin. -->","yoast_head_json":{"title":"Famille compl\u00e8te de produits d'\u00e9clairage de piscine \u00e0 LED Premier - CMP","robots":{"index":"index","follow":"nofollow","max-snippet":"max-snippet:-1","max-image-preview":"max-image-preview:large","max-video-preview":"max-video-preview:-1"},"canonical":"https:\/\/c-m-p.com\/fr\/brillante\/","og_locale":"fr_FR","og_type":"article","og_title":"Famille compl\u00e8te de produits d'\u00e9clairage de piscine \u00e0 LED Premier - CMP","og_description":"\u00c9CLAIRAGE DE PISCINE \u00c0 LED DE D\u00c9FINITION DE CLASSE La prochaine piscine que vous construisez ne devrait pas \u00eatre limit\u00e9e par les options d&#8217;\u00e9clairage de piscine \u00e0 LED. Brilliant Wonders\u00ae offre la meilleure s\u00e9lection de jeux d&#8217;eau \u00e0 LED populaires. La prochaine piscine que vous construirez devrait \u00eatre brillante&#x2122;. Commande LED Brilliant Wonders\u00ae RENCONTREZ LES... Read more &raquo;","og_url":"https:\/\/c-m-p.com\/fr\/brillante\/","og_site_name":"CMP","article_modified_time":"2021-07-21T10:04:46+00:00","og_image":[{"url":"https:\/\/c-m-p.com\/wp-content\/uploads\/2018\/03\/Brilliant-Wonders-Brand-Logo-1024x550.png","type":"","width":"","height":""}],"twitter_misc":{"Est. reading time":"2 minutes"},"schema":{"@context":"https:\/\/schema.org","@graph":[{"@type":"WebPage","@id":"https:\/\/c-m-p.com\/fr\/brillante\/","url":"https:\/\/c-m-p.com\/fr\/brillante\/","name":"Famille compl\u00e8te de produits d'\u00e9clairage de piscine \u00e0 LED Premier - CMP","isPartOf":{"@id":"https:\/\/c-m-p.com\/#website"},"primaryImageOfPage":{"@id":"https:\/\/c-m-p.com\/fr\/brillante\/#primaryimage"},"image":{"@id":"https:\/\/c-m-p.com\/fr\/brillante\/#primaryimage"},"thumbnailUrl":"https:\/\/www.c-m-p.com\/wp-content\/uploads\/2018\/03\/Brilliant-Wonders-Brand-Logo-1024x550.png","datePublished":"2015-05-04T18:53:12+00:00","dateModified":"2021-07-21T10:04:46+00:00","breadcrumb":{"@id":"https:\/\/c-m-p.com\/fr\/brillante\/#breadcrumb"},"inLanguage":"fr-FR","potentialAction":[{"@type":"ReadAction","target":["https:\/\/c-m-p.com\/fr\/brillante\/"]}]},{"@type":"ImageObject","inLanguage":"fr-FR","@id":"https:\/\/c-m-p.com\/fr\/brillante\/#primaryimage","url":"https:\/\/www.c-m-p.com\/wp-content\/uploads\/2018\/03\/Brilliant-Wonders-Brand-Logo-1024x550.png","contentUrl":"https:\/\/www.c-m-p.com\/wp-content\/uploads\/2018\/03\/Brilliant-Wonders-Brand-Logo-1024x550.png"},{"@type":"BreadcrumbList","@id":"https:\/\/c-m-p.com\/fr\/brillante\/#breadcrumb","itemListElement":[{"@type":"ListItem","position":1,"name":"Home","item":"https:\/\/c-m-p.com\/fr\/"},{"@type":"ListItem","position":2,"name":"Famille compl\u00e8te de produits d&#8217;\u00e9clairage de piscine \u00e0 LED Premier"}]},{"@type":"WebSite","@id":"https:\/\/c-m-p.com\/#website","url":"https:\/\/c-m-p.com\/","name":"CMP","description":"Pool Products, Spa and Hot Tub Products","publisher":{"@id":"https:\/\/c-m-p.com\/#organization"},"potentialAction":[{"@type":"SearchAction","target":{"@type":"EntryPoint","urlTemplate":"https:\/\/c-m-p.com\/?s={search_term_string}"},"query-input":{"@type":"PropertyValueSpecification","valueRequired":true,"valueName":"search_term_string"}}],"inLanguage":"fr-FR"},{"@type":"Organization","@id":"https:\/\/c-m-p.com\/#organization","name":"CMP Pool & Spa Products","url":"https:\/\/c-m-p.com\/","logo":{"@type":"ImageObject","inLanguage":"fr-FR","@id":"https:\/\/c-m-p.com\/#\/schema\/logo\/image\/","url":"https:\/\/43ab809dfe.nxcli.io\/wp-content\/uploads\/2013\/10\/2013-CMP-Logo.jpg","contentUrl":"https:\/\/43ab809dfe.nxcli.io\/wp-content\/uploads\/2013\/10\/2013-CMP-Logo.jpg","width":1000,"height":247,"caption":"CMP Pool & Spa Products"},"image":{"@id":"https:\/\/c-m-p.com\/#\/schema\/logo\/image\/"}}]}},"_links":{"self":[{"href":"https:\/\/www.c-m-p.com\/fr\/wp-json\/wp\/v2\/pages\/66754","targetHints":{"allow":["GET"]}}],"collection":[{"href":"https:\/\/www.c-m-p.com\/fr\/wp-json\/wp\/v2\/pages"}],"about":[{"href":"https:\/\/www.c-m-p.com\/fr\/wp-json\/wp\/v2\/types\/page"}],"author":[{"embeddable":true,"href":"https:\/\/www.c-m-p.com\/fr\/wp-json\/wp\/v2\/users\/4"}],"replies":[{"embeddable":true,"href":"https:\/\/www.c-m-p.com\/fr\/wp-json\/wp\/v2\/comments?post=66754"}],"version-history":[{"count":0,"href":"https:\/\/www.c-m-p.com\/fr\/wp-json\/wp\/v2\/pages\/66754\/revisions"}],"wp:attachment":[{"href":"https:\/\/www.c-m-p.com\/fr\/wp-json\/wp\/v2\/media?parent=66754"}],"curies":[{"name":"wp","href":"https:\/\/api.w.org\/{rel}","templated":true}]}}