{"id":66923,"date":"2013-11-12T11:20:03","date_gmt":"2013-11-12T16:20:03","guid":{"rendered":"https:\/\/43ab809dfe.nxcli.io\/entreprise-info-archive\/quality-products\/"},"modified":"2021-07-22T05:57:46","modified_gmt":"2021-07-22T10:57:46","slug":"produits-de-qualite","status":"publish","type":"page","link":"https:\/\/www.c-m-p.com\/fr\/entreprise-info-archive\/produits-de-qualite\/","title":{"rendered":"Produits de qualit\u00e9"},"content":{"rendered":"<p>La croissance chez CMP est strat\u00e9giquement con\u00e7ue pour mieux servir les clients en \u00e9largissant les capacit\u00e9s de production, en agrandissant les centres de distribution et en ajoutant du personnel d&#8217;ing\u00e9nierie et de d\u00e9veloppement de produits exp\u00e9riment\u00e9. Chez CMP, nous nous effor\u00e7ons de continuer \u00e0 d\u00e9velopper les comp\u00e9tences et les capacit\u00e9s des employ\u00e9s afin que l&#8217;accent reste mis sur la production d&#8217;un approvisionnement fiable en composants de qualit\u00e9 pour piscines, spas et baignoires. Nous pensons que la diff\u00e9rence r\u00e9side dans les d\u00e9tails, et lors de la construction des meilleures relations client, tout compte\u00ae.<\/p>\n<div class=\"technology-item image-left clearfix\" style=\"margin: 10em 0 12em 0;\">\n<div class=\"image\"><img loading=\"lazy\" decoding=\"async\" style=\"max-height: 500px;\" title=\"CMP Global Capacity\" src=\"https:\/\/www.c-m-p.com\/wp-content\/uploads\/2013\/11\/corporate-Vector-Map-Red.png\" alt=\"CMP Global Production\" width=\"682\" height=\"1024\" \/><\/div>\n<div class=\"content\">\n<div class=\"title\">Capacit\u00e9 de production mondiale<\/div>\n<p>CMP est un fabricant de premier plan de piscines, spas et amp; Produits de bain. La soci\u00e9t\u00e9 exploite plusieurs usines totalisant plus de 200 000 pieds carr\u00e9s de production, avec plus de 300 employ\u00e9s de fabrication et d&#8217;assemblage dans le monde entier. Notre production est soutenue par la fabrication d&#8217;outils en interne et un personnel qualifi\u00e9 d&#8217;ing\u00e9nieurs, d&#8217;op\u00e9rateurs et d&#8217;\u00e9quipes de projets sp\u00e9ciaux.<\/p>\n<p>Notre derni\u00e8re croissance dans la capacit\u00e9 de production aux \u00c9tats-Unis a \u00e9t\u00e9 avec l&#8217;acquisition d&#8217;une usine de moulage par injection en G\u00e9orgie. Cette nouvelle filiale, Shenandoah Manufacturing, est pleinement op\u00e9rationnelle et produit actuellement des pi\u00e8ces pour les clients de CMP au niveau national.<\/p><\/div>\n<div class=\"clearfix\"><\/div>\n<\/div>\n<div class=\"technology-item image-right clearfix\" style=\"margin: 10em 0 12em 0;\">\n<div class=\"image\"><img loading=\"lazy\" decoding=\"async\" style=\"max-height: 500px;\" title=\"CMP Certifications\" src=\"https:\/\/www.c-m-p.com\/wp-content\/uploads\/2013\/11\/All-Certifications-corpoate.jpg\" alt=\"CMP Certifications\" width=\"682\" height=\"1024\" \/><\/div>\n<div class=\"content\">\n<div class=\"title\">Production certifi\u00e9e par l&#8217;industrie<\/div>\n<p>Notre usine de production principale est certifi\u00e9e ISO 9001 et enregistr\u00e9e NQA. Les produits CMP sont tous \u00e9valu\u00e9s et certifi\u00e9s selon des normes de s\u00e9curit\u00e9 et de qualit\u00e9 \u00e9lev\u00e9es.<\/p>\n<p>Nous avons une installation de test approuv\u00e9e UL sur notre site principal aux \u00c9tats-Unis, ainsi que des \u00e9quipes de test et un prototypage rapide sur site dans nos installations de production et notre si\u00e8ge social.<\/p>\n<\/div>\n<\/div>\n<div class=\"technology-item image-left clearfix\" style=\"margin: 10em 0 12em 0;\">\n<div class=\"image\"><img loading=\"lazy\" decoding=\"async\" style=\"max-height: 500px;\" title=\"CMP Certifications\" src=\"https:\/\/www.c-m-p.com\/wp-content\/uploads\/2013\/11\/2013-CMP-Logo-Blueprint1.jpg\" alt=\"CMP Certifications\" width=\"682\" height=\"1024\" \/><\/div>\n<div class=\"content\">\n<div class=\"title\">TECHNOLOGIE<\/div>\n<p>CMP est exp\u00e9riment\u00e9 dans un large \u00e9ventail de technologies de fabrication. Nous travaillons en \u00e9troite collaboration avec nos clients tout au long du cycle commercial et de conception pour garantir que les mat\u00e9riaux, les processus et la qualit\u00e9 r\u00e9pondent aux attentes.<\/p>\n<p>Nos connaissances et notre exp\u00e9rience combin\u00e9es cr\u00e9ent les gammes de produits que les professionnels de l&#8217;industrie attendent et m\u00e9ritent. Veulent en savoir plus?<\/p>\n<p><a class=\"button pool\" style=\"background-color: #c03129;\" title=\"Service client exceptionnel CMP\" href=\"https:\/\/www.c-m-p.com\/fr\/entreprise-info-archive\/un-service-hors-norme\/\">T\u00e9l\u00e9chargez le livre blanc sur la technologie CMP.<\/a><\/p>\n<\/div>\n<\/div>\n","protected":false},"excerpt":{"rendered":"<p>La croissance chez CMP est strat\u00e9giquement con\u00e7ue pour mieux servir les clients en \u00e9largissant les capacit\u00e9s de production, en agrandissant les centres de distribution et en ajoutant du personnel d&#8217;ing\u00e9nierie et de d\u00e9veloppement de produits exp\u00e9riment\u00e9. Chez CMP, nous nous effor\u00e7ons de continuer \u00e0 d\u00e9velopper les comp\u00e9tences et les capacit\u00e9s des employ\u00e9s afin que l&#8217;accent&#8230;  <a href=\"https:\/\/www.c-m-p.com\/fr\/entreprise-info-archive\/produits-de-qualite\/\" title=\"Read Produits de qualit\u00e9\">Read more &raquo;<\/a><\/p>\n","protected":false},"author":4,"featured_media":0,"parent":66666,"menu_order":0,"comment_status":"open","ping_status":"closed","template":"","meta":{"_acf_changed":false,"_oasis_is_in_workflow":0,"_oasis_original":0,"_mi_skip_tracking":false,"_monsterinsights_sitenote_active":false,"_monsterinsights_sitenote_note":"","_monsterinsights_sitenote_category":0,"footnotes":""},"class_list":["post-66923","page","type-page","status-publish","hentry"],"acf":[],"yoast_head":"<!-- This site is optimized with the Yoast SEO plugin v27.2 - https:\/\/yoast.com\/product\/yoast-seo-wordpress\/ -->\n<title>Produits de qualit\u00e9 - CMP<\/title>\n<meta name=\"robots\" content=\"index, follow, max-snippet:-1, max-image-preview:large, max-video-preview:-1\" \/>\n<link rel=\"canonical\" href=\"https:\/\/c-m-p.com\/fr\/entreprise-info-archive\/produits-de-qualite\/\" \/>\n<meta property=\"og:locale\" content=\"fr_FR\" \/>\n<meta property=\"og:type\" content=\"article\" \/>\n<meta property=\"og:title\" content=\"Produits de qualit\u00e9 - CMP\" \/>\n<meta property=\"og:description\" content=\"La croissance chez CMP est strat\u00e9giquement con\u00e7ue pour mieux servir les clients en \u00e9largissant les capacit\u00e9s de production, en agrandissant les centres de distribution et en ajoutant du personnel d&#8217;ing\u00e9nierie et de d\u00e9veloppement de produits exp\u00e9riment\u00e9. Chez CMP, nous nous effor\u00e7ons de continuer \u00e0 d\u00e9velopper les comp\u00e9tences et les capacit\u00e9s des employ\u00e9s afin que l&#8217;accent... Read more &raquo;\" \/>\n<meta property=\"og:url\" content=\"https:\/\/c-m-p.com\/fr\/entreprise-info-archive\/produits-de-qualite\/\" \/>\n<meta property=\"og:site_name\" content=\"CMP\" \/>\n<meta property=\"article:modified_time\" content=\"2021-07-22T10:57:46+00:00\" \/>\n<meta property=\"og:image\" content=\"https:\/\/c-m-p.com\/wp-content\/uploads\/2013\/11\/corporate-Vector-Map-Red.png\" \/>\n<meta name=\"twitter:label1\" content=\"Est. reading time\" \/>\n\t<meta name=\"twitter:data1\" content=\"2 minutes\" \/>\n<script type=\"application\/ld+json\" class=\"yoast-schema-graph\">{\"@context\":\"https:\/\/schema.org\",\"@graph\":[{\"@type\":\"WebPage\",\"@id\":\"https:\/\/c-m-p.com\/fr\/entreprise-info-archive\/produits-de-qualite\/\",\"url\":\"https:\/\/c-m-p.com\/fr\/entreprise-info-archive\/produits-de-qualite\/\",\"name\":\"Produits de qualit\u00e9 - CMP\",\"isPartOf\":{\"@id\":\"https:\/\/c-m-p.com\/#website\"},\"primaryImageOfPage\":{\"@id\":\"https:\/\/c-m-p.com\/fr\/entreprise-info-archive\/produits-de-qualite\/#primaryimage\"},\"image\":{\"@id\":\"https:\/\/c-m-p.com\/fr\/entreprise-info-archive\/produits-de-qualite\/#primaryimage\"},\"thumbnailUrl\":\"https:\/\/www.c-m-p.com\/wp-content\/uploads\/2013\/11\/corporate-Vector-Map-Red.png\",\"datePublished\":\"2013-11-12T16:20:03+00:00\",\"dateModified\":\"2021-07-22T10:57:46+00:00\",\"breadcrumb\":{\"@id\":\"https:\/\/c-m-p.com\/fr\/entreprise-info-archive\/produits-de-qualite\/#breadcrumb\"},\"inLanguage\":\"fr-FR\",\"potentialAction\":[{\"@type\":\"ReadAction\",\"target\":[\"https:\/\/c-m-p.com\/fr\/entreprise-info-archive\/produits-de-qualite\/\"]}]},{\"@type\":\"ImageObject\",\"inLanguage\":\"fr-FR\",\"@id\":\"https:\/\/c-m-p.com\/fr\/entreprise-info-archive\/produits-de-qualite\/#primaryimage\",\"url\":\"https:\/\/www.c-m-p.com\/wp-content\/uploads\/2013\/11\/corporate-Vector-Map-Red.png\",\"contentUrl\":\"https:\/\/www.c-m-p.com\/wp-content\/uploads\/2013\/11\/corporate-Vector-Map-Red.png\"},{\"@type\":\"BreadcrumbList\",\"@id\":\"https:\/\/c-m-p.com\/fr\/entreprise-info-archive\/produits-de-qualite\/#breadcrumb\",\"itemListElement\":[{\"@type\":\"ListItem\",\"position\":1,\"name\":\"Home\",\"item\":\"https:\/\/c-m-p.com\/fr\/\"},{\"@type\":\"ListItem\",\"position\":2,\"name\":\"\u00c0 propos de nous\",\"item\":\"https:\/\/c-m-p.com\/fr\/?page_id=66666\"},{\"@type\":\"ListItem\",\"position\":3,\"name\":\"Produits de qualit\u00e9\"}]},{\"@type\":\"WebSite\",\"@id\":\"https:\/\/c-m-p.com\/#website\",\"url\":\"https:\/\/c-m-p.com\/\",\"name\":\"CMP\",\"description\":\"Pool Products, Spa and Hot Tub Products\",\"publisher\":{\"@id\":\"https:\/\/c-m-p.com\/#organization\"},\"potentialAction\":[{\"@type\":\"SearchAction\",\"target\":{\"@type\":\"EntryPoint\",\"urlTemplate\":\"https:\/\/c-m-p.com\/?s={search_term_string}\"},\"query-input\":{\"@type\":\"PropertyValueSpecification\",\"valueRequired\":true,\"valueName\":\"search_term_string\"}}],\"inLanguage\":\"fr-FR\"},{\"@type\":\"Organization\",\"@id\":\"https:\/\/c-m-p.com\/#organization\",\"name\":\"CMP Pool & Spa Products\",\"url\":\"https:\/\/c-m-p.com\/\",\"logo\":{\"@type\":\"ImageObject\",\"inLanguage\":\"fr-FR\",\"@id\":\"https:\/\/c-m-p.com\/#\/schema\/logo\/image\/\",\"url\":\"https:\/\/43ab809dfe.nxcli.io\/wp-content\/uploads\/2013\/10\/2013-CMP-Logo.jpg\",\"contentUrl\":\"https:\/\/43ab809dfe.nxcli.io\/wp-content\/uploads\/2013\/10\/2013-CMP-Logo.jpg\",\"width\":1000,\"height\":247,\"caption\":\"CMP Pool & Spa Products\"},\"image\":{\"@id\":\"https:\/\/c-m-p.com\/#\/schema\/logo\/image\/\"}}]}<\/script>\n<!-- \/ Yoast SEO plugin. -->","yoast_head_json":{"title":"Produits de qualit\u00e9 - CMP","robots":{"index":"index","follow":"follow","max-snippet":"max-snippet:-1","max-image-preview":"max-image-preview:large","max-video-preview":"max-video-preview:-1"},"canonical":"https:\/\/c-m-p.com\/fr\/entreprise-info-archive\/produits-de-qualite\/","og_locale":"fr_FR","og_type":"article","og_title":"Produits de qualit\u00e9 - CMP","og_description":"La croissance chez CMP est strat\u00e9giquement con\u00e7ue pour mieux servir les clients en \u00e9largissant les capacit\u00e9s de production, en agrandissant les centres de distribution et en ajoutant du personnel d&#8217;ing\u00e9nierie et de d\u00e9veloppement de produits exp\u00e9riment\u00e9. Chez CMP, nous nous effor\u00e7ons de continuer \u00e0 d\u00e9velopper les comp\u00e9tences et les capacit\u00e9s des employ\u00e9s afin que l&#8217;accent... Read more &raquo;","og_url":"https:\/\/c-m-p.com\/fr\/entreprise-info-archive\/produits-de-qualite\/","og_site_name":"CMP","article_modified_time":"2021-07-22T10:57:46+00:00","og_image":[{"url":"https:\/\/c-m-p.com\/wp-content\/uploads\/2013\/11\/corporate-Vector-Map-Red.png","type":"","width":"","height":""}],"twitter_misc":{"Est. reading time":"2 minutes"},"schema":{"@context":"https:\/\/schema.org","@graph":[{"@type":"WebPage","@id":"https:\/\/c-m-p.com\/fr\/entreprise-info-archive\/produits-de-qualite\/","url":"https:\/\/c-m-p.com\/fr\/entreprise-info-archive\/produits-de-qualite\/","name":"Produits de qualit\u00e9 - CMP","isPartOf":{"@id":"https:\/\/c-m-p.com\/#website"},"primaryImageOfPage":{"@id":"https:\/\/c-m-p.com\/fr\/entreprise-info-archive\/produits-de-qualite\/#primaryimage"},"image":{"@id":"https:\/\/c-m-p.com\/fr\/entreprise-info-archive\/produits-de-qualite\/#primaryimage"},"thumbnailUrl":"https:\/\/www.c-m-p.com\/wp-content\/uploads\/2013\/11\/corporate-Vector-Map-Red.png","datePublished":"2013-11-12T16:20:03+00:00","dateModified":"2021-07-22T10:57:46+00:00","breadcrumb":{"@id":"https:\/\/c-m-p.com\/fr\/entreprise-info-archive\/produits-de-qualite\/#breadcrumb"},"inLanguage":"fr-FR","potentialAction":[{"@type":"ReadAction","target":["https:\/\/c-m-p.com\/fr\/entreprise-info-archive\/produits-de-qualite\/"]}]},{"@type":"ImageObject","inLanguage":"fr-FR","@id":"https:\/\/c-m-p.com\/fr\/entreprise-info-archive\/produits-de-qualite\/#primaryimage","url":"https:\/\/www.c-m-p.com\/wp-content\/uploads\/2013\/11\/corporate-Vector-Map-Red.png","contentUrl":"https:\/\/www.c-m-p.com\/wp-content\/uploads\/2013\/11\/corporate-Vector-Map-Red.png"},{"@type":"BreadcrumbList","@id":"https:\/\/c-m-p.com\/fr\/entreprise-info-archive\/produits-de-qualite\/#breadcrumb","itemListElement":[{"@type":"ListItem","position":1,"name":"Home","item":"https:\/\/c-m-p.com\/fr\/"},{"@type":"ListItem","position":2,"name":"\u00c0 propos de nous","item":"https:\/\/c-m-p.com\/fr\/?page_id=66666"},{"@type":"ListItem","position":3,"name":"Produits de qualit\u00e9"}]},{"@type":"WebSite","@id":"https:\/\/c-m-p.com\/#website","url":"https:\/\/c-m-p.com\/","name":"CMP","description":"Pool Products, Spa and Hot Tub Products","publisher":{"@id":"https:\/\/c-m-p.com\/#organization"},"potentialAction":[{"@type":"SearchAction","target":{"@type":"EntryPoint","urlTemplate":"https:\/\/c-m-p.com\/?s={search_term_string}"},"query-input":{"@type":"PropertyValueSpecification","valueRequired":true,"valueName":"search_term_string"}}],"inLanguage":"fr-FR"},{"@type":"Organization","@id":"https:\/\/c-m-p.com\/#organization","name":"CMP Pool & Spa Products","url":"https:\/\/c-m-p.com\/","logo":{"@type":"ImageObject","inLanguage":"fr-FR","@id":"https:\/\/c-m-p.com\/#\/schema\/logo\/image\/","url":"https:\/\/43ab809dfe.nxcli.io\/wp-content\/uploads\/2013\/10\/2013-CMP-Logo.jpg","contentUrl":"https:\/\/43ab809dfe.nxcli.io\/wp-content\/uploads\/2013\/10\/2013-CMP-Logo.jpg","width":1000,"height":247,"caption":"CMP Pool & Spa Products"},"image":{"@id":"https:\/\/c-m-p.com\/#\/schema\/logo\/image\/"}}]}},"_links":{"self":[{"href":"https:\/\/www.c-m-p.com\/fr\/wp-json\/wp\/v2\/pages\/66923","targetHints":{"allow":["GET"]}}],"collection":[{"href":"https:\/\/www.c-m-p.com\/fr\/wp-json\/wp\/v2\/pages"}],"about":[{"href":"https:\/\/www.c-m-p.com\/fr\/wp-json\/wp\/v2\/types\/page"}],"author":[{"embeddable":true,"href":"https:\/\/www.c-m-p.com\/fr\/wp-json\/wp\/v2\/users\/4"}],"replies":[{"embeddable":true,"href":"https:\/\/www.c-m-p.com\/fr\/wp-json\/wp\/v2\/comments?post=66923"}],"version-history":[{"count":0,"href":"https:\/\/www.c-m-p.com\/fr\/wp-json\/wp\/v2\/pages\/66923\/revisions"}],"up":[{"embeddable":true,"href":"https:\/\/www.c-m-p.com\/fr\/wp-json\/wp\/v2\/pages\/66666"}],"wp:attachment":[{"href":"https:\/\/www.c-m-p.com\/fr\/wp-json\/wp\/v2\/media?parent=66923"}],"curies":[{"name":"wp","href":"https:\/\/api.w.org\/{rel}","templated":true}]}}