{"id":66964,"date":"2013-11-12T11:20:36","date_gmt":"2013-11-12T16:20:36","guid":{"rendered":"https:\/\/43ab809dfe.nxcli.io\/entreprise-info-archive\/reliable-supply\/"},"modified":"2021-07-22T06:23:35","modified_gmt":"2021-07-22T11:23:35","slug":"approvisionnement-fiable","status":"publish","type":"page","link":"https:\/\/www.c-m-p.com\/fr\/entreprise-info-archive\/approvisionnement-fiable\/","title":{"rendered":"Approvisionnement fiable"},"content":{"rendered":"<h2 dir=\"ltr\"><img loading=\"lazy\" decoding=\"async\" class=\"size-full wp-image-66681 aligncenter\" src=\"https:\/\/www.c-m-p.com\/wp-content\/uploads\/2013\/11\/corporate-Building-HDR.jpg\" alt=\"corporate-Building-HDR\" width=\"1000\" height=\"332\" srcset=\"https:\/\/www.c-m-p.com\/wp-content\/uploads\/2013\/11\/corporate-Building-HDR.jpg 1000w, https:\/\/www.c-m-p.com\/wp-content\/uploads\/2013\/11\/corporate-Building-HDR-300x99.jpg 300w, https:\/\/www.c-m-p.com\/wp-content\/uploads\/2013\/11\/corporate-Building-HDR-568x188.jpg 568w, https:\/\/www.c-m-p.com\/wp-content\/uploads\/2013\/11\/corporate-Building-HDR-235x78.jpg 235w, https:\/\/www.c-m-p.com\/wp-content\/uploads\/2013\/11\/corporate-Building-HDR-307x101.jpg 307w\" sizes=\"auto, (max-width: 1000px) 100vw, 1000px\" \/><\/h2>\n<p>&nbsp;<\/p>\n<p>CMP est une soci\u00e9t\u00e9 am\u00e9ricaine dont le si\u00e8ge est situ\u00e9 pr\u00e8s d&#8217;Atlanta, en G\u00e9orgie. Nous approvisionnons des clients industriels et commerciaux aux \u00c9tats-Unis et au Canada \u00e0 partir d&#8217;un centre de distribution principal de 240 000 pieds carr\u00e9s en G\u00e9orgie et d&#8217;un centre de distribution 3PL de 150 000 pieds carr\u00e9s sur la c\u00f4te ouest en Californie. De plus, notre partenaire de distribution en Australie fournit des composants \u00e0 une grande vari\u00e9t\u00e9 de fabricants australiens de piscines, de spas et de baignoires.<\/p>\n<div class=\"technology-item image-left clearfix\" style=\"margin: 10em 0 12em 0;\">\n<div class=\"image\"><img loading=\"lazy\" decoding=\"async\" style=\"max-height: 500px;\" title=\"CMP Georgia Warehouse\" src=\"https:\/\/www.c-m-p.com\/wp-content\/uploads\/2013\/11\/Kate-3-13-corporate.jpg\" alt=\"CMP Warehouse Aisle\" width=\"682\" height=\"1024\" \/><\/div>\n<div class=\"content\">\n<div class=\"title\">Premier Syst\u00e8mes Logistiques Industriels<\/div>\n<p>Confirmations de commande le jour m\u00eame, les commandes de stock sont exp\u00e9di\u00e9es dans les 24 heures<\/p>\n<p>Pas de minimum de commande : si vous en avez besoin, nous vous l&#8217;enverrons.<\/p>\n<p>Le centre de distribution de la c\u00f4te ouest offre une exp\u00e9dition le jour m\u00eame et une exp\u00e9dition en transit en un jour vers la Californie et la plupart des autres clients de la c\u00f4te ouest<\/p>\n<p>Syst\u00e8me informatique WMS sophistiqu\u00e9 pour la confirmation des commandes, le suivi et la gestion des stocks<\/p>\n<p>Mise \u00e0 jour mensuelle des pr\u00e9visions pour les comptes OEM<\/p>\n<\/div>\n<div class=\"clearfix\"><\/div>\n<\/div>\n<div class=\"technology-item image-right clearfix\">\n<div class=\"image\"><img decoding=\"async\" style=\"max-height: 500px;\" title=\"CMP Georgia Shipping\" src=\"https:\/\/www.c-m-p.com\/wp-content\/uploads\/2013\/11\/corporate-warehouse.jpg\" alt=\"CMP Warehouse Shipping\" \/><\/div>\n<div class=\"content\">\n<div class=\"title\">Inventaire et entreposage de produits fiables<\/div>\n<p>Grand inventaire disponible pour les clients du spa, du bain \u00e0 remous et de la piscine<\/p>\n<p>Articles exclusifs stock\u00e9s pour les clients<\/p>\n<p>Des professionnels du service client sont disponibles pour une attention personnelle rapide<\/p>\n<p>Support d&#8217;inventaire pour les op\u00e9rations JIT et Lean<\/p>\n<\/div>\n<div class=\"clearfix\"><\/div>\n<\/div>\n","protected":false},"excerpt":{"rendered":"<p>&nbsp; CMP est une soci\u00e9t\u00e9 am\u00e9ricaine dont le si\u00e8ge est situ\u00e9 pr\u00e8s d&#8217;Atlanta, en G\u00e9orgie. Nous approvisionnons des clients industriels et commerciaux aux \u00c9tats-Unis et au Canada \u00e0 partir d&#8217;un centre de distribution principal de 240 000 pieds carr\u00e9s en G\u00e9orgie et d&#8217;un centre de distribution 3PL de 150 000 pieds carr\u00e9s sur la c\u00f4te&#8230;  <a href=\"https:\/\/www.c-m-p.com\/fr\/entreprise-info-archive\/approvisionnement-fiable\/\" title=\"Read Approvisionnement fiable\">Read more &raquo;<\/a><\/p>\n","protected":false},"author":4,"featured_media":0,"parent":66666,"menu_order":0,"comment_status":"open","ping_status":"closed","template":"","meta":{"_acf_changed":false,"_oasis_is_in_workflow":0,"_oasis_original":0,"_mi_skip_tracking":false,"_monsterinsights_sitenote_active":false,"_monsterinsights_sitenote_note":"","_monsterinsights_sitenote_category":0,"footnotes":""},"class_list":["post-66964","page","type-page","status-publish","hentry"],"acf":[],"yoast_head":"<!-- This site is optimized with the Yoast SEO plugin v27.2 - https:\/\/yoast.com\/product\/yoast-seo-wordpress\/ -->\n<title>Approvisionnement fiable - CMP<\/title>\n<meta name=\"robots\" content=\"index, follow, max-snippet:-1, max-image-preview:large, max-video-preview:-1\" \/>\n<link rel=\"canonical\" href=\"https:\/\/c-m-p.com\/fr\/entreprise-info-archive\/approvisionnement-fiable\/\" \/>\n<meta property=\"og:locale\" content=\"fr_FR\" \/>\n<meta property=\"og:type\" content=\"article\" \/>\n<meta property=\"og:title\" content=\"Approvisionnement fiable - CMP\" \/>\n<meta property=\"og:description\" content=\"&nbsp; CMP est une soci\u00e9t\u00e9 am\u00e9ricaine dont le si\u00e8ge est situ\u00e9 pr\u00e8s d&#8217;Atlanta, en G\u00e9orgie. Nous approvisionnons des clients industriels et commerciaux aux \u00c9tats-Unis et au Canada \u00e0 partir d&#8217;un centre de distribution principal de 240 000 pieds carr\u00e9s en G\u00e9orgie et d&#8217;un centre de distribution 3PL de 150 000 pieds carr\u00e9s sur la c\u00f4te... Read more &raquo;\" \/>\n<meta property=\"og:url\" content=\"https:\/\/c-m-p.com\/fr\/entreprise-info-archive\/approvisionnement-fiable\/\" \/>\n<meta property=\"og:site_name\" content=\"CMP\" \/>\n<meta property=\"article:modified_time\" content=\"2021-07-22T11:23:35+00:00\" \/>\n<meta property=\"og:image\" content=\"https:\/\/c-m-p.com\/wp-content\/uploads\/2013\/11\/corporate-Building-HDR.jpg\" \/>\n<meta name=\"twitter:label1\" content=\"Est. reading time\" \/>\n\t<meta name=\"twitter:data1\" content=\"1 minute\" \/>\n<script type=\"application\/ld+json\" class=\"yoast-schema-graph\">{\"@context\":\"https:\/\/schema.org\",\"@graph\":[{\"@type\":\"WebPage\",\"@id\":\"https:\/\/c-m-p.com\/fr\/entreprise-info-archive\/approvisionnement-fiable\/\",\"url\":\"https:\/\/c-m-p.com\/fr\/entreprise-info-archive\/approvisionnement-fiable\/\",\"name\":\"Approvisionnement fiable - CMP\",\"isPartOf\":{\"@id\":\"https:\/\/c-m-p.com\/#website\"},\"primaryImageOfPage\":{\"@id\":\"https:\/\/c-m-p.com\/fr\/entreprise-info-archive\/approvisionnement-fiable\/#primaryimage\"},\"image\":{\"@id\":\"https:\/\/c-m-p.com\/fr\/entreprise-info-archive\/approvisionnement-fiable\/#primaryimage\"},\"thumbnailUrl\":\"https:\/\/www.c-m-p.com\/wp-content\/uploads\/2013\/11\/corporate-Building-HDR.jpg\",\"datePublished\":\"2013-11-12T16:20:36+00:00\",\"dateModified\":\"2021-07-22T11:23:35+00:00\",\"breadcrumb\":{\"@id\":\"https:\/\/c-m-p.com\/fr\/entreprise-info-archive\/approvisionnement-fiable\/#breadcrumb\"},\"inLanguage\":\"fr-FR\",\"potentialAction\":[{\"@type\":\"ReadAction\",\"target\":[\"https:\/\/c-m-p.com\/fr\/entreprise-info-archive\/approvisionnement-fiable\/\"]}]},{\"@type\":\"ImageObject\",\"inLanguage\":\"fr-FR\",\"@id\":\"https:\/\/c-m-p.com\/fr\/entreprise-info-archive\/approvisionnement-fiable\/#primaryimage\",\"url\":\"https:\/\/www.c-m-p.com\/wp-content\/uploads\/2013\/11\/corporate-Building-HDR.jpg\",\"contentUrl\":\"https:\/\/www.c-m-p.com\/wp-content\/uploads\/2013\/11\/corporate-Building-HDR.jpg\"},{\"@type\":\"BreadcrumbList\",\"@id\":\"https:\/\/c-m-p.com\/fr\/entreprise-info-archive\/approvisionnement-fiable\/#breadcrumb\",\"itemListElement\":[{\"@type\":\"ListItem\",\"position\":1,\"name\":\"Home\",\"item\":\"https:\/\/c-m-p.com\/fr\/\"},{\"@type\":\"ListItem\",\"position\":2,\"name\":\"\u00c0 propos de nous\",\"item\":\"https:\/\/c-m-p.com\/fr\/?page_id=66666\"},{\"@type\":\"ListItem\",\"position\":3,\"name\":\"Approvisionnement fiable\"}]},{\"@type\":\"WebSite\",\"@id\":\"https:\/\/c-m-p.com\/#website\",\"url\":\"https:\/\/c-m-p.com\/\",\"name\":\"CMP\",\"description\":\"Pool Products, Spa and Hot Tub Products\",\"publisher\":{\"@id\":\"https:\/\/c-m-p.com\/#organization\"},\"potentialAction\":[{\"@type\":\"SearchAction\",\"target\":{\"@type\":\"EntryPoint\",\"urlTemplate\":\"https:\/\/c-m-p.com\/?s={search_term_string}\"},\"query-input\":{\"@type\":\"PropertyValueSpecification\",\"valueRequired\":true,\"valueName\":\"search_term_string\"}}],\"inLanguage\":\"fr-FR\"},{\"@type\":\"Organization\",\"@id\":\"https:\/\/c-m-p.com\/#organization\",\"name\":\"CMP Pool & Spa Products\",\"url\":\"https:\/\/c-m-p.com\/\",\"logo\":{\"@type\":\"ImageObject\",\"inLanguage\":\"fr-FR\",\"@id\":\"https:\/\/c-m-p.com\/#\/schema\/logo\/image\/\",\"url\":\"https:\/\/43ab809dfe.nxcli.io\/wp-content\/uploads\/2013\/10\/2013-CMP-Logo.jpg\",\"contentUrl\":\"https:\/\/43ab809dfe.nxcli.io\/wp-content\/uploads\/2013\/10\/2013-CMP-Logo.jpg\",\"width\":1000,\"height\":247,\"caption\":\"CMP Pool & Spa Products\"},\"image\":{\"@id\":\"https:\/\/c-m-p.com\/#\/schema\/logo\/image\/\"}}]}<\/script>\n<!-- \/ Yoast SEO plugin. -->","yoast_head_json":{"title":"Approvisionnement fiable - CMP","robots":{"index":"index","follow":"follow","max-snippet":"max-snippet:-1","max-image-preview":"max-image-preview:large","max-video-preview":"max-video-preview:-1"},"canonical":"https:\/\/c-m-p.com\/fr\/entreprise-info-archive\/approvisionnement-fiable\/","og_locale":"fr_FR","og_type":"article","og_title":"Approvisionnement fiable - CMP","og_description":"&nbsp; CMP est une soci\u00e9t\u00e9 am\u00e9ricaine dont le si\u00e8ge est situ\u00e9 pr\u00e8s d&#8217;Atlanta, en G\u00e9orgie. Nous approvisionnons des clients industriels et commerciaux aux \u00c9tats-Unis et au Canada \u00e0 partir d&#8217;un centre de distribution principal de 240 000 pieds carr\u00e9s en G\u00e9orgie et d&#8217;un centre de distribution 3PL de 150 000 pieds carr\u00e9s sur la c\u00f4te... Read more &raquo;","og_url":"https:\/\/c-m-p.com\/fr\/entreprise-info-archive\/approvisionnement-fiable\/","og_site_name":"CMP","article_modified_time":"2021-07-22T11:23:35+00:00","og_image":[{"url":"https:\/\/c-m-p.com\/wp-content\/uploads\/2013\/11\/corporate-Building-HDR.jpg","type":"","width":"","height":""}],"twitter_misc":{"Est. reading time":"1 minute"},"schema":{"@context":"https:\/\/schema.org","@graph":[{"@type":"WebPage","@id":"https:\/\/c-m-p.com\/fr\/entreprise-info-archive\/approvisionnement-fiable\/","url":"https:\/\/c-m-p.com\/fr\/entreprise-info-archive\/approvisionnement-fiable\/","name":"Approvisionnement fiable - CMP","isPartOf":{"@id":"https:\/\/c-m-p.com\/#website"},"primaryImageOfPage":{"@id":"https:\/\/c-m-p.com\/fr\/entreprise-info-archive\/approvisionnement-fiable\/#primaryimage"},"image":{"@id":"https:\/\/c-m-p.com\/fr\/entreprise-info-archive\/approvisionnement-fiable\/#primaryimage"},"thumbnailUrl":"https:\/\/www.c-m-p.com\/wp-content\/uploads\/2013\/11\/corporate-Building-HDR.jpg","datePublished":"2013-11-12T16:20:36+00:00","dateModified":"2021-07-22T11:23:35+00:00","breadcrumb":{"@id":"https:\/\/c-m-p.com\/fr\/entreprise-info-archive\/approvisionnement-fiable\/#breadcrumb"},"inLanguage":"fr-FR","potentialAction":[{"@type":"ReadAction","target":["https:\/\/c-m-p.com\/fr\/entreprise-info-archive\/approvisionnement-fiable\/"]}]},{"@type":"ImageObject","inLanguage":"fr-FR","@id":"https:\/\/c-m-p.com\/fr\/entreprise-info-archive\/approvisionnement-fiable\/#primaryimage","url":"https:\/\/www.c-m-p.com\/wp-content\/uploads\/2013\/11\/corporate-Building-HDR.jpg","contentUrl":"https:\/\/www.c-m-p.com\/wp-content\/uploads\/2013\/11\/corporate-Building-HDR.jpg"},{"@type":"BreadcrumbList","@id":"https:\/\/c-m-p.com\/fr\/entreprise-info-archive\/approvisionnement-fiable\/#breadcrumb","itemListElement":[{"@type":"ListItem","position":1,"name":"Home","item":"https:\/\/c-m-p.com\/fr\/"},{"@type":"ListItem","position":2,"name":"\u00c0 propos de nous","item":"https:\/\/c-m-p.com\/fr\/?page_id=66666"},{"@type":"ListItem","position":3,"name":"Approvisionnement fiable"}]},{"@type":"WebSite","@id":"https:\/\/c-m-p.com\/#website","url":"https:\/\/c-m-p.com\/","name":"CMP","description":"Pool Products, Spa and Hot Tub Products","publisher":{"@id":"https:\/\/c-m-p.com\/#organization"},"potentialAction":[{"@type":"SearchAction","target":{"@type":"EntryPoint","urlTemplate":"https:\/\/c-m-p.com\/?s={search_term_string}"},"query-input":{"@type":"PropertyValueSpecification","valueRequired":true,"valueName":"search_term_string"}}],"inLanguage":"fr-FR"},{"@type":"Organization","@id":"https:\/\/c-m-p.com\/#organization","name":"CMP Pool & Spa Products","url":"https:\/\/c-m-p.com\/","logo":{"@type":"ImageObject","inLanguage":"fr-FR","@id":"https:\/\/c-m-p.com\/#\/schema\/logo\/image\/","url":"https:\/\/43ab809dfe.nxcli.io\/wp-content\/uploads\/2013\/10\/2013-CMP-Logo.jpg","contentUrl":"https:\/\/43ab809dfe.nxcli.io\/wp-content\/uploads\/2013\/10\/2013-CMP-Logo.jpg","width":1000,"height":247,"caption":"CMP Pool & Spa Products"},"image":{"@id":"https:\/\/c-m-p.com\/#\/schema\/logo\/image\/"}}]}},"_links":{"self":[{"href":"https:\/\/www.c-m-p.com\/fr\/wp-json\/wp\/v2\/pages\/66964","targetHints":{"allow":["GET"]}}],"collection":[{"href":"https:\/\/www.c-m-p.com\/fr\/wp-json\/wp\/v2\/pages"}],"about":[{"href":"https:\/\/www.c-m-p.com\/fr\/wp-json\/wp\/v2\/types\/page"}],"author":[{"embeddable":true,"href":"https:\/\/www.c-m-p.com\/fr\/wp-json\/wp\/v2\/users\/4"}],"replies":[{"embeddable":true,"href":"https:\/\/www.c-m-p.com\/fr\/wp-json\/wp\/v2\/comments?post=66964"}],"version-history":[{"count":0,"href":"https:\/\/www.c-m-p.com\/fr\/wp-json\/wp\/v2\/pages\/66964\/revisions"}],"up":[{"embeddable":true,"href":"https:\/\/www.c-m-p.com\/fr\/wp-json\/wp\/v2\/pages\/66666"}],"wp:attachment":[{"href":"https:\/\/www.c-m-p.com\/fr\/wp-json\/wp\/v2\/media?parent=66964"}],"curies":[{"name":"wp","href":"https:\/\/api.w.org\/{rel}","templated":true}]}}