{"id":67167,"date":"2018-05-16T14:07:53","date_gmt":"2018-05-16T19:07:53","guid":{"rendered":"https:\/\/43ab809dfe.nxcli.io\/centre-ressource-ancien\/videos\/"},"modified":"2021-07-22T02:40:06","modified_gmt":"2021-07-22T07:40:06","slug":"videos","status":"publish","type":"page","link":"https:\/\/www.c-m-p.com\/fr\/centre-ressource-ancien\/videos\/","title":{"rendered":"VID\u00c9OS"},"content":{"rendered":"<p>Centre de ressources<br \/>\nBiblioth\u00e8que de contenu<br \/>\nManuals &#038; Literature<br \/>\nVID\u00c9OS<br \/>\nDERNI\u00c8RE VID\u00c9O<\/p>\n","protected":false},"excerpt":{"rendered":"<p>Centre de ressources Biblioth\u00e8que de contenu Manuals &#038; Literature VID\u00c9OS DERNI\u00c8RE VID\u00c9O<\/p>\n","protected":false},"author":4,"featured_media":0,"parent":67030,"menu_order":0,"comment_status":"open","ping_status":"open","template":"rci-flex-template.php","meta":{"_acf_changed":false,"_oasis_is_in_workflow":0,"_oasis_original":0,"_mi_skip_tracking":false,"_monsterinsights_sitenote_active":false,"_monsterinsights_sitenote_note":"","_monsterinsights_sitenote_category":0,"footnotes":""},"class_list":["post-67167","page","type-page","status-publish","hentry"],"acf":[],"yoast_head":"<!-- This site is optimized with the Yoast SEO plugin v27.2 - https:\/\/yoast.com\/product\/yoast-seo-wordpress\/ -->\n<title>T\u00e9l\u00e9chargements d&#039;instructions et de documentation - CMP<\/title>\n<meta name=\"description\" content=\"Affichez ou t\u00e9l\u00e9chargez la documentation marketing CMP, les instructions du guide des produits et les catalogues de produits.\" \/>\n<meta name=\"robots\" content=\"index, follow, max-snippet:-1, max-image-preview:large, max-video-preview:-1\" \/>\n<link rel=\"canonical\" href=\"https:\/\/c-m-p.com\/fr\/centre-ressource-ancien\/videos\/\" \/>\n<meta property=\"og:locale\" content=\"fr_FR\" \/>\n<meta property=\"og:type\" content=\"article\" \/>\n<meta property=\"og:title\" content=\"T\u00e9l\u00e9chargements d&#039;instructions et de documentation - CMP\" \/>\n<meta property=\"og:description\" content=\"Affichez ou t\u00e9l\u00e9chargez la documentation marketing CMP, les instructions du guide des produits et les catalogues de produits.\" \/>\n<meta property=\"og:url\" content=\"https:\/\/c-m-p.com\/fr\/centre-ressource-ancien\/videos\/\" \/>\n<meta property=\"og:site_name\" content=\"CMP\" \/>\n<meta property=\"article:modified_time\" content=\"2021-07-22T07:40:06+00:00\" \/>\n<script type=\"application\/ld+json\" class=\"yoast-schema-graph\">{\"@context\":\"https:\/\/schema.org\",\"@graph\":[{\"@type\":\"WebPage\",\"@id\":\"https:\/\/c-m-p.com\/fr\/centre-ressource-ancien\/videos\/\",\"url\":\"https:\/\/c-m-p.com\/fr\/centre-ressource-ancien\/videos\/\",\"name\":\"T\u00e9l\u00e9chargements d'instructions et de documentation - CMP\",\"isPartOf\":{\"@id\":\"https:\/\/c-m-p.com\/#website\"},\"datePublished\":\"2018-05-16T19:07:53+00:00\",\"dateModified\":\"2021-07-22T07:40:06+00:00\",\"description\":\"Affichez ou t\u00e9l\u00e9chargez la documentation marketing CMP, les instructions du guide des produits et les catalogues de produits.\",\"breadcrumb\":{\"@id\":\"https:\/\/c-m-p.com\/fr\/centre-ressource-ancien\/videos\/#breadcrumb\"},\"inLanguage\":\"fr-FR\",\"potentialAction\":[{\"@type\":\"ReadAction\",\"target\":[\"https:\/\/c-m-p.com\/fr\/centre-ressource-ancien\/videos\/\"]}]},{\"@type\":\"BreadcrumbList\",\"@id\":\"https:\/\/c-m-p.com\/fr\/centre-ressource-ancien\/videos\/#breadcrumb\",\"itemListElement\":[{\"@type\":\"ListItem\",\"position\":1,\"name\":\"Home\",\"item\":\"https:\/\/c-m-p.com\/fr\/\"},{\"@type\":\"ListItem\",\"position\":2,\"name\":\"Centre de ressources\",\"item\":\"https:\/\/c-m-p.com\/fr\/centre-ressource-ancien\/\"},{\"@type\":\"ListItem\",\"position\":3,\"name\":\"VID\u00c9OS\"}]},{\"@type\":\"WebSite\",\"@id\":\"https:\/\/c-m-p.com\/#website\",\"url\":\"https:\/\/c-m-p.com\/\",\"name\":\"CMP\",\"description\":\"Pool Products, Spa and Hot Tub Products\",\"publisher\":{\"@id\":\"https:\/\/c-m-p.com\/#organization\"},\"potentialAction\":[{\"@type\":\"SearchAction\",\"target\":{\"@type\":\"EntryPoint\",\"urlTemplate\":\"https:\/\/c-m-p.com\/?s={search_term_string}\"},\"query-input\":{\"@type\":\"PropertyValueSpecification\",\"valueRequired\":true,\"valueName\":\"search_term_string\"}}],\"inLanguage\":\"fr-FR\"},{\"@type\":\"Organization\",\"@id\":\"https:\/\/c-m-p.com\/#organization\",\"name\":\"CMP Pool & Spa Products\",\"url\":\"https:\/\/c-m-p.com\/\",\"logo\":{\"@type\":\"ImageObject\",\"inLanguage\":\"fr-FR\",\"@id\":\"https:\/\/c-m-p.com\/#\/schema\/logo\/image\/\",\"url\":\"https:\/\/43ab809dfe.nxcli.io\/wp-content\/uploads\/2013\/10\/2013-CMP-Logo.jpg\",\"contentUrl\":\"https:\/\/43ab809dfe.nxcli.io\/wp-content\/uploads\/2013\/10\/2013-CMP-Logo.jpg\",\"width\":1000,\"height\":247,\"caption\":\"CMP Pool & Spa Products\"},\"image\":{\"@id\":\"https:\/\/c-m-p.com\/#\/schema\/logo\/image\/\"}}]}<\/script>\n<!-- \/ Yoast SEO plugin. -->","yoast_head_json":{"title":"T\u00e9l\u00e9chargements d'instructions et de documentation - CMP","description":"Affichez ou t\u00e9l\u00e9chargez la documentation marketing CMP, les instructions du guide des produits et les catalogues de produits.","robots":{"index":"index","follow":"follow","max-snippet":"max-snippet:-1","max-image-preview":"max-image-preview:large","max-video-preview":"max-video-preview:-1"},"canonical":"https:\/\/c-m-p.com\/fr\/centre-ressource-ancien\/videos\/","og_locale":"fr_FR","og_type":"article","og_title":"T\u00e9l\u00e9chargements d'instructions et de documentation - CMP","og_description":"Affichez ou t\u00e9l\u00e9chargez la documentation marketing CMP, les instructions du guide des produits et les catalogues de produits.","og_url":"https:\/\/c-m-p.com\/fr\/centre-ressource-ancien\/videos\/","og_site_name":"CMP","article_modified_time":"2021-07-22T07:40:06+00:00","schema":{"@context":"https:\/\/schema.org","@graph":[{"@type":"WebPage","@id":"https:\/\/c-m-p.com\/fr\/centre-ressource-ancien\/videos\/","url":"https:\/\/c-m-p.com\/fr\/centre-ressource-ancien\/videos\/","name":"T\u00e9l\u00e9chargements d'instructions et de documentation - CMP","isPartOf":{"@id":"https:\/\/c-m-p.com\/#website"},"datePublished":"2018-05-16T19:07:53+00:00","dateModified":"2021-07-22T07:40:06+00:00","description":"Affichez ou t\u00e9l\u00e9chargez la documentation marketing CMP, les instructions du guide des produits et les catalogues de produits.","breadcrumb":{"@id":"https:\/\/c-m-p.com\/fr\/centre-ressource-ancien\/videos\/#breadcrumb"},"inLanguage":"fr-FR","potentialAction":[{"@type":"ReadAction","target":["https:\/\/c-m-p.com\/fr\/centre-ressource-ancien\/videos\/"]}]},{"@type":"BreadcrumbList","@id":"https:\/\/c-m-p.com\/fr\/centre-ressource-ancien\/videos\/#breadcrumb","itemListElement":[{"@type":"ListItem","position":1,"name":"Home","item":"https:\/\/c-m-p.com\/fr\/"},{"@type":"ListItem","position":2,"name":"Centre de ressources","item":"https:\/\/c-m-p.com\/fr\/centre-ressource-ancien\/"},{"@type":"ListItem","position":3,"name":"VID\u00c9OS"}]},{"@type":"WebSite","@id":"https:\/\/c-m-p.com\/#website","url":"https:\/\/c-m-p.com\/","name":"CMP","description":"Pool Products, Spa and Hot Tub Products","publisher":{"@id":"https:\/\/c-m-p.com\/#organization"},"potentialAction":[{"@type":"SearchAction","target":{"@type":"EntryPoint","urlTemplate":"https:\/\/c-m-p.com\/?s={search_term_string}"},"query-input":{"@type":"PropertyValueSpecification","valueRequired":true,"valueName":"search_term_string"}}],"inLanguage":"fr-FR"},{"@type":"Organization","@id":"https:\/\/c-m-p.com\/#organization","name":"CMP Pool & Spa Products","url":"https:\/\/c-m-p.com\/","logo":{"@type":"ImageObject","inLanguage":"fr-FR","@id":"https:\/\/c-m-p.com\/#\/schema\/logo\/image\/","url":"https:\/\/43ab809dfe.nxcli.io\/wp-content\/uploads\/2013\/10\/2013-CMP-Logo.jpg","contentUrl":"https:\/\/43ab809dfe.nxcli.io\/wp-content\/uploads\/2013\/10\/2013-CMP-Logo.jpg","width":1000,"height":247,"caption":"CMP Pool & Spa Products"},"image":{"@id":"https:\/\/c-m-p.com\/#\/schema\/logo\/image\/"}}]}},"_links":{"self":[{"href":"https:\/\/www.c-m-p.com\/fr\/wp-json\/wp\/v2\/pages\/67167","targetHints":{"allow":["GET"]}}],"collection":[{"href":"https:\/\/www.c-m-p.com\/fr\/wp-json\/wp\/v2\/pages"}],"about":[{"href":"https:\/\/www.c-m-p.com\/fr\/wp-json\/wp\/v2\/types\/page"}],"author":[{"embeddable":true,"href":"https:\/\/www.c-m-p.com\/fr\/wp-json\/wp\/v2\/users\/4"}],"replies":[{"embeddable":true,"href":"https:\/\/www.c-m-p.com\/fr\/wp-json\/wp\/v2\/comments?post=67167"}],"version-history":[{"count":0,"href":"https:\/\/www.c-m-p.com\/fr\/wp-json\/wp\/v2\/pages\/67167\/revisions"}],"up":[{"embeddable":true,"href":"https:\/\/www.c-m-p.com\/fr\/wp-json\/wp\/v2\/pages\/67030"}],"wp:attachment":[{"href":"https:\/\/www.c-m-p.com\/fr\/wp-json\/wp\/v2\/media?parent=67167"}],"curies":[{"name":"wp","href":"https:\/\/api.w.org\/{rel}","templated":true}]}}