{"id":67270,"date":"2019-06-10T10:40:06","date_gmt":"2019-06-10T15:40:06","guid":{"rendered":"https:\/\/43ab809dfe.nxcli.io\/spa-sanitizers\/"},"modified":"2021-07-22T01:00:02","modified_gmt":"2021-07-22T06:00:02","slug":"spa-assainisseurs","status":"publish","type":"page","link":"https:\/\/www.c-m-p.com\/fr\/spa-assainisseurs\/","title":{"rendered":"Syst\u00e8mes de d\u00e9sinfection de spa"},"content":{"rendered":"<p>SYST\u00c8MES D&#8217;ASSAINISSEMENT DE SPA<br \/>\n<img decoding=\"async\" width=\"200\" height=\"200\" src=\"https:\/\/www.c-m-p.com\/wp-content\/uploads\/2019\/06\/aop-spa-aquanova-feature-circle-lg.png\" class=\"attachment-full size-full\" alt=\"\" loading=\"lazy\" srcset=\"https:\/\/www.c-m-p.com\/wp-content\/uploads\/2019\/06\/aop-spa-aquanova-feature-circle-lg.png 200w, https:\/\/www.c-m-p.com\/wp-content\/uploads\/2019\/06\/aop-spa-aquanova-feature-circle-lg-150x150.png 150w\" sizes=\"auto, (max-width: 200px) 100vw, 200px\" \/><br \/>\nLes d\u00e9sinfectants les plus puissants pour les spas d&#8217;arri\u00e8re-cour<br \/>\n<img decoding=\"async\" width=\"200\" height=\"200\" src=\"https:\/\/www.c-m-p.com\/wp-content\/uploads\/2021\/05\/DEL-Ozone-Spa-feature-circle_light-gray.png\" class=\"attachment-full size-full\" alt=\"\" loading=\"lazy\" srcset=\"https:\/\/www.c-m-p.com\/wp-content\/uploads\/2021\/05\/DEL-Ozone-Spa-feature-circle_light-gray.png 200w, https:\/\/www.c-m-p.com\/wp-content\/uploads\/2021\/05\/DEL-Ozone-Spa-feature-circle_light-gray-150x150.png 150w\" sizes=\"auto, (max-width: 200px) 100vw, 200px\" \/><br \/>\nUne eau plus s\u00fbre, plus propre et plus claire<br \/>\npour bains \u00e0 remous<br \/>\n<img decoding=\"async\" width=\"200\" height=\"200\" src=\"https:\/\/www.c-m-p.com\/wp-content\/uploads\/2019\/06\/apg-u-feature-circle.png\" class=\"attachment-full size-full\" alt=\"\" loading=\"lazy\" srcset=\"https:\/\/www.c-m-p.com\/wp-content\/uploads\/2019\/06\/apg-u-feature-circle.png 200w, https:\/\/www.c-m-p.com\/wp-content\/uploads\/2019\/06\/apg-u-feature-circle-150x150.png 150w\" sizes=\"auto, (max-width: 200px) 100vw, 200px\" \/><br \/>\nSyst\u00e8mes h\u00e9rit\u00e9s toujours disponibles<br \/>\ndu CMP<br \/>\n<img decoding=\"async\" width=\"200\" height=\"200\" src=\"https:\/\/www.c-m-p.com\/wp-content\/uploads\/2019\/06\/swirl-ozone-sqr-feature-circle.png\" class=\"attachment-full size-full\" alt=\"\" loading=\"lazy\" srcset=\"https:\/\/www.c-m-p.com\/wp-content\/uploads\/2019\/06\/swirl-ozone-sqr-feature-circle.png 200w, https:\/\/www.c-m-p.com\/wp-content\/uploads\/2019\/06\/swirl-ozone-sqr-feature-circle-150x150.png 150w\" sizes=\"auto, (max-width: 200px) 100vw, 200px\" \/><br \/>\nRaccords de retour d&#8217;ozone pour produits de d\u00e9sinfection de spa dans une vari\u00e9t\u00e9 de styles<br \/>\n<img decoding=\"async\" width=\"2000\" height=\"548\" src=\"https:\/\/www.c-m-p.com\/wp-content\/uploads\/2018\/05\/spa-feet-image-break.jpg\" class=\"attachment-full size-full\" alt=\"\" loading=\"lazy\" srcset=\"https:\/\/www.c-m-p.com\/wp-content\/uploads\/2018\/05\/spa-feet-image-break.jpg 2000w, https:\/\/www.c-m-p.com\/wp-content\/uploads\/2018\/05\/spa-feet-image-break-300x82.jpg 300w, https:\/\/www.c-m-p.com\/wp-content\/uploads\/2018\/05\/spa-feet-image-break-768x210.jpg 768w, https:\/\/www.c-m-p.com\/wp-content\/uploads\/2018\/05\/spa-feet-image-break-1024x281.jpg 1024w, https:\/\/www.c-m-p.com\/wp-content\/uploads\/2018\/05\/spa-feet-image-break-568x156.jpg 568w, https:\/\/www.c-m-p.com\/wp-content\/uploads\/2018\/05\/spa-feet-image-break-235x64.jpg 235w, https:\/\/www.c-m-p.com\/wp-content\/uploads\/2018\/05\/spa-feet-image-break-307x84.jpg 307w\" sizes=\"auto, (max-width: 2000px) 100vw, 2000px\" \/><\/p>\n<p style=\"text-align: center;\"><em>Nous pensons que la meilleure eau de spa se produit avec une petite quantit\u00e9 de d\u00e9sinfectant r\u00e9siduel, combin\u00e9e \u00e0 un puissant d\u00e9sinfectant avanc\u00e9. Ce combo cr\u00e9e une eau propre et claire pour les baigneurs, avec des syst\u00e8mes qui se d\u00e9composent et d\u00e9truisent tous les contaminants. Nous appelons cela <strong>The Complete Modern Spa.&#x2122;<\/strong><\/em><\/p>\n<p>&nbsp;<\/p>\n<h2 style=\"text-align: center;\"><b>LA BONNE TECHNOLOGIE<\/b><\/h2>\n<p style=\"text-align: center;\">Gr\u00e2ce aux produits Ozone et AOP, trouvez la combinaison de d\u00e9sinfectant parfaite pour chaque spa. Les produits DEL repr\u00e9sentent la technologie de d\u00e9sinfection la plus avanc\u00e9e de l&#8217;industrie.<\/p>\n<h2><\/h2>\n<h2 style=\"text-align: center;\"><b>LA BONNE TAILLE<\/b><\/h2>\n<p style=\"text-align: center;\">Les produits d&#8217;assainissement avanc\u00e9s DEL de CMP offrent la gamme de produits d&#8217;assainissement la plus compl\u00e8te et la plus efficace pour les spas. Simple \u00e0 comprendre et \u00e0 mettre en \u0153uvre, avec deux technologies disponibles dans les tailles de sortie Spa et Swim Spa.<\/p>\n<h2><\/h2>\n<h2 style=\"text-align: center;\"><b>LES BONS PRODUITS<\/b><\/h2>\n<p style=\"text-align: center;\">Gr\u00e2ce \u00e0 la mise en \u0153uvre de l&#8217;ing\u00e9nierie de premier plan de DEL &amp; Aqua Sun Ozone, CMP a assembl\u00e9 les produits les mieux construits disponibles. Tous les produits DEL utilisent des cellules \u00e0 d\u00e9charge corona modernes qui sont presque \u00e0 l&#8217;\u00e9preuve des balles, avec une dur\u00e9e de vie extr\u00eamement longue. Les produits DEL pour spas et spas de nage sont compacts, simples \u00e0 installer et faciles \u00e0 entretenir.<span class=\"Apple-converted-space\"> <\/span><\/p>\n<p>&nbsp;<\/p>\n<h1><img loading=\"lazy\" decoding=\"async\" class=\"aligncenter wp-image-31662\" src=\"https:\/\/www.c-m-p.com\/wp-content\/uploads\/2018\/03\/reduce-chemical-icon-white-01-199x300.png\" alt=\"\" width=\"100\" height=\"151\" srcset=\"https:\/\/www.c-m-p.com\/wp-content\/uploads\/2018\/03\/reduce-chemical-icon-white-01-199x300.png 199w, https:\/\/www.c-m-p.com\/wp-content\/uploads\/2018\/03\/reduce-chemical-icon-white-01-568x856.png 568w, https:\/\/www.c-m-p.com\/wp-content\/uploads\/2018\/03\/reduce-chemical-icon-white-01-235x354.png 235w, https:\/\/www.c-m-p.com\/wp-content\/uploads\/2018\/03\/reduce-chemical-icon-white-01-307x463.png 307w, https:\/\/www.c-m-p.com\/wp-content\/uploads\/2018\/03\/reduce-chemical-icon-white-01.png 592w\" sizes=\"auto, (max-width: 100px) 100vw, 100px\" \/><\/h1>\n<h1>R\u00e9duire la demande chimique<\/h1>\n<p>En permettant \u00e0 votre syst\u00e8me Advanced Sanitizer d&#8217;agir rapidement sur les contaminants de la piscine, le chlore est libre de mieux fonctionner. Cela r\u00e9duit la demande en produits chimiques et r\u00e9duit consid\u00e9rablement la quantit\u00e9 de produits chimiques qui doivent \u00eatre ajout\u00e9s \u00e0 l&#8217;eau. Chaque spa peut b\u00e9n\u00e9ficier d&#8217;une r\u00e9duction des produits chimiques et d&#8217;une r\u00e9duction des co\u00fbts annuels des produits chimiques.<br \/>\n<img decoding=\"async\" width=\"1401\" height=\"398\" src=\"https:\/\/www.c-m-p.com\/wp-content\/uploads\/2018\/03\/aop-green-zoom-splash-bg.jpg\" class=\"attachment-full size-full\" alt=\"\" loading=\"lazy\" srcset=\"https:\/\/www.c-m-p.com\/wp-content\/uploads\/2018\/03\/aop-green-zoom-splash-bg.jpg 1401w, https:\/\/www.c-m-p.com\/wp-content\/uploads\/2018\/03\/aop-green-zoom-splash-bg-300x85.jpg 300w, https:\/\/www.c-m-p.com\/wp-content\/uploads\/2018\/03\/aop-green-zoom-splash-bg-768x218.jpg 768w, https:\/\/www.c-m-p.com\/wp-content\/uploads\/2018\/03\/aop-green-zoom-splash-bg-1024x291.jpg 1024w, https:\/\/www.c-m-p.com\/wp-content\/uploads\/2018\/03\/aop-green-zoom-splash-bg-568x161.jpg 568w, https:\/\/www.c-m-p.com\/wp-content\/uploads\/2018\/03\/aop-green-zoom-splash-bg-235x67.jpg 235w, https:\/\/www.c-m-p.com\/wp-content\/uploads\/2018\/03\/aop-green-zoom-splash-bg-307x87.jpg 307w\" sizes=\"auto, (max-width: 1401px) 100vw, 1401px\" \/><\/p>\n<h1><img loading=\"lazy\" decoding=\"async\" class=\"aligncenter size-full wp-image-32003\" src=\"https:\/\/www.c-m-p.com\/wp-content\/uploads\/2018\/03\/monster-pathogen-emoji-icon.png\" alt=\"\" width=\"200\" height=\"200\" srcset=\"https:\/\/www.c-m-p.com\/wp-content\/uploads\/2018\/03\/monster-pathogen-emoji-icon.png 200w, https:\/\/www.c-m-p.com\/wp-content\/uploads\/2018\/03\/monster-pathogen-emoji-icon-150x150.png 150w\" sizes=\"auto, (max-width: 200px) 100vw, 200px\" \/><\/h1>\n<h1>D\u00e9truire les organismes r\u00e9sistants aux produits chimiques<\/h1>\n<p>L&#8217;AOP, l&#8217;ozone et les UV peuvent d\u00e9truire ou inactiver les contaminants dangereux qui peuvent \u00eatre pr\u00e9sents dans n&#8217;importe quel spa d&#8217;arri\u00e8re-cour. Ces d\u00e9sinfectants Advance sont efficaces contre les micro-organismes comme le <i>Cryptosporidium<\/i>, les virus, les bact\u00e9ries et autres agents pathog\u00e8nes.<br \/>\n<img decoding=\"async\" width=\"1401\" height=\"398\" src=\"https:\/\/www.c-m-p.com\/wp-content\/uploads\/2018\/03\/orange-gradient-zoom-splash-bg.png\" class=\"attachment-full size-full\" alt=\"\" loading=\"lazy\" srcset=\"https:\/\/www.c-m-p.com\/wp-content\/uploads\/2018\/03\/orange-gradient-zoom-splash-bg.png 1401w, https:\/\/www.c-m-p.com\/wp-content\/uploads\/2018\/03\/orange-gradient-zoom-splash-bg-300x85.png 300w, https:\/\/www.c-m-p.com\/wp-content\/uploads\/2018\/03\/orange-gradient-zoom-splash-bg-768x218.png 768w, https:\/\/www.c-m-p.com\/wp-content\/uploads\/2018\/03\/orange-gradient-zoom-splash-bg-1024x291.png 1024w, https:\/\/www.c-m-p.com\/wp-content\/uploads\/2018\/03\/orange-gradient-zoom-splash-bg-568x161.png 568w, https:\/\/www.c-m-p.com\/wp-content\/uploads\/2018\/03\/orange-gradient-zoom-splash-bg-235x67.png 235w, https:\/\/www.c-m-p.com\/wp-content\/uploads\/2018\/03\/orange-gradient-zoom-splash-bg-307x87.png 307w\" sizes=\"auto, (max-width: 1401px) 100vw, 1401px\" \/><br \/>\n<img decoding=\"async\" width=\"725\" height=\"372\" src=\"https:\/\/www.c-m-p.com\/wp-content\/uploads\/2019\/06\/aop-infinity-uv-ozone-symbol-feature.png\" class=\"attachment-full size-full\" alt=\"\" loading=\"lazy\" srcset=\"https:\/\/www.c-m-p.com\/wp-content\/uploads\/2019\/06\/aop-infinity-uv-ozone-symbol-feature.png 725w, https:\/\/www.c-m-p.com\/wp-content\/uploads\/2019\/06\/aop-infinity-uv-ozone-symbol-feature-300x154.png 300w, https:\/\/www.c-m-p.com\/wp-content\/uploads\/2019\/06\/aop-infinity-uv-ozone-symbol-feature-568x291.png 568w, https:\/\/www.c-m-p.com\/wp-content\/uploads\/2019\/06\/aop-infinity-uv-ozone-symbol-feature-235x121.png 235w, https:\/\/www.c-m-p.com\/wp-content\/uploads\/2019\/06\/aop-infinity-uv-ozone-symbol-feature-307x158.png 307w\" sizes=\"auto, (max-width: 725px) 100vw, 725px\" \/><br \/>\nAOP : L&#8217;ASSAINISSEUR AVANC\u00c9 LE PLUS PUISSANT<br \/>\nLorsque la lumi\u00e8re UV germicide (UV-C) et l&#8217;ozone r\u00e9agissent via le processus d&#8217;oxydation avanc\u00e9 (AOP), de puissants radicaux hydroxyles sont produits.<span class=\"Apple-converted-space\"> <\/span><\/p>\n<p>L&#8217;AOP est consid\u00e9rablement plus puissant que les autres d\u00e9sinfectants et encore plus puissant que l&#8217;ozone seul. Les radicaux hydroxyle hautement instables r\u00e9agissent avec les contaminants par de fortes r\u00e9actions d&#8217;oxydation. Ce processus se produit presque<i> instantan\u00e9ment.<\/i><\/p>\n<p>&nbsp;<\/p>\n<p>&nbsp;<br \/>\n<img decoding=\"async\" width=\"725\" height=\"499\" src=\"https:\/\/www.c-m-p.com\/wp-content\/uploads\/2019\/06\/ozone-oxidation-symbol-feature.png\" class=\"attachment-full size-full\" alt=\"\" loading=\"lazy\" srcset=\"https:\/\/www.c-m-p.com\/wp-content\/uploads\/2019\/06\/ozone-oxidation-symbol-feature.png 725w, https:\/\/www.c-m-p.com\/wp-content\/uploads\/2019\/06\/ozone-oxidation-symbol-feature-300x206.png 300w, https:\/\/www.c-m-p.com\/wp-content\/uploads\/2019\/06\/ozone-oxidation-symbol-feature-568x391.png 568w, https:\/\/www.c-m-p.com\/wp-content\/uploads\/2019\/06\/ozone-oxidation-symbol-feature-235x162.png 235w, https:\/\/www.c-m-p.com\/wp-content\/uploads\/2019\/06\/ozone-oxidation-symbol-feature-307x211.png 307w\" sizes=\"auto, (max-width: 725px) 100vw, 725px\" \/><br \/>\nL&#8217;OZONE CR\u00c9E UNE EAU PLUS SRE, PLUS PROPRE ET PLUS CLAIRE<br \/>\nLes syst\u00e8mes \u00e0 l&#8217;ozone fournissent une eau propre, claire et s\u00fbre pour votre piscine, ainsi qu&#8217;une r\u00e9duction significative de l&#8217;utilisation de d\u00e9sinfectants chimiques.<span class=\"Apple-converted-space\"> <\/span><\/p>\n<ul>\n<li>D\u00e9truit les organismes r\u00e9sistants aux produits chimiques<\/li>\n<li>Oxyde les contaminants<\/li>\n<li>P\u00e9n\u00e8tre l&#8217;accumulation de biofilm<\/li>\n<li>Micro-clarifie l&#8217;eau du spa<\/li>\n<li>R\u00e9duit la demande de produits chimiques<\/li>\n<\/ul>\n<p>Informations importantes pour les clients Del Ozone et Aqua Sun Ozone.<br \/>\nEn 2017 et 2018, Del et ASO ont rejoint la famille de produits CMP. Les deux noms les plus respect\u00e9s et les plus exp\u00e9riment\u00e9s dans le domaine de l&#8217;ozone pour les spas portables sont maintenant sous un m\u00eame toit.<\/p>\n<p>Dans le cadre de cette transition, les deux gammes de produits sont fusionn\u00e9es pour cr\u00e9er une gamme compl\u00e8te de produits avec la meilleure technologie disponible. Voici ce que vous devez savoir\u00a0:<br \/>\nLes noms de marques<br \/>\nTous les produits passent \u00e0 la marque Del. Beaucoup de produits que vous aimez seront toujours l\u00e0, mais sous une nouvelle banni\u00e8re.<br \/>\nTransition de produit<br \/>\nBien que tous les produits resteront disponibles pendant un certain temps, une fois que toutes les exigences r\u00e9glementaires et relatives aux produits auront \u00e9t\u00e9 satisfaites, certains produits seront abandonn\u00e9s.<br \/>\nSupport<br \/>\nCMP continuera \u00e0 prendre en charge les produits sur le terrain, ou les remplacera par un produit \u00e9quivalent le cas \u00e9ch\u00e9ant.<\/p>\n","protected":false},"excerpt":{"rendered":"<p>SYST\u00c8MES D&#8217;ASSAINISSEMENT DE SPA Les d\u00e9sinfectants les plus puissants pour les spas d&#8217;arri\u00e8re-cour Une eau plus s\u00fbre, plus propre et plus claire pour bains \u00e0 remous Syst\u00e8mes h\u00e9rit\u00e9s toujours disponibles du CMP Raccords de retour d&#8217;ozone pour produits de d\u00e9sinfection de spa dans une vari\u00e9t\u00e9 de styles Nous pensons que la meilleure eau de spa&#8230;  <a href=\"https:\/\/www.c-m-p.com\/fr\/spa-assainisseurs\/\" title=\"Read Syst\u00e8mes de d\u00e9sinfection de spa\">Read more &raquo;<\/a><\/p>\n","protected":false},"author":4,"featured_media":52596,"parent":0,"menu_order":300,"comment_status":"closed","ping_status":"closed","template":"rci-flex-template.php","meta":{"_acf_changed":false,"_oasis_is_in_workflow":0,"_oasis_original":0,"_mi_skip_tracking":false,"_monsterinsights_sitenote_active":false,"_monsterinsights_sitenote_note":"","_monsterinsights_sitenote_category":0,"footnotes":""},"class_list":["post-67270","page","type-page","status-publish","has-post-thumbnail","hentry"],"acf":[],"yoast_head":"<!-- This site is optimized with the Yoast SEO plugin v27.2 - https:\/\/yoast.com\/product\/yoast-seo-wordpress\/ -->\n<title>Syst\u00e8mes de d\u00e9sinfection de spa - CMP<\/title>\n<meta name=\"robots\" content=\"index, follow, max-snippet:-1, max-image-preview:large, max-video-preview:-1\" \/>\n<link rel=\"canonical\" href=\"https:\/\/c-m-p.com\/fr\/spa-assainisseurs\/\" \/>\n<meta property=\"og:locale\" content=\"fr_FR\" \/>\n<meta property=\"og:type\" content=\"article\" \/>\n<meta property=\"og:title\" content=\"Syst\u00e8mes de d\u00e9sinfection de spa - CMP\" \/>\n<meta property=\"og:description\" content=\"SYST\u00c8MES D&#8217;ASSAINISSEMENT DE SPA Les d\u00e9sinfectants les plus puissants pour les spas d&#8217;arri\u00e8re-cour Une eau plus s\u00fbre, plus propre et plus claire pour bains \u00e0 remous Syst\u00e8mes h\u00e9rit\u00e9s toujours disponibles du CMP Raccords de retour d&#8217;ozone pour produits de d\u00e9sinfection de spa dans une vari\u00e9t\u00e9 de styles Nous pensons que la meilleure eau de spa... Read more &raquo;\" \/>\n<meta property=\"og:url\" content=\"https:\/\/c-m-p.com\/fr\/spa-assainisseurs\/\" \/>\n<meta property=\"og:site_name\" content=\"CMP\" \/>\n<meta property=\"article:modified_time\" content=\"2021-07-22T06:00:02+00:00\" \/>\n<meta property=\"og:image\" content=\"https:\/\/c-m-p.com\/wp-content\/uploads\/2019\/11\/DEL-Spa-Sanitizers-Product-Bar-Image.png\" \/>\n\t<meta property=\"og:image:width\" content=\"658\" \/>\n\t<meta property=\"og:image:height\" content=\"400\" \/>\n\t<meta property=\"og:image:type\" content=\"image\/png\" \/>\n<meta name=\"twitter:label1\" content=\"Est. reading time\" \/>\n\t<meta name=\"twitter:data1\" content=\"4 minutes\" \/>\n<script type=\"application\/ld+json\" class=\"yoast-schema-graph\">{\"@context\":\"https:\/\/schema.org\",\"@graph\":[{\"@type\":\"WebPage\",\"@id\":\"https:\/\/c-m-p.com\/fr\/spa-assainisseurs\/\",\"url\":\"https:\/\/c-m-p.com\/fr\/spa-assainisseurs\/\",\"name\":\"Syst\u00e8mes de d\u00e9sinfection de spa - CMP\",\"isPartOf\":{\"@id\":\"https:\/\/c-m-p.com\/#website\"},\"primaryImageOfPage\":{\"@id\":\"https:\/\/c-m-p.com\/fr\/spa-assainisseurs\/#primaryimage\"},\"image\":{\"@id\":\"https:\/\/c-m-p.com\/fr\/spa-assainisseurs\/#primaryimage\"},\"thumbnailUrl\":\"https:\/\/www.c-m-p.com\/wp-content\/uploads\/2019\/11\/DEL-Spa-Sanitizers-Product-Bar-Image.png\",\"datePublished\":\"2019-06-10T15:40:06+00:00\",\"dateModified\":\"2021-07-22T06:00:02+00:00\",\"breadcrumb\":{\"@id\":\"https:\/\/c-m-p.com\/fr\/spa-assainisseurs\/#breadcrumb\"},\"inLanguage\":\"fr-FR\",\"potentialAction\":[{\"@type\":\"ReadAction\",\"target\":[\"https:\/\/c-m-p.com\/fr\/spa-assainisseurs\/\"]}]},{\"@type\":\"ImageObject\",\"inLanguage\":\"fr-FR\",\"@id\":\"https:\/\/c-m-p.com\/fr\/spa-assainisseurs\/#primaryimage\",\"url\":\"https:\/\/www.c-m-p.com\/wp-content\/uploads\/2019\/11\/DEL-Spa-Sanitizers-Product-Bar-Image.png\",\"contentUrl\":\"https:\/\/www.c-m-p.com\/wp-content\/uploads\/2019\/11\/DEL-Spa-Sanitizers-Product-Bar-Image.png\",\"width\":658,\"height\":400},{\"@type\":\"BreadcrumbList\",\"@id\":\"https:\/\/c-m-p.com\/fr\/spa-assainisseurs\/#breadcrumb\",\"itemListElement\":[{\"@type\":\"ListItem\",\"position\":1,\"name\":\"Home\",\"item\":\"https:\/\/c-m-p.com\/fr\/\"},{\"@type\":\"ListItem\",\"position\":2,\"name\":\"Syst\u00e8mes de d\u00e9sinfection de spa\"}]},{\"@type\":\"WebSite\",\"@id\":\"https:\/\/c-m-p.com\/#website\",\"url\":\"https:\/\/c-m-p.com\/\",\"name\":\"CMP\",\"description\":\"Pool Products, Spa and Hot Tub Products\",\"publisher\":{\"@id\":\"https:\/\/c-m-p.com\/#organization\"},\"potentialAction\":[{\"@type\":\"SearchAction\",\"target\":{\"@type\":\"EntryPoint\",\"urlTemplate\":\"https:\/\/c-m-p.com\/?s={search_term_string}\"},\"query-input\":{\"@type\":\"PropertyValueSpecification\",\"valueRequired\":true,\"valueName\":\"search_term_string\"}}],\"inLanguage\":\"fr-FR\"},{\"@type\":\"Organization\",\"@id\":\"https:\/\/c-m-p.com\/#organization\",\"name\":\"CMP Pool & Spa Products\",\"url\":\"https:\/\/c-m-p.com\/\",\"logo\":{\"@type\":\"ImageObject\",\"inLanguage\":\"fr-FR\",\"@id\":\"https:\/\/c-m-p.com\/#\/schema\/logo\/image\/\",\"url\":\"https:\/\/43ab809dfe.nxcli.io\/wp-content\/uploads\/2013\/10\/2013-CMP-Logo.jpg\",\"contentUrl\":\"https:\/\/43ab809dfe.nxcli.io\/wp-content\/uploads\/2013\/10\/2013-CMP-Logo.jpg\",\"width\":1000,\"height\":247,\"caption\":\"CMP Pool & Spa Products\"},\"image\":{\"@id\":\"https:\/\/c-m-p.com\/#\/schema\/logo\/image\/\"}}]}<\/script>\n<!-- \/ Yoast SEO plugin. -->","yoast_head_json":{"title":"Syst\u00e8mes de d\u00e9sinfection de spa - CMP","robots":{"index":"index","follow":"follow","max-snippet":"max-snippet:-1","max-image-preview":"max-image-preview:large","max-video-preview":"max-video-preview:-1"},"canonical":"https:\/\/c-m-p.com\/fr\/spa-assainisseurs\/","og_locale":"fr_FR","og_type":"article","og_title":"Syst\u00e8mes de d\u00e9sinfection de spa - CMP","og_description":"SYST\u00c8MES D&#8217;ASSAINISSEMENT DE SPA Les d\u00e9sinfectants les plus puissants pour les spas d&#8217;arri\u00e8re-cour Une eau plus s\u00fbre, plus propre et plus claire pour bains \u00e0 remous Syst\u00e8mes h\u00e9rit\u00e9s toujours disponibles du CMP Raccords de retour d&#8217;ozone pour produits de d\u00e9sinfection de spa dans une vari\u00e9t\u00e9 de styles Nous pensons que la meilleure eau de spa... Read more &raquo;","og_url":"https:\/\/c-m-p.com\/fr\/spa-assainisseurs\/","og_site_name":"CMP","article_modified_time":"2021-07-22T06:00:02+00:00","og_image":[{"width":658,"height":400,"url":"https:\/\/c-m-p.com\/wp-content\/uploads\/2019\/11\/DEL-Spa-Sanitizers-Product-Bar-Image.png","type":"image\/png"}],"twitter_misc":{"Est. reading time":"4 minutes"},"schema":{"@context":"https:\/\/schema.org","@graph":[{"@type":"WebPage","@id":"https:\/\/c-m-p.com\/fr\/spa-assainisseurs\/","url":"https:\/\/c-m-p.com\/fr\/spa-assainisseurs\/","name":"Syst\u00e8mes de d\u00e9sinfection de spa - CMP","isPartOf":{"@id":"https:\/\/c-m-p.com\/#website"},"primaryImageOfPage":{"@id":"https:\/\/c-m-p.com\/fr\/spa-assainisseurs\/#primaryimage"},"image":{"@id":"https:\/\/c-m-p.com\/fr\/spa-assainisseurs\/#primaryimage"},"thumbnailUrl":"https:\/\/www.c-m-p.com\/wp-content\/uploads\/2019\/11\/DEL-Spa-Sanitizers-Product-Bar-Image.png","datePublished":"2019-06-10T15:40:06+00:00","dateModified":"2021-07-22T06:00:02+00:00","breadcrumb":{"@id":"https:\/\/c-m-p.com\/fr\/spa-assainisseurs\/#breadcrumb"},"inLanguage":"fr-FR","potentialAction":[{"@type":"ReadAction","target":["https:\/\/c-m-p.com\/fr\/spa-assainisseurs\/"]}]},{"@type":"ImageObject","inLanguage":"fr-FR","@id":"https:\/\/c-m-p.com\/fr\/spa-assainisseurs\/#primaryimage","url":"https:\/\/www.c-m-p.com\/wp-content\/uploads\/2019\/11\/DEL-Spa-Sanitizers-Product-Bar-Image.png","contentUrl":"https:\/\/www.c-m-p.com\/wp-content\/uploads\/2019\/11\/DEL-Spa-Sanitizers-Product-Bar-Image.png","width":658,"height":400},{"@type":"BreadcrumbList","@id":"https:\/\/c-m-p.com\/fr\/spa-assainisseurs\/#breadcrumb","itemListElement":[{"@type":"ListItem","position":1,"name":"Home","item":"https:\/\/c-m-p.com\/fr\/"},{"@type":"ListItem","position":2,"name":"Syst\u00e8mes de d\u00e9sinfection de spa"}]},{"@type":"WebSite","@id":"https:\/\/c-m-p.com\/#website","url":"https:\/\/c-m-p.com\/","name":"CMP","description":"Pool Products, Spa and Hot Tub Products","publisher":{"@id":"https:\/\/c-m-p.com\/#organization"},"potentialAction":[{"@type":"SearchAction","target":{"@type":"EntryPoint","urlTemplate":"https:\/\/c-m-p.com\/?s={search_term_string}"},"query-input":{"@type":"PropertyValueSpecification","valueRequired":true,"valueName":"search_term_string"}}],"inLanguage":"fr-FR"},{"@type":"Organization","@id":"https:\/\/c-m-p.com\/#organization","name":"CMP Pool & Spa Products","url":"https:\/\/c-m-p.com\/","logo":{"@type":"ImageObject","inLanguage":"fr-FR","@id":"https:\/\/c-m-p.com\/#\/schema\/logo\/image\/","url":"https:\/\/43ab809dfe.nxcli.io\/wp-content\/uploads\/2013\/10\/2013-CMP-Logo.jpg","contentUrl":"https:\/\/43ab809dfe.nxcli.io\/wp-content\/uploads\/2013\/10\/2013-CMP-Logo.jpg","width":1000,"height":247,"caption":"CMP Pool & Spa Products"},"image":{"@id":"https:\/\/c-m-p.com\/#\/schema\/logo\/image\/"}}]}},"_links":{"self":[{"href":"https:\/\/www.c-m-p.com\/fr\/wp-json\/wp\/v2\/pages\/67270","targetHints":{"allow":["GET"]}}],"collection":[{"href":"https:\/\/www.c-m-p.com\/fr\/wp-json\/wp\/v2\/pages"}],"about":[{"href":"https:\/\/www.c-m-p.com\/fr\/wp-json\/wp\/v2\/types\/page"}],"author":[{"embeddable":true,"href":"https:\/\/www.c-m-p.com\/fr\/wp-json\/wp\/v2\/users\/4"}],"replies":[{"embeddable":true,"href":"https:\/\/www.c-m-p.com\/fr\/wp-json\/wp\/v2\/comments?post=67270"}],"version-history":[{"count":0,"href":"https:\/\/www.c-m-p.com\/fr\/wp-json\/wp\/v2\/pages\/67270\/revisions"}],"wp:featuredmedia":[{"embeddable":true,"href":"https:\/\/www.c-m-p.com\/fr\/wp-json\/wp\/v2\/media\/52596"}],"wp:attachment":[{"href":"https:\/\/www.c-m-p.com\/fr\/wp-json\/wp\/v2\/media?parent=67270"}],"curies":[{"name":"wp","href":"https:\/\/api.w.org\/{rel}","templated":true}]}}