{"id":67982,"date":"2013-11-12T11:20:20","date_gmt":"2013-11-12T16:20:20","guid":{"rendered":"https:\/\/43ab809dfe.nxcli.io\/entreprise-info-archive\/exceptional-service\/"},"modified":"2021-07-22T08:40:43","modified_gmt":"2021-07-22T13:40:43","slug":"un-service-hors-norme","status":"publish","type":"page","link":"https:\/\/www.c-m-p.com\/fr\/un-service-hors-norme\/","title":{"rendered":"Un service hors norme"},"content":{"rendered":"<p style=\"text-align: left;\">Nous nous effor\u00e7ons d&#8217;aider nos clients \u00e0 se d\u00e9velopper. Nous croyons en l&#8217;\u00e9tablissement de relations \u00e0 long terme et nous travaillons pour comprendre les besoins commerciaux individuels de chaque client. Nous savons que pour que CMP r\u00e9ussisse, nos clients et partenaires doivent d&#8217;abord r\u00e9ussir. Vos besoins passent avant tout\u00a0: l&#8217;objectif est de vous aider \u00e0 d\u00e9velopper votre entreprise.<\/p>\n<p style=\"text-align: left;\"><img loading=\"lazy\" decoding=\"async\" class=\"aligncenter size-full wp-image-67980\" src=\"https:\/\/www.c-m-p.com\/wp-content\/uploads\/2015\/12\/awards-2015.png\" alt=\"awards-2015\" width=\"600\" height=\"334\" srcset=\"https:\/\/www.c-m-p.com\/wp-content\/uploads\/2015\/12\/awards-2015.png 600w, https:\/\/www.c-m-p.com\/wp-content\/uploads\/2015\/12\/awards-2015-300x167.png 300w, https:\/\/www.c-m-p.com\/wp-content\/uploads\/2015\/12\/awards-2015-568x316.png 568w, https:\/\/www.c-m-p.com\/wp-content\/uploads\/2015\/12\/awards-2015-235x131.png 235w, https:\/\/www.c-m-p.com\/wp-content\/uploads\/2015\/12\/awards-2015-307x171.png 307w\" sizes=\"auto, (max-width: 600px) 100vw, 600px\" \/><\/p>\n<p style=\"text-align: center;\"><span style=\"color: #888888; font-size: 1.5em;\">PRIX WINDO POUR UN SUPPORT CLIENT EXCEPTIONNEL &amp; SERVICE<\/span><\/p>\n<p style=\"text-align: center;\"><span style=\"color: #888888; font-size: 1.5em;\">IDN CUSTOMER SERVICE AWARD<\/span><\/p>\n<p style=\"text-align: center;\"><span style=\"color: #888888; font-size: 1.5em;\">IDN AWARD POUR UNE LIVRAISON EXCEPTIONNELLE \u00c0 TEMPS<\/span><\/p>\n<p style=\"text-align: center;\"><span style=\"color: #888888; font-size: 1.5em;\"> NOT\u00c9 TOP 1% DES FOURNISSEURS POOLCORP<\/span><\/p>\n<h2 style=\"text-align: center;\"><\/h2>\n<h2 style=\"text-align: center;\"><span style=\"font-size: 14px; line-height: 20px;\">\u00a0<\/span><\/h2>\n<div class=\"technology-item image-left clearfix\">\n<div class=\"image\"><img decoding=\"async\" title=\"Customer Support\" src=\"https:\/\/www.c-m-p.com\/wp-content\/uploads\/2013\/11\/corporate-Ashley-2-13.jpg\" alt=\"CMP Customer Support Team\" \/><\/div>\n<div class=\"content\">\n<div class=\"title\">L&#8217;\u00e9quipe de support client exceptionnelle et prim\u00e9e comprend\u00a0:<\/div>\n<p>Repr\u00e9sentants internes du support client<\/p>\n<p>\u00c9quipe d&#8217;assistance OEM externe<\/p>\n<p>R\u00e9seau de repr\u00e9sentants de piscines r\u00e9gionales<\/p>\n<p><a title=\"Demande d'informations\" href=\"https:\/\/www.c-m-p.com\/fr\/service-clients\/\"><span style=\"color: #d43731;\">CONTACTEZ L&#8217;ASSISTANCE CLIENT PRIM\u00c9E CMP<\/span ><\/a>\n<\/div>\n<div class=\"clearfix\"><\/div>\n<\/div>\n","protected":false},"excerpt":{"rendered":"<p>Nous nous effor\u00e7ons d&#8217;aider nos clients \u00e0 se d\u00e9velopper. Nous croyons en l&#8217;\u00e9tablissement de relations \u00e0 long terme et nous travaillons pour comprendre les besoins commerciaux individuels de chaque client. Nous savons que pour que CMP r\u00e9ussisse, nos clients et partenaires doivent d&#8217;abord r\u00e9ussir. Vos besoins passent avant tout\u00a0: l&#8217;objectif est de vous aider \u00e0&#8230;  <a href=\"https:\/\/www.c-m-p.com\/fr\/un-service-hors-norme\/\" title=\"Read Un service hors norme\">Read more &raquo;<\/a><\/p>\n","protected":false},"author":4,"featured_media":0,"parent":0,"menu_order":0,"comment_status":"open","ping_status":"closed","template":"","meta":{"_acf_changed":false,"_oasis_is_in_workflow":0,"_oasis_original":0,"_mi_skip_tracking":false,"_monsterinsights_sitenote_active":false,"_monsterinsights_sitenote_note":"","_monsterinsights_sitenote_category":0,"footnotes":""},"class_list":["post-67982","page","type-page","status-publish","hentry"],"acf":[],"yoast_head":"<!-- This site is optimized with the Yoast SEO plugin v27.2 - https:\/\/yoast.com\/product\/yoast-seo-wordpress\/ -->\n<title>Un service hors norme - CMP<\/title>\n<meta name=\"robots\" content=\"index, follow, max-snippet:-1, max-image-preview:large, max-video-preview:-1\" \/>\n<link rel=\"canonical\" href=\"https:\/\/c-m-p.com\/fr\/un-service-hors-norme\/\" \/>\n<meta property=\"og:locale\" content=\"fr_FR\" \/>\n<meta property=\"og:type\" content=\"article\" \/>\n<meta property=\"og:title\" content=\"Un service hors norme - CMP\" \/>\n<meta property=\"og:description\" content=\"Nous nous effor\u00e7ons d&#8217;aider nos clients \u00e0 se d\u00e9velopper. Nous croyons en l&#8217;\u00e9tablissement de relations \u00e0 long terme et nous travaillons pour comprendre les besoins commerciaux individuels de chaque client. Nous savons que pour que CMP r\u00e9ussisse, nos clients et partenaires doivent d&#8217;abord r\u00e9ussir. Vos besoins passent avant tout\u00a0: l&#8217;objectif est de vous aider \u00e0... Read more &raquo;\" \/>\n<meta property=\"og:url\" content=\"https:\/\/c-m-p.com\/fr\/un-service-hors-norme\/\" \/>\n<meta property=\"og:site_name\" content=\"CMP\" \/>\n<meta property=\"article:modified_time\" content=\"2021-07-22T13:40:43+00:00\" \/>\n<meta property=\"og:image\" content=\"https:\/\/c-m-p.com\/wp-content\/uploads\/2015\/12\/awards-2015.png\" \/>\n<meta name=\"twitter:label1\" content=\"Est. reading time\" \/>\n\t<meta name=\"twitter:data1\" content=\"1 minute\" \/>\n<script type=\"application\/ld+json\" class=\"yoast-schema-graph\">{\"@context\":\"https:\/\/schema.org\",\"@graph\":[{\"@type\":\"WebPage\",\"@id\":\"https:\/\/c-m-p.com\/fr\/un-service-hors-norme\/\",\"url\":\"https:\/\/c-m-p.com\/fr\/un-service-hors-norme\/\",\"name\":\"Un service hors norme - CMP\",\"isPartOf\":{\"@id\":\"https:\/\/c-m-p.com\/#website\"},\"primaryImageOfPage\":{\"@id\":\"https:\/\/c-m-p.com\/fr\/un-service-hors-norme\/#primaryimage\"},\"image\":{\"@id\":\"https:\/\/c-m-p.com\/fr\/un-service-hors-norme\/#primaryimage\"},\"thumbnailUrl\":\"https:\/\/www.c-m-p.com\/wp-content\/uploads\/2015\/12\/awards-2015.png\",\"datePublished\":\"2013-11-12T16:20:20+00:00\",\"dateModified\":\"2021-07-22T13:40:43+00:00\",\"breadcrumb\":{\"@id\":\"https:\/\/c-m-p.com\/fr\/un-service-hors-norme\/#breadcrumb\"},\"inLanguage\":\"fr-FR\",\"potentialAction\":[{\"@type\":\"ReadAction\",\"target\":[\"https:\/\/c-m-p.com\/fr\/un-service-hors-norme\/\"]}]},{\"@type\":\"ImageObject\",\"inLanguage\":\"fr-FR\",\"@id\":\"https:\/\/c-m-p.com\/fr\/un-service-hors-norme\/#primaryimage\",\"url\":\"https:\/\/www.c-m-p.com\/wp-content\/uploads\/2015\/12\/awards-2015.png\",\"contentUrl\":\"https:\/\/www.c-m-p.com\/wp-content\/uploads\/2015\/12\/awards-2015.png\"},{\"@type\":\"BreadcrumbList\",\"@id\":\"https:\/\/c-m-p.com\/fr\/un-service-hors-norme\/#breadcrumb\",\"itemListElement\":[{\"@type\":\"ListItem\",\"position\":1,\"name\":\"Home\",\"item\":\"https:\/\/c-m-p.com\/fr\/\"},{\"@type\":\"ListItem\",\"position\":2,\"name\":\"Un service hors norme\"}]},{\"@type\":\"WebSite\",\"@id\":\"https:\/\/c-m-p.com\/#website\",\"url\":\"https:\/\/c-m-p.com\/\",\"name\":\"CMP\",\"description\":\"Pool Products, Spa and Hot Tub Products\",\"publisher\":{\"@id\":\"https:\/\/c-m-p.com\/#organization\"},\"potentialAction\":[{\"@type\":\"SearchAction\",\"target\":{\"@type\":\"EntryPoint\",\"urlTemplate\":\"https:\/\/c-m-p.com\/?s={search_term_string}\"},\"query-input\":{\"@type\":\"PropertyValueSpecification\",\"valueRequired\":true,\"valueName\":\"search_term_string\"}}],\"inLanguage\":\"fr-FR\"},{\"@type\":\"Organization\",\"@id\":\"https:\/\/c-m-p.com\/#organization\",\"name\":\"CMP Pool & Spa Products\",\"url\":\"https:\/\/c-m-p.com\/\",\"logo\":{\"@type\":\"ImageObject\",\"inLanguage\":\"fr-FR\",\"@id\":\"https:\/\/c-m-p.com\/#\/schema\/logo\/image\/\",\"url\":\"https:\/\/43ab809dfe.nxcli.io\/wp-content\/uploads\/2013\/10\/2013-CMP-Logo.jpg\",\"contentUrl\":\"https:\/\/43ab809dfe.nxcli.io\/wp-content\/uploads\/2013\/10\/2013-CMP-Logo.jpg\",\"width\":1000,\"height\":247,\"caption\":\"CMP Pool & Spa Products\"},\"image\":{\"@id\":\"https:\/\/c-m-p.com\/#\/schema\/logo\/image\/\"}}]}<\/script>\n<!-- \/ Yoast SEO plugin. -->","yoast_head_json":{"title":"Un service hors norme - CMP","robots":{"index":"index","follow":"follow","max-snippet":"max-snippet:-1","max-image-preview":"max-image-preview:large","max-video-preview":"max-video-preview:-1"},"canonical":"https:\/\/c-m-p.com\/fr\/un-service-hors-norme\/","og_locale":"fr_FR","og_type":"article","og_title":"Un service hors norme - CMP","og_description":"Nous nous effor\u00e7ons d&#8217;aider nos clients \u00e0 se d\u00e9velopper. Nous croyons en l&#8217;\u00e9tablissement de relations \u00e0 long terme et nous travaillons pour comprendre les besoins commerciaux individuels de chaque client. Nous savons que pour que CMP r\u00e9ussisse, nos clients et partenaires doivent d&#8217;abord r\u00e9ussir. Vos besoins passent avant tout\u00a0: l&#8217;objectif est de vous aider \u00e0... Read more &raquo;","og_url":"https:\/\/c-m-p.com\/fr\/un-service-hors-norme\/","og_site_name":"CMP","article_modified_time":"2021-07-22T13:40:43+00:00","og_image":[{"url":"https:\/\/c-m-p.com\/wp-content\/uploads\/2015\/12\/awards-2015.png","type":"","width":"","height":""}],"twitter_misc":{"Est. reading time":"1 minute"},"schema":{"@context":"https:\/\/schema.org","@graph":[{"@type":"WebPage","@id":"https:\/\/c-m-p.com\/fr\/un-service-hors-norme\/","url":"https:\/\/c-m-p.com\/fr\/un-service-hors-norme\/","name":"Un service hors norme - CMP","isPartOf":{"@id":"https:\/\/c-m-p.com\/#website"},"primaryImageOfPage":{"@id":"https:\/\/c-m-p.com\/fr\/un-service-hors-norme\/#primaryimage"},"image":{"@id":"https:\/\/c-m-p.com\/fr\/un-service-hors-norme\/#primaryimage"},"thumbnailUrl":"https:\/\/www.c-m-p.com\/wp-content\/uploads\/2015\/12\/awards-2015.png","datePublished":"2013-11-12T16:20:20+00:00","dateModified":"2021-07-22T13:40:43+00:00","breadcrumb":{"@id":"https:\/\/c-m-p.com\/fr\/un-service-hors-norme\/#breadcrumb"},"inLanguage":"fr-FR","potentialAction":[{"@type":"ReadAction","target":["https:\/\/c-m-p.com\/fr\/un-service-hors-norme\/"]}]},{"@type":"ImageObject","inLanguage":"fr-FR","@id":"https:\/\/c-m-p.com\/fr\/un-service-hors-norme\/#primaryimage","url":"https:\/\/www.c-m-p.com\/wp-content\/uploads\/2015\/12\/awards-2015.png","contentUrl":"https:\/\/www.c-m-p.com\/wp-content\/uploads\/2015\/12\/awards-2015.png"},{"@type":"BreadcrumbList","@id":"https:\/\/c-m-p.com\/fr\/un-service-hors-norme\/#breadcrumb","itemListElement":[{"@type":"ListItem","position":1,"name":"Home","item":"https:\/\/c-m-p.com\/fr\/"},{"@type":"ListItem","position":2,"name":"Un service hors norme"}]},{"@type":"WebSite","@id":"https:\/\/c-m-p.com\/#website","url":"https:\/\/c-m-p.com\/","name":"CMP","description":"Pool Products, Spa and Hot Tub Products","publisher":{"@id":"https:\/\/c-m-p.com\/#organization"},"potentialAction":[{"@type":"SearchAction","target":{"@type":"EntryPoint","urlTemplate":"https:\/\/c-m-p.com\/?s={search_term_string}"},"query-input":{"@type":"PropertyValueSpecification","valueRequired":true,"valueName":"search_term_string"}}],"inLanguage":"fr-FR"},{"@type":"Organization","@id":"https:\/\/c-m-p.com\/#organization","name":"CMP Pool & Spa Products","url":"https:\/\/c-m-p.com\/","logo":{"@type":"ImageObject","inLanguage":"fr-FR","@id":"https:\/\/c-m-p.com\/#\/schema\/logo\/image\/","url":"https:\/\/43ab809dfe.nxcli.io\/wp-content\/uploads\/2013\/10\/2013-CMP-Logo.jpg","contentUrl":"https:\/\/43ab809dfe.nxcli.io\/wp-content\/uploads\/2013\/10\/2013-CMP-Logo.jpg","width":1000,"height":247,"caption":"CMP Pool & Spa Products"},"image":{"@id":"https:\/\/c-m-p.com\/#\/schema\/logo\/image\/"}}]}},"_links":{"self":[{"href":"https:\/\/www.c-m-p.com\/fr\/wp-json\/wp\/v2\/pages\/67982","targetHints":{"allow":["GET"]}}],"collection":[{"href":"https:\/\/www.c-m-p.com\/fr\/wp-json\/wp\/v2\/pages"}],"about":[{"href":"https:\/\/www.c-m-p.com\/fr\/wp-json\/wp\/v2\/types\/page"}],"author":[{"embeddable":true,"href":"https:\/\/www.c-m-p.com\/fr\/wp-json\/wp\/v2\/users\/4"}],"replies":[{"embeddable":true,"href":"https:\/\/www.c-m-p.com\/fr\/wp-json\/wp\/v2\/comments?post=67982"}],"version-history":[{"count":0,"href":"https:\/\/www.c-m-p.com\/fr\/wp-json\/wp\/v2\/pages\/67982\/revisions"}],"wp:attachment":[{"href":"https:\/\/www.c-m-p.com\/fr\/wp-json\/wp\/v2\/media?parent=67982"}],"curies":[{"name":"wp","href":"https:\/\/api.w.org\/{rel}","templated":true}]}}