{"id":68219,"date":"2013-10-04T18:23:01","date_gmt":"2013-10-04T23:23:01","guid":{"rendered":"https:\/\/43ab809dfe.nxcli.io\/produits-de-piscine\/produits-blancs\/repair-fittings\/"},"modified":"2021-07-23T08:18:09","modified_gmt":"2021-07-23T13:18:09","slug":"raccords-de-reparation","status":"publish","type":"page","link":"https:\/\/www.c-m-p.com\/fr\/produits-de-piscine\/produits-blancs\/raccords-de-reparation\/","title":{"rendered":"Raccords de r\u00e9paration"},"content":{"rendered":"<p align=\"LEFT\">CMP s&#8217;engage sur des solutions innovantes qui facilitent le travail du professionnel de la piscine. Notre gamme de raccords de r\u00e9paration CMP Pro Tool est la plus compl\u00e8te et la plus efficace de l&#8217;industrie. La gamme de produits comprend des joints \u00e0 clipser, des rallonges de tuyaux, des coupleurs int\u00e9rieurs, des rallonges de montage et m\u00eame des adaptateurs d&#8217;\u00e9clairage au sol pour aider \u00e0 r\u00e9parer les niches lumineuses cass\u00e9es.<\/p>\n<p>&nbsp;<\/p>\n","protected":false},"excerpt":{"rendered":"<p>CMP s&#8217;engage sur des solutions innovantes qui facilitent le travail du professionnel de la piscine. Notre gamme de raccords de r\u00e9paration CMP Pro Tool est la plus compl\u00e8te et la plus efficace de l&#8217;industrie. La gamme de produits comprend des joints \u00e0 clipser, des rallonges de tuyaux, des coupleurs int\u00e9rieurs, des rallonges de montage et&#8230;  <a href=\"https:\/\/www.c-m-p.com\/fr\/produits-de-piscine\/produits-blancs\/raccords-de-reparation\/\" title=\"Read Raccords de r\u00e9paration\">Read more &raquo;<\/a><\/p>\n","protected":false},"author":1,"featured_media":37136,"parent":63797,"menu_order":1000,"comment_status":"open","ping_status":"open","template":"templates\/collection_page.php","meta":{"_acf_changed":false,"_oasis_is_in_workflow":0,"_oasis_original":0,"_mi_skip_tracking":false,"_monsterinsights_sitenote_active":false,"_monsterinsights_sitenote_note":"","_monsterinsights_sitenote_category":0,"footnotes":""},"class_list":["post-68219","page","type-page","status-publish","has-post-thumbnail","hentry"],"acf":[],"yoast_head":"<!-- This site is optimized with the Yoast SEO plugin v27.2 - https:\/\/yoast.com\/product\/yoast-seo-wordpress\/ -->\n<title>Raccords de r\u00e9paration - CMP<\/title>\n<meta name=\"robots\" content=\"index, follow, max-snippet:-1, max-image-preview:large, max-video-preview:-1\" \/>\n<link rel=\"canonical\" href=\"https:\/\/c-m-p.com\/fr\/produits-de-piscine\/produits-blancs\/raccords-de-reparation\/\" \/>\n<meta property=\"og:locale\" content=\"fr_FR\" \/>\n<meta property=\"og:type\" content=\"article\" \/>\n<meta property=\"og:title\" content=\"Raccords de r\u00e9paration - CMP\" \/>\n<meta property=\"og:description\" content=\"CMP s&#8217;engage sur des solutions innovantes qui facilitent le travail du professionnel de la piscine. Notre gamme de raccords de r\u00e9paration CMP Pro Tool est la plus compl\u00e8te et la plus efficace de l&#8217;industrie. La gamme de produits comprend des joints \u00e0 clipser, des rallonges de tuyaux, des coupleurs int\u00e9rieurs, des rallonges de montage et... Read more &raquo;\" \/>\n<meta property=\"og:url\" content=\"https:\/\/c-m-p.com\/fr\/produits-de-piscine\/produits-blancs\/raccords-de-reparation\/\" \/>\n<meta property=\"og:site_name\" content=\"CMP\" \/>\n<meta property=\"article:modified_time\" content=\"2021-07-23T13:18:09+00:00\" \/>\n<meta property=\"og:image\" content=\"https:\/\/c-m-p.com\/wp-content\/uploads\/2013\/10\/repair-fitting-pro-tool-feature.png\" \/>\n\t<meta property=\"og:image:width\" content=\"600\" \/>\n\t<meta property=\"og:image:height\" content=\"334\" \/>\n\t<meta property=\"og:image:type\" content=\"image\/png\" \/>\n<script type=\"application\/ld+json\" class=\"yoast-schema-graph\">{\"@context\":\"https:\/\/schema.org\",\"@graph\":[{\"@type\":\"WebPage\",\"@id\":\"https:\/\/c-m-p.com\/fr\/produits-de-piscine\/produits-blancs\/raccords-de-reparation\/\",\"url\":\"https:\/\/c-m-p.com\/fr\/produits-de-piscine\/produits-blancs\/raccords-de-reparation\/\",\"name\":\"Raccords de r\u00e9paration - CMP\",\"isPartOf\":{\"@id\":\"https:\/\/c-m-p.com\/#website\"},\"primaryImageOfPage\":{\"@id\":\"https:\/\/c-m-p.com\/fr\/produits-de-piscine\/produits-blancs\/raccords-de-reparation\/#primaryimage\"},\"image\":{\"@id\":\"https:\/\/c-m-p.com\/fr\/produits-de-piscine\/produits-blancs\/raccords-de-reparation\/#primaryimage\"},\"thumbnailUrl\":\"https:\/\/www.c-m-p.com\/wp-content\/uploads\/2013\/10\/repair-fitting-pro-tool-feature.png\",\"datePublished\":\"2013-10-04T23:23:01+00:00\",\"dateModified\":\"2021-07-23T13:18:09+00:00\",\"breadcrumb\":{\"@id\":\"https:\/\/c-m-p.com\/fr\/produits-de-piscine\/produits-blancs\/raccords-de-reparation\/#breadcrumb\"},\"inLanguage\":\"fr-FR\",\"potentialAction\":[{\"@type\":\"ReadAction\",\"target\":[\"https:\/\/c-m-p.com\/fr\/produits-de-piscine\/produits-blancs\/raccords-de-reparation\/\"]}]},{\"@type\":\"ImageObject\",\"inLanguage\":\"fr-FR\",\"@id\":\"https:\/\/c-m-p.com\/fr\/produits-de-piscine\/produits-blancs\/raccords-de-reparation\/#primaryimage\",\"url\":\"https:\/\/www.c-m-p.com\/wp-content\/uploads\/2013\/10\/repair-fitting-pro-tool-feature.png\",\"contentUrl\":\"https:\/\/www.c-m-p.com\/wp-content\/uploads\/2013\/10\/repair-fitting-pro-tool-feature.png\",\"width\":600,\"height\":334,\"caption\":\"REPAIR FITTINGS\"},{\"@type\":\"BreadcrumbList\",\"@id\":\"https:\/\/c-m-p.com\/fr\/produits-de-piscine\/produits-blancs\/raccords-de-reparation\/#breadcrumb\",\"itemListElement\":[{\"@type\":\"ListItem\",\"position\":1,\"name\":\"Home\",\"item\":\"https:\/\/c-m-p.com\/fr\/\"},{\"@type\":\"ListItem\",\"position\":2,\"name\":\"Produits de piscine\",\"item\":\"https:\/\/c-m-p.com\/fr\/produits-de-piscine\/\"},{\"@type\":\"ListItem\",\"position\":3,\"name\":\"Produits blancs\",\"item\":\"https:\/\/c-m-p.com\/fr\/produits-de-piscine\/produits-blancs\/\"},{\"@type\":\"ListItem\",\"position\":4,\"name\":\"Raccords de r\u00e9paration\"}]},{\"@type\":\"WebSite\",\"@id\":\"https:\/\/c-m-p.com\/#website\",\"url\":\"https:\/\/c-m-p.com\/\",\"name\":\"CMP\",\"description\":\"Pool Products, Spa and Hot Tub Products\",\"publisher\":{\"@id\":\"https:\/\/c-m-p.com\/#organization\"},\"potentialAction\":[{\"@type\":\"SearchAction\",\"target\":{\"@type\":\"EntryPoint\",\"urlTemplate\":\"https:\/\/c-m-p.com\/?s={search_term_string}\"},\"query-input\":{\"@type\":\"PropertyValueSpecification\",\"valueRequired\":true,\"valueName\":\"search_term_string\"}}],\"inLanguage\":\"fr-FR\"},{\"@type\":\"Organization\",\"@id\":\"https:\/\/c-m-p.com\/#organization\",\"name\":\"CMP Pool & Spa Products\",\"url\":\"https:\/\/c-m-p.com\/\",\"logo\":{\"@type\":\"ImageObject\",\"inLanguage\":\"fr-FR\",\"@id\":\"https:\/\/c-m-p.com\/#\/schema\/logo\/image\/\",\"url\":\"https:\/\/43ab809dfe.nxcli.io\/wp-content\/uploads\/2013\/10\/2013-CMP-Logo.jpg\",\"contentUrl\":\"https:\/\/43ab809dfe.nxcli.io\/wp-content\/uploads\/2013\/10\/2013-CMP-Logo.jpg\",\"width\":1000,\"height\":247,\"caption\":\"CMP Pool & Spa Products\"},\"image\":{\"@id\":\"https:\/\/c-m-p.com\/#\/schema\/logo\/image\/\"}}]}<\/script>\n<!-- \/ Yoast SEO plugin. -->","yoast_head_json":{"title":"Raccords de r\u00e9paration - CMP","robots":{"index":"index","follow":"follow","max-snippet":"max-snippet:-1","max-image-preview":"max-image-preview:large","max-video-preview":"max-video-preview:-1"},"canonical":"https:\/\/c-m-p.com\/fr\/produits-de-piscine\/produits-blancs\/raccords-de-reparation\/","og_locale":"fr_FR","og_type":"article","og_title":"Raccords de r\u00e9paration - CMP","og_description":"CMP s&#8217;engage sur des solutions innovantes qui facilitent le travail du professionnel de la piscine. Notre gamme de raccords de r\u00e9paration CMP Pro Tool est la plus compl\u00e8te et la plus efficace de l&#8217;industrie. La gamme de produits comprend des joints \u00e0 clipser, des rallonges de tuyaux, des coupleurs int\u00e9rieurs, des rallonges de montage et... Read more &raquo;","og_url":"https:\/\/c-m-p.com\/fr\/produits-de-piscine\/produits-blancs\/raccords-de-reparation\/","og_site_name":"CMP","article_modified_time":"2021-07-23T13:18:09+00:00","og_image":[{"width":600,"height":334,"url":"https:\/\/c-m-p.com\/wp-content\/uploads\/2013\/10\/repair-fitting-pro-tool-feature.png","type":"image\/png"}],"schema":{"@context":"https:\/\/schema.org","@graph":[{"@type":"WebPage","@id":"https:\/\/c-m-p.com\/fr\/produits-de-piscine\/produits-blancs\/raccords-de-reparation\/","url":"https:\/\/c-m-p.com\/fr\/produits-de-piscine\/produits-blancs\/raccords-de-reparation\/","name":"Raccords de r\u00e9paration - CMP","isPartOf":{"@id":"https:\/\/c-m-p.com\/#website"},"primaryImageOfPage":{"@id":"https:\/\/c-m-p.com\/fr\/produits-de-piscine\/produits-blancs\/raccords-de-reparation\/#primaryimage"},"image":{"@id":"https:\/\/c-m-p.com\/fr\/produits-de-piscine\/produits-blancs\/raccords-de-reparation\/#primaryimage"},"thumbnailUrl":"https:\/\/www.c-m-p.com\/wp-content\/uploads\/2013\/10\/repair-fitting-pro-tool-feature.png","datePublished":"2013-10-04T23:23:01+00:00","dateModified":"2021-07-23T13:18:09+00:00","breadcrumb":{"@id":"https:\/\/c-m-p.com\/fr\/produits-de-piscine\/produits-blancs\/raccords-de-reparation\/#breadcrumb"},"inLanguage":"fr-FR","potentialAction":[{"@type":"ReadAction","target":["https:\/\/c-m-p.com\/fr\/produits-de-piscine\/produits-blancs\/raccords-de-reparation\/"]}]},{"@type":"ImageObject","inLanguage":"fr-FR","@id":"https:\/\/c-m-p.com\/fr\/produits-de-piscine\/produits-blancs\/raccords-de-reparation\/#primaryimage","url":"https:\/\/www.c-m-p.com\/wp-content\/uploads\/2013\/10\/repair-fitting-pro-tool-feature.png","contentUrl":"https:\/\/www.c-m-p.com\/wp-content\/uploads\/2013\/10\/repair-fitting-pro-tool-feature.png","width":600,"height":334,"caption":"REPAIR FITTINGS"},{"@type":"BreadcrumbList","@id":"https:\/\/c-m-p.com\/fr\/produits-de-piscine\/produits-blancs\/raccords-de-reparation\/#breadcrumb","itemListElement":[{"@type":"ListItem","position":1,"name":"Home","item":"https:\/\/c-m-p.com\/fr\/"},{"@type":"ListItem","position":2,"name":"Produits de piscine","item":"https:\/\/c-m-p.com\/fr\/produits-de-piscine\/"},{"@type":"ListItem","position":3,"name":"Produits blancs","item":"https:\/\/c-m-p.com\/fr\/produits-de-piscine\/produits-blancs\/"},{"@type":"ListItem","position":4,"name":"Raccords de r\u00e9paration"}]},{"@type":"WebSite","@id":"https:\/\/c-m-p.com\/#website","url":"https:\/\/c-m-p.com\/","name":"CMP","description":"Pool Products, Spa and Hot Tub Products","publisher":{"@id":"https:\/\/c-m-p.com\/#organization"},"potentialAction":[{"@type":"SearchAction","target":{"@type":"EntryPoint","urlTemplate":"https:\/\/c-m-p.com\/?s={search_term_string}"},"query-input":{"@type":"PropertyValueSpecification","valueRequired":true,"valueName":"search_term_string"}}],"inLanguage":"fr-FR"},{"@type":"Organization","@id":"https:\/\/c-m-p.com\/#organization","name":"CMP Pool & Spa Products","url":"https:\/\/c-m-p.com\/","logo":{"@type":"ImageObject","inLanguage":"fr-FR","@id":"https:\/\/c-m-p.com\/#\/schema\/logo\/image\/","url":"https:\/\/43ab809dfe.nxcli.io\/wp-content\/uploads\/2013\/10\/2013-CMP-Logo.jpg","contentUrl":"https:\/\/43ab809dfe.nxcli.io\/wp-content\/uploads\/2013\/10\/2013-CMP-Logo.jpg","width":1000,"height":247,"caption":"CMP Pool & Spa Products"},"image":{"@id":"https:\/\/c-m-p.com\/#\/schema\/logo\/image\/"}}]}},"_links":{"self":[{"href":"https:\/\/www.c-m-p.com\/fr\/wp-json\/wp\/v2\/pages\/68219","targetHints":{"allow":["GET"]}}],"collection":[{"href":"https:\/\/www.c-m-p.com\/fr\/wp-json\/wp\/v2\/pages"}],"about":[{"href":"https:\/\/www.c-m-p.com\/fr\/wp-json\/wp\/v2\/types\/page"}],"author":[{"embeddable":true,"href":"https:\/\/www.c-m-p.com\/fr\/wp-json\/wp\/v2\/users\/1"}],"replies":[{"embeddable":true,"href":"https:\/\/www.c-m-p.com\/fr\/wp-json\/wp\/v2\/comments?post=68219"}],"version-history":[{"count":0,"href":"https:\/\/www.c-m-p.com\/fr\/wp-json\/wp\/v2\/pages\/68219\/revisions"}],"up":[{"embeddable":true,"href":"https:\/\/www.c-m-p.com\/fr\/wp-json\/wp\/v2\/pages\/63797"}],"wp:featuredmedia":[{"embeddable":true,"href":"https:\/\/www.c-m-p.com\/fr\/wp-json\/wp\/v2\/media\/37136"}],"wp:attachment":[{"href":"https:\/\/www.c-m-p.com\/fr\/wp-json\/wp\/v2\/media?parent=68219"}],"curies":[{"name":"wp","href":"https:\/\/api.w.org\/{rel}","templated":true}]}}